{"id":1724,"date":"2024-07-23T18:14:15","date_gmt":"2024-07-23T18:14:15","guid":{"rendered":"https:\/\/offroop.hu\/kontakt\/"},"modified":"2026-05-04T14:46:02","modified_gmt":"2026-05-04T14:46:02","slug":"kontakt","status":"publish","type":"page","link":"https:\/\/offroop.hu\/de\/kontakt\/","title":{"rendered":"Kontakt"},"content":{"rendered":"<p>[et_pb_section fb_built=&#8220;1&#8243; fullwidth=&#8220;on&#8220; _builder_version=&#8220;4.27.0&#8243; _module_preset=&#8220;default&#8220; global_colors_info=&#8220;{}&#8220;][et_pb_fullwidth_menu _builder_version=&#8220;4.27.0&#8243; _module_preset=&#8220;default&#8220; global_colors_info=&#8220;{}&#8220;][\/et_pb_fullwidth_menu][\/et_pb_section][et_pb_section fb_built=&#8220;1&#8243; _builder_version=&#8220;4.25.2&#8243; _module_preset=&#8220;default&#8220; global_colors_info=&#8220;{}&#8220;][et_pb_row column_structure=&#8220;1_2,1_2&#8243; _builder_version=&#8220;4.25.2&#8243; _module_preset=&#8220;default&#8220; global_colors_info=&#8220;{}&#8220;][et_pb_column type=&#8220;1_2&#8243; _builder_version=&#8220;4.25.2&#8243; _module_preset=&#8220;default&#8220; global_colors_info=&#8220;{}&#8220;][et_pb_image src=&#8220;https:\/\/offroop.hu\/wp-content\/uploads\/2024\/07\/logo-scaled.webp&#8220; title_text=&#8220;Logo&#8220; _builder_version=&#8220;4.25.2&#8243; _module_preset=&#8220;default&#8220; global_colors_info=&#8220;{}&#8220;][\/et_pb_image][et_pb_text _builder_version=&#8220;4.27.0&#8243; _module_preset=&#8220;default&#8220; custom_padding=&#8220;||0px|||&#8220; global_colors_info=&#8220;{}&#8220;]<\/p>\n<div class=\"sppb-col-md-6\" id=\"column-wrap-id-1678444325135\">\n<div id=\"column-id-1678444325135\" class=\"sppb-column\">\n<div class=\"sppb-column-addons\">\n<div id=\"sppb-addon-wrapper-1678444325143\" class=\"sppb-addon-wrapper\">\n<div id=\"sppb-addon-1678444325143\" class=\" sppb-wow fadeInLeft clearfix  sppb-animated\" data-sppb-wow-duration=\"300ms\">\n<div class=\"sppb-addon sppb-addon-text-block  \">\n<div class=\"sppb-addon-content\">\n<div>\n<div class=\"sppb-col-md-6\" id=\"column-wrap-id-1678444325135\">\n<div id=\"column-id-1678444325135\" class=\"sppb-column\">\n<div class=\"sppb-column-addons\">\n<div id=\"sppb-addon-wrapper-1678444325143\" class=\"sppb-addon-wrapper\">\n<div id=\"sppb-addon-1678444325143\" class=\" sppb-wow fadeInLeft clearfix  sppb-animated\" data-sppb-wow-duration=\"300ms\">\n<div class=\"sppb-addon sppb-addon-text-block  \">\n<div class=\"sppb-addon-content\">\n<div>\n<div id=\"sppb-addon-wrapper-1678444325143\" class=\"sppb-addon-wrapper\">\n<div id=\"sppb-addon-1678444325143\" class=\" sppb-wow fadeInLeft clearfix  sppb-animated\" data-sppb-wow-duration=\"300ms\">\n<div class=\"sppb-addon sppb-addon-text-block  \">\n<div class=\"sppb-addon-content\">\n<div>\n<div id=\"sppb-addon-wrapper-1678444325143\" class=\"sppb-addon-wrapper\">\n<div id=\"sppb-addon-1678444325143\" class=\" sppb-wow fadeInLeft clearfix  sppb-animated\" data-sppb-wow-duration=\"300ms\">\n<div class=\"sppb-addon sppb-addon-text-block  \">\n<div class=\"sppb-addon-content\">\n<p><span>Kontakt: K\u00e1roly S\u00fcle<\/span><\/p>\n<p><span>Mobil:\u00a0<a href=\"tel:+36 20 328 1368\">+36 20 938 7574<\/a><\/span><br \/><span>E-mail: <a href=\"mailto:milan.gyurkovics@offroop.hu\">sule.karoly@t-online.hu<\/a><br \/><\/span><span>\u00a0 \u00a0 \u00a0 \u00a0 \u00a0 \u00a0 \u00a0<\/span><br \/><span>Webpage: <a href=\"http:\/\/www.offroop.hu\/\">www.offroop.hu<\/a><\/span><\/p>\n<p><span>Firmenname: Control Trade Bt.<\/span><br \/><span>Adresse: <a href=\"https:\/\/maps.app.goo.gl\/1F4hCzzi8qDfDv7F8\">9086 T\u00f6lt\u00e9stava, Panor\u00e1ma utca 2.<\/a><\/span><br \/><span>Steuernummer: 20371241-2-08<\/span><\/p>\n<\/div>\n<\/div>\n<\/div>\n<\/div>\n<div id=\"sppb-addon-wrapper-1679387141397\" class=\"sppb-addon-wrapper\">\n<div id=\"sppb-addon-1679387141397\" class=\" sppb-wow fadeInLeft clearfix  sppb-animated\" data-sppb-wow-duration=\"300ms\">\n<div class=\"sppb-addon sppb-addon-text-block  \"><\/div>\n<\/div>\n<\/div>\n<\/div>\n<\/div>\n<\/div>\n<\/div>\n<\/div>\n<\/div>\n<\/div>\n<\/div>\n<\/div>\n<\/div>\n<\/div>\n<\/div>\n<\/div>\n<\/div>\n<\/div>\n<\/div>\n<\/div>\n<\/div>\n<\/div>\n<\/div>\n<\/div>\n<p>[\/et_pb_text][et_pb_contact_form email=&#8220;info@offroop.hu&#8220; custom_message=&#8220;Name: %%Name%%: %%Email%%: %%Message%%&#8220; _builder_version=&#8220;4.27.0&#8243; _module_preset=&#8220;default&#8220; _unique_id=&#8220;b320cd97-74e3-4ae6-86c8-def28d1429a4&#8243; global_colors_info=&#8220;{}&#8220;][et_pb_contact_field field_id=&#8220;Name&#8220; field_title=&#8220;Name&#8220; _builder_version=&#8220;4.16&#8243; global_colors_info=&#8220;{}&#8220; button_text_size__hover_enabled=&#8220;off&#8220; button_one_text_size__hover_enabled=&#8220;off&#8220; button_two_text_size__hover_enabled=&#8220;off&#8220; button_text_color__hover_enabled=&#8220;off&#8220; button_one_text_color__hover_enabled=&#8220;off&#8220; button_two_text_color__hover_enabled=&#8220;off&#8220; button_border_width__hover_enabled=&#8220;off&#8220; button_one_border_width__hover_enabled=&#8220;off&#8220; button_two_border_width__hover_enabled=&#8220;off&#8220; button_border_color__hover_enabled=&#8220;off&#8220; button_one_border_color__hover_enabled=&#8220;off&#8220; button_two_border_color__hover_enabled=&#8220;off&#8220; button_border_radius__hover_enabled=&#8220;off&#8220; button_one_border_radius__hover_enabled=&#8220;off&#8220; button_two_border_radius__hover_enabled=&#8220;off&#8220; button_letter_spacing__hover_enabled=&#8220;off&#8220; button_one_letter_spacing__hover_enabled=&#8220;off&#8220; button_two_letter_spacing__hover_enabled=&#8220;off&#8220; button_bg_color__hover_enabled=&#8220;off&#8220; button_one_bg_color__hover_enabled=&#8220;off&#8220; button_two_bg_color__hover_enabled=&#8220;off&#8220;][\/et_pb_contact_field][et_pb_contact_field field_id=&#8220;Email&#8220; field_title=&#8220;E-Mail *&#8220; field_type=&#8220;email&#8220; _builder_version=&#8220;4.16&#8243; global_colors_info=&#8220;{}&#8220; button_text_size__hover_enabled=&#8220;off&#8220; button_one_text_size__hover_enabled=&#8220;off&#8220; button_two_text_size__hover_enabled=&#8220;off&#8220; button_text_color__hover_enabled=&#8220;off&#8220; button_one_text_color__hover_enabled=&#8220;off&#8220; button_two_text_color__hover_enabled=&#8220;off&#8220; button_border_width__hover_enabled=&#8220;off&#8220; button_one_border_width__hover_enabled=&#8220;off&#8220; button_two_border_width__hover_enabled=&#8220;off&#8220; button_border_color__hover_enabled=&#8220;off&#8220; button_one_border_color__hover_enabled=&#8220;off&#8220; button_two_border_color__hover_enabled=&#8220;off&#8220; button_border_radius__hover_enabled=&#8220;off&#8220; button_one_border_radius__hover_enabled=&#8220;off&#8220; button_two_border_radius__hover_enabled=&#8220;off&#8220; button_letter_spacing__hover_enabled=&#8220;off&#8220; button_one_letter_spacing__hover_enabled=&#8220;off&#8220; button_two_letter_spacing__hover_enabled=&#8220;off&#8220; button_bg_color__hover_enabled=&#8220;off&#8220; button_one_bg_color__hover_enabled=&#8220;off&#8220; button_two_bg_color__hover_enabled=&#8220;off&#8220;][\/et_pb_contact_field][et_pb_contact_field field_id=&#8220;Message&#8220; field_title=&#8220;Nachricht *&#8220; field_type=&#8220;text&#8220; fullwidth_field=&#8220;on&#8220; _builder_version=&#8220;4.16&#8243; global_colors_info=&#8220;{}&#8220; button_text_size__hover_enabled=&#8220;off&#8220; button_one_text_size__hover_enabled=&#8220;off&#8220; button_two_text_size__hover_enabled=&#8220;off&#8220; button_text_color__hover_enabled=&#8220;off&#8220; button_one_text_color__hover_enabled=&#8220;off&#8220; button_two_text_color__hover_enabled=&#8220;off&#8220; button_border_width__hover_enabled=&#8220;off&#8220; button_one_border_width__hover_enabled=&#8220;off&#8220; button_two_border_width__hover_enabled=&#8220;off&#8220; button_border_color__hover_enabled=&#8220;off&#8220; button_one_border_color__hover_enabled=&#8220;off&#8220; button_two_border_color__hover_enabled=&#8220;off&#8220; button_border_radius__hover_enabled=&#8220;off&#8220; button_one_border_radius__hover_enabled=&#8220;off&#8220; button_two_border_radius__hover_enabled=&#8220;off&#8220; button_letter_spacing__hover_enabled=&#8220;off&#8220; button_one_letter_spacing__hover_enabled=&#8220;off&#8220; button_two_letter_spacing__hover_enabled=&#8220;off&#8220; button_bg_color__hover_enabled=&#8220;off&#8220; button_one_bg_color__hover_enabled=&#8220;off&#8220; button_two_bg_color__hover_enabled=&#8220;off&#8220;][\/et_pb_contact_field][\/et_pb_contact_form][\/et_pb_column][et_pb_column type=&#8220;1_2&#8243; _builder_version=&#8220;4.25.2&#8243; _module_preset=&#8220;default&#8220; global_colors_info=&#8220;{}&#8220;][lwp_image_carousel gallery_ids=&#8220;161,116,450,321,258,194,188,164,158,85,159,143,144&#8243; slides_show=&#8220;1&#8243; _builder_version=&#8220;4.27.0&#8243; _module_preset=&#8220;default&#8220; global_colors_info=&#8220;{}&#8220;][\/lwp_image_carousel][\/et_pb_column][\/et_pb_row][\/et_pb_section][et_pb_section fb_built=&#8220;1&#8243; _builder_version=&#8220;4.25.2&#8243; _module_preset=&#8220;default&#8220; background_color=&#8220;gcid-ea7f811c-db20-4b53-b311-cb5f0c816516&#8243; custom_margin=&#8220;0px|0px|0px|0px|false|false&#8220; custom_padding=&#8220;30px|15px|30px|15px|true|true&#8220; global_colors_info=&#8220;{%22gcid-ea7f811c-db20-4b53-b311-cb5f0c816516%22:%91%22background_color%22%93}&#8220;][et_pb_row column_structure=&#8220;1_3,1_3,1_3&#8243; make_equal=&#8220;on&#8220; _builder_version=&#8220;4.25.2&#8243; _module_preset=&#8220;default&#8220; global_colors_info=&#8220;{}&#8220;][et_pb_column type=&#8220;1_3&#8243; _builder_version=&#8220;4.25.2&#8243; _module_preset=&#8220;default&#8220; global_colors_info=&#8220;{}&#8220;][et_pb_cta title=&#8220;Einf\u00fchrung&#8220; button_url=&#8220;@ET-DC@eyJkeW5hbWljIjp0cnVlLCJjb250ZW50IjoicG9zdF9saW5rX3VybF9wYWdlIiwic2V0dGluZ3MiOnsicG9zdF9pZCI6IjI0IiwiZW5hYmxlX2h0bWwiOiJvZmYifX0=@&#8220; button_text=&#8220;Mehr lesen&#8220; _builder_version=&#8220;4.25.2&#8243; _dynamic_attributes=&#8220;button_url&#8220; _module_preset=&#8220;default&#8220; header_level=&#8220;h3&#8243; header_font=&#8220;|700|||||||&#8220; header_text_align=&#8220;left&#8220; header_font_size=&#8220;18px&#8220; body_font_size=&#8220;12px&#8220; use_background_color=&#8220;off&#8220; custom_button=&#8220;on&#8220; button_text_size=&#8220;14px&#8220; button_border_radius=&#8220;9px&#8220; button_font=&#8220;||||||||&#8220; button_use_icon=&#8220;off&#8220; button_alignment=&#8220;left&#8220; button_custom_padding=&#8220;5px|10px|5px|10px|true|true&#8220; custom_margin=&#8220;|||20px|false|false&#8220; custom_padding=&#8220;||||false|false&#8220; global_colors_info=&#8220;{}&#8220;]<\/p>\n<p style=\"text-align: left;\"><span>Sie haben den Namen OFF-ROOP vielleicht schon auf verschiedenen GPS-Rallyes gesehen.<br \/>\nAber im Jahr 2023 wollen wir als Hersteller von Off-Road-Zubeh\u00f6r unser Off-Road-Lager verst\u00e4rken. <\/span><\/p>\n<p>[\/et_pb_cta][\/et_pb_column][et_pb_column type=&#8220;1_3&#8243; _builder_version=&#8220;4.25.2&#8243; _module_preset=&#8220;default&#8220; global_colors_info=&#8220;{}&#8220;][et_pb_text _builder_version=&#8220;4.25.2&#8243; _module_preset=&#8220;default&#8220; text_font_size=&#8220;12px&#8220; custom_margin=&#8220;||0px|20px|false|false&#8220; global_colors_info=&#8220;{}&#8220;]<\/p>\n<h4 class=\"sp-module-title\"><strong><span style=\"color: #ffffff;\">Sie k\u00f6nnen uns hier finden<\/span><\/strong><\/h4>\n<p>[\/et_pb_text][et_pb_text _builder_version=&#8220;4.25.2&#8243; _module_preset=&#8220;default&#8220; text_font_size=&#8220;12px&#8220; custom_margin=&#8220;|||20px|false|false&#8220; global_colors_info=&#8220;{}&#8220;]<\/p>\n<p><span style=\"color: #ffffff;\">AMTS 2023<\/span><br \/><span style=\"color: #ffffff;\">Mini Badkissingen<\/span><\/p>\n<p>[\/et_pb_text][\/et_pb_column][et_pb_column type=&#8220;1_3&#8243; _builder_version=&#8220;4.25.2&#8243; _module_preset=&#8220;default&#8220; global_colors_info=&#8220;{}&#8220;][et_pb_text _builder_version=&#8220;4.25.2&#8243; _module_preset=&#8220;default&#8220; text_font_size=&#8220;12px&#8220; width=&#8220;100%&#8220; custom_margin=&#8220;|||20px|false|false&#8220; global_colors_info=&#8220;{}&#8220;]<\/p>\n<h4 class=\"sp-module-title\"><strong><span style=\"color: #ffffff;\">Kontakt<\/span><\/strong><\/h4>\n<div class=\"sp-module-content\">\n<div class=\"custom\">\n<p><span style=\"color: #ffffff;\">Telefon: <a href=\"tel%2020%\" style=\"color: #ffffff;\">+36 70 417 6577<\/a><\/span><br \/><span style=\"color: #ffffff;\">E-Mail: <a href=\"mailto:info@offroop.hu\" style=\"color: #ffffff;\">info@offroop.hu<\/a><a href=\"mailto:bence.poor@offroop.hu\" style=\"color: #ffffff;\"><br \/><\/a>Internetadresse: <a href=\"http:\/\/www.offroop.hu\/\" style=\"color: #ffffff;\">www.offroop.hu<\/a><\/span><\/p>\n<\/div>\n<\/div>\n<p>[\/et_pb_text][\/et_pb_column][\/et_pb_row][et_pb_row _builder_version=&#8220;4.25.2&#8243; _module_preset=&#8220;default&#8220; global_colors_info=&#8220;{}&#8220;][et_pb_column type=&#8220;4_4&#8243; _builder_version=&#8220;4.25.2&#8243; _module_preset=&#8220;default&#8220; global_colors_info=&#8220;{}&#8220;][et_pb_divider color=&#8220;gcid-78795f82-d359-4ff2-b82b-c9c94c071f33&#8243; _builder_version=&#8220;4.25.2&#8243; _module_preset=&#8220;default&#8220; custom_margin=&#8220;0px||0px||false|false&#8220; custom_padding=&#8220;0px||0px||false|false&#8220; global_colors_info=&#8220;{%22gcid-78795f82-d359-4ff2-b82b-c9c94c071f33%22:%91%22color%22%93}&#8220;][\/et_pb_divider][et_pb_text _builder_version=&#8220;4.25.2&#8243; _dynamic_attributes=&#8220;content&#8220; _module_preset=&#8220;default&#8220; text_text_color=&#8220;gcid-78795f82-d359-4ff2-b82b-c9c94c071f33&#8243; global_colors_info=&#8220;{%22gcid-78795f82-d359-4ff2-b82b-c9c94c071f33%22:%91%22text_text_color%22%93}&#8220;]@ET-DC@eyJkeW5hbWljIjp0cnVlLCJjb250ZW50IjoiY3VycmVudF9kYXRlIiwic2V0dGluZ3MiOnsiYmVmb3JlIjoiXHUwMGE5ICAiLCJhZnRlciI6IiAgfCBBbGxlIFJlY2h0ZSB2b3JiZWhhbHRlbi4iLCJkYXRlX2Zvcm1hdCI6ImN1c3RvbSIsImN1c3RvbV9kYXRlX2Zvcm1hdCI6IlkiLCJlbmFibGVfaHRtbCI6Im9mZiJ9fQ==@[\/et_pb_text][et_pb_code _builder_version=&#8220;4.25.2&#8243; _module_preset=&#8220;default&#8220; global_colors_info=&#8220;{}&#8220;]<\/p>\n<style><!-- [et_pb_line_break_holder] -->  .hlink div {<!-- [et_pb_line_break_holder] -->    background-color: blue;<!-- [et_pb_line_break_holder] -->    display: block;<!-- [et_pb_line_break_holder] -->    margin-left: auto;<!-- [et_pb_line_break_holder] -->    margin-right: auto;<!-- [et_pb_line_break_holder] -->    width: 50px;<!-- [et_pb_line_break_holder] -->  }<!-- [et_pb_line_break_holder] -->.hlink p {<!-- [et_pb_line_break_holder] -->    position: relative;<!-- [et_pb_line_break_holder] -->    text-decoration:none;<!-- [et_pb_line_break_holder] -->    color: white;<!-- [et_pb_line_break_holder] -->    text-align: center;<!-- [et_pb_line_break_holder] -->  }<!-- [et_pb_line_break_holder] -->  <!-- [et_pb_line_break_holder] -->  .hlink p::after {<!-- [et_pb_line_break_holder] -->    content: '';<!-- [et_pb_line_break_holder] -->    position:absolute;<!-- [et_pb_line_break_holder] -->    bottom: -4px;<!-- [et_pb_line_break_holder] -->    left: 0;<!-- [et_pb_line_break_holder] -->    width:0;<!-- [et_pb_line_break_holder] -->    height: 2px;<!-- [et_pb_line_break_holder] -->    background-color: white;<!-- [et_pb_line_break_holder] -->    transition: width .15s ease;<!-- [et_pb_line_break_holder] -->  }<!-- [et_pb_line_break_holder] -->  <!-- [et_pb_line_break_holder] -->  .hlink p:hover::after {<!-- [et_pb_line_break_holder] -->    width:100%;<!-- [et_pb_line_break_holder] -->  }<!-- [et_pb_line_break_holder] -->  <\/style>\n<p>[\/et_pb_code][\/et_pb_column][\/et_pb_row][\/et_pb_section]<\/p>\n","protected":false},"excerpt":{"rendered":"<p>Kontakt: K\u00e1roly S\u00fcle Mobil:\u00a0+36 20 938 7574E-mail: sule.karoly@t-online.hu\u00a0 \u00a0 \u00a0 \u00a0 \u00a0 \u00a0 \u00a0Webpage: www.offroop.hu Firmenname: Control Trade Bt.Adresse: 9086 T\u00f6lt\u00e9stava, Panor\u00e1ma utca 2.Steuernummer: 20371241-2-08 <div class=\"et_pb_module lwp_image_carousel lwp_image_carousel_0\">\n\t\t\t\t\n\t\t\t\t\n\t\t\t\t\n\t\t\t\t\n\t\t\t\t\n\t\t\t\t\n\t\t\t\t<div class=\"et_pb_module_inner\">\n\t\t\t\t\t\r\n\t\t\t<section class=\"lwp-slick-slider slider small-slider lwp-default-slider lwp-side-center\" data-slick='{ \"vertical\":false, \"slidesToShow\": 1, \"slidesToScroll\": 1, \"dots\":true, \"arrows\":true, \"infinite\":false, \"autoplay\":false, \"autoplaySpeed\":2000, \"pauseOnHover\":true, \"adaptiveHeight\":true, \"speed\":300, \"cssEase\":\"ease\", \"responsive\": [ { \"breakpoint\": 980, \"settings\": { \"slidesToShow\": 1, \"slidesToScroll\": 1, \"arrows\":true,\"dots\":true } } ,{ \"breakpoint\": 767, \"settings\": { \"slidesToShow\": 1, \"slidesToScroll\": 1, \"arrows\":true,\"dots\":true } } ] }'>\r\n\t\t\t\t<div><img decoding=\"async\" src=\"https:\/\/offroop.hu\/wp-content\/uploads\/2024\/07\/dji_fly_20230807_072538_700_1691386015686_photo_optimized.jpg\" alt=\"\" title=\"dji_fly_20230807_072538_700_1691386015686_photo_optimized\"><\/div><div><img decoding=\"async\" src=\"https:\/\/offroop.hu\/wp-content\/uploads\/2024\/07\/IMG20230516172601-1.jpg\" alt=\"\" title=\"IMG20230516172601\"><\/div><div><img decoding=\"async\" src=\"https:\/\/offroop.hu\/wp-content\/uploads\/2024\/07\/IMG20230320172207-1.jpg\" alt=\"\" title=\"IMG20230320172207\"><\/div><div><img decoding=\"async\" src=\"https:\/\/offroop.hu\/wp-content\/uploads\/2024\/07\/IMG20231110091212-1.jpg\" alt=\"\" title=\"IMG20231110091212\"><\/div><div><img decoding=\"async\" src=\"https:\/\/offroop.hu\/wp-content\/uploads\/2024\/07\/IMG20230521170654-1.jpg\" alt=\"\" title=\"IMG20230521170654\"><\/div><div><img decoding=\"async\" src=\"https:\/\/offroop.hu\/wp-content\/uploads\/2024\/07\/IMG20230315113417.jpg\" alt=\"\" title=\"IMG20230315113417\"><\/div><div><img decoding=\"async\" src=\"https:\/\/offroop.hu\/wp-content\/uploads\/2024\/07\/IMG_20240705_083440.jpg\" alt=\"\" title=\"IMG_20240705_083440\"><\/div><div><img decoding=\"async\" src=\"https:\/\/offroop.hu\/wp-content\/uploads\/2024\/07\/IMG_20240705_082624.jpg\" alt=\"\" title=\"IMG_20240705_082624\"><\/div><div><img decoding=\"async\" src=\"https:\/\/offroop.hu\/wp-content\/uploads\/2024\/07\/20240619_101930.jpg\" alt=\"\" title=\"20240619_101930\"><\/div><div><img decoding=\"async\" src=\"https:\/\/offroop.hu\/wp-content\/uploads\/2024\/07\/1fb1.jpg\" alt=\"\" title=\"1fb1\"><\/div><div><img decoding=\"async\" src=\"https:\/\/offroop.hu\/wp-content\/uploads\/2024\/07\/20240619_101957.jpg\" alt=\"\" title=\"20240619_101957\"><\/div><div><img decoding=\"async\" src=\"https:\/\/offroop.hu\/wp-content\/uploads\/2024\/07\/20240506_160810.jpg\" alt=\"\" title=\"20240506_160810\"><\/div><div><img decoding=\"async\" src=\"https:\/\/offroop.hu\/wp-content\/uploads\/2024\/07\/20240506_160820.jpg\" alt=\"\" title=\"20240506_160820\"><\/div>\r\n\t\t\t<\/section>\n\t\t\t\t<\/div>\n\t\t\t<\/div>Sie haben den Namen OFF-ROOP vielleicht schon auf verschiedenen GPS-Rallyes gesehen. Aber im Jahr 2023 wollen wir als Hersteller von Off-Road-Zubeh\u00f6r unser Off-Road-Lager verst\u00e4rken. Sie [&hellip;]<\/p>\n","protected":false},"author":1,"featured_media":0,"parent":0,"menu_order":0,"comment_status":"closed","ping_status":"closed","template":"","meta":{"_et_pb_use_builder":"on","_et_pb_old_content":"","_et_gb_content_width":"","footnotes":""},"class_list":["post-1724","page","type-page","status-publish","hentry"],"_links":{"self":[{"href":"https:\/\/offroop.hu\/de\/wp-json\/wp\/v2\/pages\/1724","targetHints":{"allow":["GET"]}}],"collection":[{"href":"https:\/\/offroop.hu\/de\/wp-json\/wp\/v2\/pages"}],"about":[{"href":"https:\/\/offroop.hu\/de\/wp-json\/wp\/v2\/types\/page"}],"author":[{"embeddable":true,"href":"https:\/\/offroop.hu\/de\/wp-json\/wp\/v2\/users\/1"}],"replies":[{"embeddable":true,"href":"https:\/\/offroop.hu\/de\/wp-json\/wp\/v2\/comments?post=1724"}],"version-history":[{"count":77,"href":"https:\/\/offroop.hu\/de\/wp-json\/wp\/v2\/pages\/1724\/revisions"}],"predecessor-version":[{"id":5086,"href":"https:\/\/offroop.hu\/de\/wp-json\/wp\/v2\/pages\/1724\/revisions\/5086"}],"wp:attachment":[{"href":"https:\/\/offroop.hu\/de\/wp-json\/wp\/v2\/media?parent=1724"}],"curies":[{"name":"wp","href":"https:\/\/api.w.org\/{rel}","templated":true}]}}