{"id":1730,"date":"2024-07-23T18:13:54","date_gmt":"2024-07-23T18:13:54","guid":{"rendered":"https:\/\/offroop.hu\/ueber-uns\/"},"modified":"2026-04-07T11:23:29","modified_gmt":"2026-04-07T11:23:29","slug":"ueber-uns","status":"publish","type":"page","link":"https:\/\/offroop.hu\/de\/ueber-uns\/","title":{"rendered":"\u00dcber uns"},"content":{"rendered":"<p>[et_pb_section fb_built=&#8220;1&#8243; _builder_version=&#8220;4.25.2&#8243; _module_preset=&#8220;default&#8220; global_colors_info=&#8220;{}&#8220;][et_pb_row column_structure=&#8220;1_2,1_2&#8243; _builder_version=&#8220;4.25.2&#8243; _module_preset=&#8220;default&#8220; global_colors_info=&#8220;{}&#8220;][et_pb_column type=&#8220;1_2&#8243; _builder_version=&#8220;4.25.2&#8243; _module_preset=&#8220;default&#8220; global_colors_info=&#8220;{}&#8220;][et_pb_image src=&#8220;https:\/\/offroop.hu\/wp-content\/uploads\/2024\/07\/logo-scaled.webp&#8220; title_text=&#8220;Logo&#8220; _builder_version=&#8220;4.25.2&#8243; _module_preset=&#8220;default&#8220; global_colors_info=&#8220;{}&#8220;][\/et_pb_image][et_pb_text _builder_version=&#8220;4.27.0&#8243; _module_preset=&#8220;default&#8220; hover_enabled=&#8220;0&#8243; global_colors_info=&#8220;{}&#8220; sticky_enabled=&#8220;0&#8243;]<\/p>\n<div class=\"sppb-col-md-6\" id=\"column-wrap-id-1678444325135\">\n<div id=\"column-id-1678444325135\" class=\"sppb-column\">\n<div class=\"sppb-column-addons\">\n<div id=\"sppb-addon-wrapper-1678444325143\" class=\"sppb-addon-wrapper\">\n<div id=\"sppb-addon-1678444325143\" class=\" sppb-wow fadeInLeft clearfix sppb-animated\" data-sppb-wow-duration=\"300ms\">\n<div class=\"sppb-addon sppb-addon-text-block \">\n<div class=\"sppb-addon-content\">\n<div>\n<div class=\"sppb-col-md-6\" id=\"column-wrap-id-1678444325135\">\n<div id=\"column-id-1678444325135\" class=\"sppb-column\">\n<div class=\"sppb-column-addons\">\n<div id=\"sppb-addon-wrapper-1678444325143\" class=\"sppb-addon-wrapper\">\n<div id=\"sppb-addon-1678444325143\" class=\" sppb-wow fadeInLeft clearfix sppb-animated\" data-sppb-wow-duration=\"300ms\">\n<div class=\"sppb-addon sppb-addon-text-block \">\n<div class=\"sppb-addon-content\">\n<div>\n<div id=\"sppb-addon-wrapper-1678444325143\" class=\"sppb-addon-wrapper\">\n<div id=\"sppb-addon-1678444325143\" class=\" sppb-wow fadeInLeft clearfix sppb-animated\" data-sppb-wow-duration=\"300ms\">\n<div class=\"sppb-addon sppb-addon-text-block \">\n<div class=\"sppb-addon-content\">\n<div>\n<p><span><strong>\u00dcber<\/strong><\/span><\/p>\n<p><span><br \/>Der Name OFF-ROOP ist Ihnen vielleicht schon bei diversen GPS-Rallyes begegnet.<br \/>2023 wollen wir als Hersteller von Offroad-Zubeh\u00f6r aber das Lager der Offroader verst\u00e4rken.<\/p>\n<p><\/span><\/p>\n<p>Offroad-Zubeh\u00f6r von OFF-ROOP wird zu 100 % in Ungarn nach ungarischem Design hergestellt.<\/p>\n<p>Mit den von uns vertriebenen Dachzelten wollen wir eine f\u00fcr viele zug\u00e4nglichere Preisklasse ansprechen, damit m\u00f6glichst viele Menschen das Gef\u00fchl des \u00dcberlandens f\u00fcr sich beanspruchen k\u00f6nnen. In Ungarn hat OFF-ROOP das exklusive Recht, Dachzelte von VisionX Outdoors zu vertreiben. <\/p>\n<\/div>\n<\/div>\n<\/div>\n<\/div>\n<\/div>\n<div id=\"sppb-addon-wrapper-1679319824022\" class=\"sppb-addon-wrapper\">\n<div id=\"sppb-addon-1679319824022\" class=\" sppb-wow fadeInLeft clearfix sppb-animated\" data-sppb-wow-duration=\"300ms\">\n<div class=\"sppb-addon sppb-addon-text-block \"><\/div>\n<\/div>\n<\/div>\n<\/div>\n<\/div>\n<\/div>\n<\/div>\n<\/div>\n<\/div>\n<\/div>\n<\/div>\n<\/div>\n<\/div>\n<\/div>\n<\/div>\n<\/div>\n<\/div>\n<\/div>\n<\/div>\n<p>[\/et_pb_text][et_pb_text _builder_version=&#8220;4.27.0&#8243; _module_preset=&#8220;default&#8220; hover_enabled=&#8220;0&#8243; sticky_enabled=&#8220;0&#8243;]<\/p>\n<h3 class=\"sppb-addon-title\">Unsere wichtigsten Partner<\/h3>\n<div class=\"sppb-addon-content\">\n<p><span><a href=\"https:\/\/ptsgroup.hu\/\" target=\"_blank\" rel=\"noopener noreferrer\"><br \/>Print Tech Service Ltd.<\/a><\/p>\n<p><a href=\"https:\/\/ptsnyomda.hu\/\" target=\"_blank\" rel=\"noopener noreferrer\">PTS-Druck<\/p>\n<p><\/a><\/span><span><a href=\"https:\/\/istservicekft.hu\/\" target=\"_blank\" rel=\"noopener noreferrer\"> I<a href=\"https:\/\/istservicekft.hu\/\" target=\"_blank\" rel=\"noopener noreferrer\">ST <\/a><a href=\"https:\/\/istservicekft.hu\/\" target=\"_blank\" rel=\"noopener noreferrer\">Service<\/a> Ltd.<\/p>\n<p><\/a><\/span><span><a href=\"https:\/\/controltrade.hu\/\" target=\"_blank\" rel=\"noopener noreferrer\">Control Trade Bt.<\/p>\n<p><\/a><a href=\"https:\/\/ctshop.hu\/\" target=\"_blank\" rel=\"noopener noreferrer\"><a href=\"https:\/\/ctshop.hu\/\">CT Laden<\/a><\/a><\/span><\/div>\n<p>[\/et_pb_text][\/et_pb_column][et_pb_column type=&#8220;1_2&#8243; _builder_version=&#8220;4.25.2&#8243; _module_preset=&#8220;default&#8220; global_colors_info=&#8220;{}&#8220;][lwp_image_carousel slides_show=&#8220;1&#8243; _builder_version=&#8220;4.27.0&#8243; _module_preset=&#8220;default&#8220; hover_enabled=&#8220;0&#8243; global_colors_info=&#8220;{}&#8220; gallery_ids=&#8220;161,116,450,321,258,194,188,164,158,85,159,143,144&#8243; sticky_enabled=&#8220;0&#8243;][\/lwp_image_carousel][\/et_pb_column][\/et_pb_row][\/et_pb_section]<\/p>\n","protected":false},"excerpt":{"rendered":"<p>\u00dcber Der Name OFF-ROOP ist Ihnen vielleicht schon bei diversen GPS-Rallyes begegnet.2023 wollen wir als Hersteller von Offroad-Zubeh\u00f6r aber das Lager der Offroader verst\u00e4rken. Offroad-Zubeh\u00f6r von OFF-ROOP wird zu 100 % in Ungarn nach ungarischem Design hergestellt. Mit den von uns vertriebenen Dachzelten wollen wir eine f\u00fcr viele zug\u00e4nglichere Preisklasse ansprechen, damit m\u00f6glichst viele Menschen [&hellip;]<\/p>\n","protected":false},"author":1,"featured_media":0,"parent":0,"menu_order":0,"comment_status":"closed","ping_status":"closed","template":"","meta":{"_et_pb_use_builder":"on","_et_pb_old_content":"","_et_gb_content_width":"","footnotes":""},"class_list":["post-1730","page","type-page","status-publish","hentry"],"_links":{"self":[{"href":"https:\/\/offroop.hu\/de\/wp-json\/wp\/v2\/pages\/1730","targetHints":{"allow":["GET"]}}],"collection":[{"href":"https:\/\/offroop.hu\/de\/wp-json\/wp\/v2\/pages"}],"about":[{"href":"https:\/\/offroop.hu\/de\/wp-json\/wp\/v2\/types\/page"}],"author":[{"embeddable":true,"href":"https:\/\/offroop.hu\/de\/wp-json\/wp\/v2\/users\/1"}],"replies":[{"embeddable":true,"href":"https:\/\/offroop.hu\/de\/wp-json\/wp\/v2\/comments?post=1730"}],"version-history":[{"count":44,"href":"https:\/\/offroop.hu\/de\/wp-json\/wp\/v2\/pages\/1730\/revisions"}],"predecessor-version":[{"id":4732,"href":"https:\/\/offroop.hu\/de\/wp-json\/wp\/v2\/pages\/1730\/revisions\/4732"}],"wp:attachment":[{"href":"https:\/\/offroop.hu\/de\/wp-json\/wp\/v2\/media?parent=1730"}],"curies":[{"name":"wp","href":"https:\/\/api.w.org\/{rel}","templated":true}]}}