{"id":1743,"date":"2024-07-23T18:13:26","date_gmt":"2024-07-23T18:13:26","guid":{"rendered":"https:\/\/offroop.hu\/pulverbeschichtung\/"},"modified":"2026-04-08T11:37:18","modified_gmt":"2026-04-08T11:37:18","slug":"pulverbeschichtung","status":"publish","type":"page","link":"https:\/\/offroop.hu\/de\/pulverbeschichtung\/","title":{"rendered":"Pulverbeschichtung"},"content":{"rendered":"<p>[et_pb_section fb_built=&#8220;1&#8243; _builder_version=&#8220;4.25.2&#8243; _module_preset=&#8220;default&#8220; global_colors_info=&#8220;{}&#8220; theme_builder_area=&#8220;post_content&#8220;][et_pb_row column_structure=&#8220;1_2,1_2&#8243; _builder_version=&#8220;4.25.2&#8243; _module_preset=&#8220;default&#8220; global_colors_info=&#8220;{}&#8220; theme_builder_area=&#8220;post_content&#8220;][et_pb_column type=&#8220;1_2&#8243; _builder_version=&#8220;4.25.2&#8243; _module_preset=&#8220;default&#8220; global_colors_info=&#8220;{}&#8220; theme_builder_area=&#8220;post_content&#8220;][et_pb_image src=&#8220;https:\/\/offroop.hu\/wp-content\/uploads\/2024\/07\/logo-scaled.webp&#8220; title_text=&#8220;Logo&#8220; _builder_version=&#8220;4.25.2&#8243; _module_preset=&#8220;default&#8220; global_colors_info=&#8220;{}&#8220; theme_builder_area=&#8220;post_content&#8220;][\/et_pb_image][et_pb_text _builder_version=&#8220;4.27.0&#8243; _module_preset=&#8220;default&#8220; hover_enabled=&#8220;0&#8243; global_colors_info=&#8220;{}&#8220; theme_builder_area=&#8220;post_content&#8220; sticky_enabled=&#8220;0&#8243;]<\/p>\n<div class=\"sppb-col-md-6\" id=\"column-wrap-id-1678444325135\">\n<div id=\"column-id-1678444325135\" class=\"sppb-column\">\n<div class=\"sppb-column-addons\">\n<div id=\"sppb-addon-wrapper-1678444325143\" class=\"sppb-addon-wrapper\">\n<div id=\"sppb-addon-1678444325143\" class=\" sppb-wow fadeInLeft clearfix sppb-animated\" data-sppb-wow-duration=\"300ms\">\n<div class=\"sppb-addon sppb-addon-text-block \">\n<div class=\"sppb-addon-content\">\n<div class=\"sppb-col-md-6\" id=\"column-wrap-id-1678444325135\">\n<div id=\"column-id-1678444325135\" class=\"sppb-column\">\n<div class=\"sppb-column-addons\">\n<div id=\"sppb-addon-wrapper-1678444325143\" class=\"sppb-addon-wrapper\">\n<div id=\"sppb-addon-1678444325143\" class=\" sppb-wow fadeInLeft clearfix sppb-animated\" data-sppb-wow-duration=\"300ms\">\n<div class=\"sppb-addon sppb-addon-text-block \">\n<div class=\"sppb-addon-content\">\n<div class=\"sppb-col-md-6\" id=\"column-wrap-id-1693461131531\">\n<div id=\"column-id-1693461131531\" class=\"sppb-column\">\n<div class=\"sppb-column-addons\">\n<div id=\"sppb-addon-wrapper-1693461131543\" class=\"sppb-addon-wrapper\">\n<div id=\"sppb-addon-1693461131543\" class=\" sppb-wow fadeInLeft clearfix sppb-animated\" data-sppb-wow-duration=\"300ms\">\n<div class=\"sppb-addon sppb-addon-text-block \">\n<div class=\"sppb-addon-content\">\n<div class=\"sppb-col-md-6\" id=\"column-wrap-id-1718631282421\">\n<div id=\"column-id-1718631282421\" class=\"sppb-column\">\n<div class=\"sppb-column-addons\">\n<div id=\"sppb-addon-wrapper-1718631282429\" class=\"sppb-addon-wrapper\">\n<div id=\"sppb-addon-1718631282429\" class=\"clearfix \">\n<div class=\"sppb-addon sppb-addon-text-block \">\n<div class=\"sppb-addon-content\">\n<div class=\"sppb-col-md-6\" id=\"column-wrap-id-1678444325135\">\n<div id=\"column-id-1678444325135\" class=\"sppb-column\">\n<div class=\"sppb-column-addons\">\n<div id=\"sppb-addon-wrapper-1678444325143\" class=\"sppb-addon-wrapper\">\n<div id=\"sppb-addon-1678444325143\" class=\" sppb-wow fadeInLeft clearfix sppb-animated\" data-sppb-wow-duration=\"300ms\">\n<div class=\"sppb-addon sppb-addon-text-block \">\n<div class=\"sppb-addon-content\">\n<p><span><strong>Pulverbeschichtung<\/strong><\/span><\/p>\n<div>\n<p><span>Die Oberfl\u00e4chenvorbereitung unserer Produkte erfolgt durch Sandstrahlen, anschlie\u00dfend machen wir die Oberfl\u00e4che durch Pulverlackieren besonders widerstandsf\u00e4hig.<br \/>Allerdings lassen sich die oben genannten Technologien nicht nur bei Neuprodukten \u00e4u\u00dferst effektiv einsetzen. Im Falle einer Stahl- oder Leichtmetallfelge, eines Rahmens oder eines Fahrwerksteils dient es au\u00dferdem hervorragend dazu, Korrosion zu stoppen und die \u00c4sthetik zu verbessern.<br \/>Wir stehen unseren Kunden auch f\u00fcr die Reparatur und Politur der Mechanik von Felgen zur Verf\u00fcgung. <\/p>\n<p>Wir \u00fcbernehmen die Oberfl\u00e4chenvorbereitung und Pulverbeschichtung\/Sinterung der Teile und Felgen unserer Kunden. Mit kurzer Frist. <\/p>\n<p>F\u00fcr ein Preisangebot kontaktieren Sie uns bitte unter:<br \/><a href=\"mailto:info@offroop.hu\">info@offroop.hu<\/a> <\/span><\/div>\n<\/div>\n<\/div>\n<\/div>\n<\/div>\n<\/div>\n<\/div>\n<\/div>\n<div class=\"sppb-col-md-6\" id=\"column-wrap-id-1678444490352\">\n<div id=\"column-id-1678444490352\" class=\"sppb-column\">\n<div class=\"sppb-column-addons\">\n<div id=\"sppb-addon-wrapper-1678444490372\" class=\"sppb-addon-wrapper\">\n<div id=\"sppb-addon-1678444490372\" class=\" sppb-wow bounceIn clearfix sppb-animated\" data-sppb-wow-duration=\"300ms\">\n<div id=\"sppb-carousel1\" data-interval=\"5000\" class=\"sppb-carousel sppb-slide\" data-sppb-ride=\"sppb-carousel\"><\/div>\n<\/div>\n<\/div>\n<\/div>\n<\/div>\n<\/div>\n<\/div>\n<\/div>\n<\/div>\n<\/div>\n<\/div>\n<\/div>\n<\/div>\n<\/div>\n<\/div>\n<\/div>\n<\/div>\n<\/div>\n<\/div>\n<\/div>\n<\/div>\n<\/div>\n<\/div>\n<\/div>\n<\/div>\n<\/div>\n<\/div>\n<\/div>\n<\/div>\n<\/div>\n<\/div>\n<\/div>\n<\/div>\n<\/div>\n<p>[\/et_pb_text][\/et_pb_column][et_pb_column type=&#8220;1_2&#8243; _builder_version=&#8220;4.25.2&#8243; _module_preset=&#8220;default&#8220; global_colors_info=&#8220;{}&#8220; theme_builder_area=&#8220;post_content&#8220;][lwp_image_carousel gallery_ids=&#8220;652,647,651,650,644,649,648&#8243; slides_show=&#8220;1&#8243; _builder_version=&#8220;4.27.0&#8243; _module_preset=&#8220;default&#8220; hover_enabled=&#8220;0&#8243; global_colors_info=&#8220;{}&#8220; theme_builder_area=&#8220;post_content&#8220; sticky_enabled=&#8220;0&#8243;][\/lwp_image_carousel][\/et_pb_column][\/et_pb_row][\/et_pb_section]<\/p>\n","protected":false},"excerpt":{"rendered":"<p>Pulverbeschichtung Die Oberfl\u00e4chenvorbereitung unserer Produkte erfolgt durch Sandstrahlen, anschlie\u00dfend machen wir die Oberfl\u00e4che durch Pulverlackieren besonders widerstandsf\u00e4hig.Allerdings lassen sich die oben genannten Technologien nicht nur bei Neuprodukten \u00e4u\u00dferst effektiv einsetzen. Im Falle einer Stahl- oder Leichtmetallfelge, eines Rahmens oder eines Fahrwerksteils dient es au\u00dferdem hervorragend dazu, Korrosion zu stoppen und die \u00c4sthetik zu verbessern.Wir stehen [&hellip;]<\/p>\n","protected":false},"author":1,"featured_media":0,"parent":0,"menu_order":0,"comment_status":"closed","ping_status":"closed","template":"","meta":{"_et_pb_use_builder":"on","_et_pb_old_content":"","_et_gb_content_width":"","footnotes":""},"class_list":["post-1743","page","type-page","status-publish","hentry"],"_links":{"self":[{"href":"https:\/\/offroop.hu\/de\/wp-json\/wp\/v2\/pages\/1743","targetHints":{"allow":["GET"]}}],"collection":[{"href":"https:\/\/offroop.hu\/de\/wp-json\/wp\/v2\/pages"}],"about":[{"href":"https:\/\/offroop.hu\/de\/wp-json\/wp\/v2\/types\/page"}],"author":[{"embeddable":true,"href":"https:\/\/offroop.hu\/de\/wp-json\/wp\/v2\/users\/1"}],"replies":[{"embeddable":true,"href":"https:\/\/offroop.hu\/de\/wp-json\/wp\/v2\/comments?post=1743"}],"version-history":[{"count":12,"href":"https:\/\/offroop.hu\/de\/wp-json\/wp\/v2\/pages\/1743\/revisions"}],"predecessor-version":[{"id":4752,"href":"https:\/\/offroop.hu\/de\/wp-json\/wp\/v2\/pages\/1743\/revisions\/4752"}],"wp:attachment":[{"href":"https:\/\/offroop.hu\/de\/wp-json\/wp\/v2\/media?parent=1743"}],"curies":[{"name":"wp","href":"https:\/\/api.w.org\/{rel}","templated":true}]}}