{"id":1746,"date":"2024-07-23T18:16:47","date_gmt":"2024-07-23T18:16:47","guid":{"rendered":"https:\/\/offroop.hu\/hauptseite\/"},"modified":"2026-05-07T21:06:09","modified_gmt":"2026-05-07T21:06:09","slug":"hauptseite","status":"publish","type":"page","link":"https:\/\/offroop.hu\/de\/","title":{"rendered":"Hauptseite"},"content":{"rendered":"<p>[et_pb_section fb_built=&#8220;1&#8243; fullwidth=&#8220;on&#8220; _builder_version=&#8220;4.27.0&#8243; _module_preset=&#8220;default&#8220; global_colors_info=&#8220;{}&#8220;][et_pb_fullwidth_menu _builder_version=&#8220;4.27.0&#8243; _module_preset=&#8220;default&#8220; global_colors_info=&#8220;{}&#8220;][\/et_pb_fullwidth_menu][\/et_pb_section][et_pb_section fb_built=&#8220;1&#8243; admin_label=&#8220;Hero&#8220; _builder_version=&#8220;4.27.0&#8243; _module_preset=&#8220;default&#8220; global_colors_info=&#8220;{}&#8220;][et_pb_row _builder_version=&#8220;4.27.0&#8243; _module_preset=&#8220;default&#8220; global_colors_info=&#8220;{}&#8220;][et_pb_column type=&#8220;4_4&#8243; _builder_version=&#8220;4.27.0&#8243; _module_preset=&#8220;default&#8220; global_colors_info=&#8220;{}&#8220;][et_pb_image src=&#8220;https:\/\/offroop.hu\/wp-content\/uploads\/2024\/07\/logo-scaled.webp&#8220; title_text=&#8220;Logo&#8220; _builder_version=&#8220;4.27.0&#8243; _module_preset=&#8220;default&#8220; width=&#8220;100%&#8220; custom_margin=&#8220;-71px|150px||||&#8220; custom_padding=&#8220;|||0px||&#8220; global_colors_info=&#8220;{}&#8220;][\/et_pb_image][\/et_pb_column][\/et_pb_row][et_pb_row _builder_version=&#8220;4.25.2&#8243; _module_preset=&#8220;default&#8220; min_height=&#8220;621.9px&#8220; global_colors_info=&#8220;{}&#8220;][et_pb_column type=&#8220;4_4&#8243; _builder_version=&#8220;4.25.2&#8243; _module_preset=&#8220;default&#8220; global_colors_info=&#8220;{}&#8220;][lwp_image_carousel gallery_ids=&#8220;85,86,87,88,89,90,92,93,94,95,96,97,98,99,100,101,102,103&#8243; slides_show=&#8220;1&#8243; show_dots=&#8220;off&#8220; autoplay_animation=&#8220;on&#8220; _builder_version=&#8220;4.27.0&#8243; _module_preset=&#8220;default&#8220; width=&#8220;100%&#8220; custom_margin=&#8220;-45px||2px|||&#8220; animation_style=&#8220;fade&#8220; global_colors_info=&#8220;{}&#8220;][\/lwp_image_carousel][\/et_pb_column][\/et_pb_row][\/et_pb_section][et_pb_section fb_built=&#8220;1&#8243; admin_label=&#8220;Hero video&#8220; _builder_version=&#8220;4.27.0&#8243; _module_preset=&#8220;default&#8220; custom_padding=&#8220;||0px|||&#8220; global_colors_info=&#8220;{}&#8220;][et_pb_row _builder_version=&#8220;4.25.2&#8243; _module_preset=&#8220;default&#8220; custom_padding=&#8220;0px|||||&#8220; global_colors_info=&#8220;{}&#8220;][et_pb_column type=&#8220;4_4&#8243; _builder_version=&#8220;4.25.2&#8243; _module_preset=&#8220;default&#8220; global_colors_info=&#8220;{}&#8220;][et_pb_video src=&#8220;https:\/\/www.youtube.com\/watch?v=Z9eLW6DwPvM&#8220; _builder_version=&#8220;4.27.0&#8243; _module_preset=&#8220;default&#8220; global_colors_info=&#8220;{}&#8220;][\/et_pb_video][\/et_pb_column][\/et_pb_row][\/et_pb_section][et_pb_section fb_built=&#8220;1&#8243; admin_label=&#8220;Tetocsomagtarto&#8220; _builder_version=&#8220;4.27.0&#8243; _module_preset=&#8220;default&#8220; custom_padding=&#8220;0px|||||&#8220; global_colors_info=&#8220;{}&#8220;][et_pb_row _builder_version=&#8220;4.27.0&#8243; _module_preset=&#8220;default&#8220; global_colors_info=&#8220;{}&#8220;][et_pb_column type=&#8220;4_4&#8243; _builder_version=&#8220;4.27.0&#8243; _module_preset=&#8220;default&#8220; global_colors_info=&#8220;{}&#8220;][\/et_pb_column][\/et_pb_row][et_pb_row _builder_version=&#8220;4.27.0&#8243; _module_preset=&#8220;default&#8220; background_color=&#8220;gcid-78795f82-d359-4ff2-b82b-c9c94c071f33&#8243; min_height=&#8220;479px&#8220; min_height_tablet=&#8220;479px&#8220; min_height_phone=&#8220;416px&#8220; min_height_last_edited=&#8220;on|phone&#8220; height=&#8220;275px&#8220; height_tablet=&#8220;525px&#8220; height_phone=&#8220;525px&#8220; height_last_edited=&#8220;on|tablet&#8220; max_height=&#8220;1000px&#8220; custom_margin=&#8220;0px||0px||false|false&#8220; custom_padding=&#8220;||0px||false|false&#8220; custom_css_main_element=&#8220;overflow: visible;||margin-bottom: -100px;||&#8220; border_radii=&#8220;on|30px|30px|30px|30px&#8220; global_colors_info=&#8220;{%22gcid-78795f82-d359-4ff2-b82b-c9c94c071f33%22:%91%22background_color%22%93}&#8220;][et_pb_column type=&#8220;4_4&#8243; _builder_version=&#8220;4.27.0&#8243; _module_preset=&#8220;default&#8220; global_colors_info=&#8220;{}&#8220;][et_pb_text _builder_version=&#8220;4.27.0&#8243; _module_preset=&#8220;default&#8220; text_text_color=&#8220;#000000&#8243; text_font_size=&#8220;16px&#8220; custom_padding=&#8220;|8vw||8vw|true|true&#8220; border_radii=&#8220;on|30px|30px|30px|30px&#8220; global_colors_info=&#8220;{}&#8220;]<\/p>\n<h2 style=\"text-align: center\"><span style=\"color: #000000\"><strong>Dachtr\u00e4ger<\/strong><\/span><\/h2>\n<div id=\"sppb-addon-wrapper-1678950121760\" class=\"sppb-addon-wrapper\">\n<div id=\"sppb-addon-1678950121760\" class=\"clearfix \">\n<div class=\"sppb-addon sppb-addon-text-block sppb-text-center \">\n<div class=\"sppb-addon-content\">\n<div style=\"text-align: left\"><span>OFF-ROOP Dachgep\u00e4cktr\u00e4ger werden zu 100% in Ungarn von ungarischen Designern hergestellt.<\/span><\/div>\n<div style=\"text-align: left\"><span>Sie sind aus 2-3 mm dickem Stahl, korrosionsbest\u00e4ndigem Stahl oder Aluminium f\u00fcr den Rahmen, die Frontplatte, die R\u00fcckwand und die Dachplatten gefertigt. Und dank ihrer kompakten Aluminium-Kreuzb\u00fcgel k\u00f6nnen sie mit beliebigen zus\u00e4tzlichen B\u00fcgeln ausgestattet werden, deren Positionierung frei variiert werden kann. <\/span><\/div>\n<\/div>\n<\/div>\n<\/div>\n<\/div>\n<p>[\/et_pb_text][et_pb_button button_url=&#8220;@ET-DC@eyJkeW5hbWljIjp0cnVlLCJjb250ZW50IjoicG9zdF9saW5rX3VybF9wYWdlIiwic2V0dGluZ3MiOnsicG9zdF9pZCI6IjEyIiwiZW5hYmxlX2h0bWwiOiJvZmYifX0=@&#8220; button_text=&#8220;Weiter&#8220; button_alignment=&#8220;center&#8220; _builder_version=&#8220;4.27.0&#8243; _dynamic_attributes=&#8220;button_url&#8220; _module_preset=&#8220;default&#8220; button_text_size=&#8220;22px&#8220; button_bg_color=&#8220;gcid-ea7f811c-db20-4b53-b311-cb5f0c816516&#8243; button_border_width=&#8220;0px&#8220; custom_padding=&#8220;2vh|200px|2vh|200px|true|true&#8220; custom_padding_tablet=&#8220;|200px||200px|true|true&#8220; custom_padding_phone=&#8220;1vh|5vw|1vh|10vw|true|false&#8220; custom_padding_last_edited=&#8220;on|tablet&#8220; global_colors_info=&#8220;{%22gcid-ea7f811c-db20-4b53-b311-cb5f0c816516%22:%91%22button_bg_color%22%93}&#8220;][\/et_pb_button][et_pb_image src=&#8220;https:\/\/offroop.hu\/wp-content\/uploads\/2024\/07\/IMG20230315113601.jpg&#8220; title_text=&#8220;IMG20230315113601&#8243; align=&#8220;center&#8220; _builder_version=&#8220;4.27.0&#8243; _module_preset=&#8220;default&#8220; width=&#8220;65%&#8220; width_tablet=&#8220;74%&#8220; width_phone=&#8220;80%&#8220; width_last_edited=&#8220;on|phone&#8220; custom_css_main_element=&#8220;position: relative;||top: 0px;||z-index: 99;&#8220; border_radii=&#8220;on|30px|30px|30px|30px&#8220; global_colors_info=&#8220;{}&#8220; custom_css_main_element_last_edited=&#8220;on|phone&#8220; custom_css_main_element_phone=&#8220;top: 30px;&#8220; custom_css_main_element_tablet=&#8220;position: relative;||top: 0px;||z-index: 99;&#8220;][\/et_pb_image][\/et_pb_column][\/et_pb_row][\/et_pb_section][et_pb_section fb_built=&#8220;1&#8243; admin_label=&#8220;Tetosatrak&#8220; _builder_version=&#8220;4.27.0&#8243; _module_preset=&#8220;default&#8220; custom_padding=&#8220;0px||116px|||&#8220; global_colors_info=&#8220;{}&#8220;][et_pb_row _builder_version=&#8220;4.27.0&#8243; _module_preset=&#8220;default&#8220; global_colors_info=&#8220;{}&#8220;][et_pb_column type=&#8220;4_4&#8243; _builder_version=&#8220;4.27.0&#8243; _module_preset=&#8220;default&#8220; global_colors_info=&#8220;{}&#8220;][et_pb_video src=&#8220;https:\/\/www.youtube.com\/watch?v=RtAUPSI8Uhs&#8220; _builder_version=&#8220;4.27.0&#8243; _module_preset=&#8220;default&#8220; custom_margin=&#8220;100px||||false|false&#8220; global_colors_info=&#8220;{}&#8220;][\/et_pb_video][\/et_pb_column][\/et_pb_row][et_pb_row _builder_version=&#8220;4.27.0&#8243; _module_preset=&#8220;default&#8220; background_color=&#8220;gcid-78795f82-d359-4ff2-b82b-c9c94c071f33&#8243; min_height=&#8220;479px&#8220; min_height_tablet=&#8220;479px&#8220; min_height_phone=&#8220;416px&#8220; min_height_last_edited=&#8220;on|phone&#8220; height=&#8220;275px&#8220; height_tablet=&#8220;525px&#8220; height_phone=&#8220;525px&#8220; height_last_edited=&#8220;on|tablet&#8220; max_height=&#8220;1000px&#8220; custom_margin=&#8220;0px||0px||false|false&#8220; custom_padding=&#8220;||0px||false|false&#8220; custom_css_main_element=&#8220;overflow: visible;||margin-bottom: -100px;||&#8220; border_radii=&#8220;on|30px|30px|30px|30px&#8220; global_colors_info=&#8220;{%22gcid-78795f82-d359-4ff2-b82b-c9c94c071f33%22:%91%22background_color%22%93}&#8220;][et_pb_column type=&#8220;4_4&#8243; _builder_version=&#8220;4.27.0&#8243; _module_preset=&#8220;default&#8220; global_colors_info=&#8220;{}&#8220;][et_pb_text _builder_version=&#8220;4.27.0&#8243; _module_preset=&#8220;default&#8220; text_text_color=&#8220;#000000&#8243; text_font_size=&#8220;16px&#8220; custom_padding=&#8220;|8vw||8vw|true|true&#8220; border_radii=&#8220;on|30px|30px|30px|30px&#8220; global_colors_info=&#8220;{}&#8220;]<\/p>\n<h2 class=\"sppb-addon-title\" style=\"text-align: center\"><strong>Dachzelte<\/strong><\/h2>\n<div class=\"sppb-addon-content\">\n<div>\n<p><span><strong>Off-Roop to Off-Road<\/strong><\/span><\/p>\n<p><span>Der \u00d6ffnungsmechanismus aller Zelttypen ist automatisch, der obere harte Teil ist aus ABS-Material, das Versteifungsmaterial aller Zelttypen ist Aluminium, die Plane ist aus 280g Polyester-Baumwolle, resistent gegen Wasser, Schimmel und UV-Strahlung. Jedes Zelt wird mit einer 60 mm dicken Schaumstoffmatratze mit waschbarem Bezug geliefert. <\/span><\/p>\n<\/div>\n<\/div>\n<p>[\/et_pb_text][et_pb_button button_url=&#8220;@ET-DC@eyJkeW5hbWljIjp0cnVlLCJjb250ZW50IjoicG9zdF9saW5rX3VybF9wYWdlIiwic2V0dGluZ3MiOnsicG9zdF9pZCI6IjE2IiwiZW5hYmxlX2h0bWwiOiJvZmYifX0=@&#8220; button_text=&#8220;Weiter&#8220; button_alignment=&#8220;center&#8220; _builder_version=&#8220;4.27.0&#8243; _dynamic_attributes=&#8220;button_url&#8220; _module_preset=&#8220;default&#8220; button_text_size=&#8220;22px&#8220; button_bg_color=&#8220;gcid-ea7f811c-db20-4b53-b311-cb5f0c816516&#8243; button_border_width=&#8220;0px&#8220; custom_padding=&#8220;2vh|200px|2vh|200px|true|true&#8220; custom_padding_tablet=&#8220;|200px||200px|true|true&#8220; custom_padding_phone=&#8220;1vh|5vw|1vh|10vw|true|false&#8220; custom_padding_last_edited=&#8220;on|tablet&#8220; global_colors_info=&#8220;{%22gcid-ea7f811c-db20-4b53-b311-cb5f0c816516%22:%91%22button_bg_color%22%93}&#8220;][\/et_pb_button][et_pb_image src=&#8220;https:\/\/offroop.hu\/wp-content\/uploads\/2024\/07\/00_20220804120828-img-1791-scaled-1.webp&#8220; title_text=&#8220;00_20220804120828-img-1791-scaled&#8220; align=&#8220;center&#8220; _builder_version=&#8220;4.27.0&#8243; _module_preset=&#8220;default&#8220; width=&#8220;65%&#8220; width_tablet=&#8220;74%&#8220; width_phone=&#8220;80%&#8220; width_last_edited=&#8220;on|phone&#8220; custom_css_main_element=&#8220;position: relative;||top: 0px;||z-index: 99;&#8220; border_radii=&#8220;on|30px|30px|30px|30px&#8220; global_colors_info=&#8220;{}&#8220; custom_css_main_element_last_edited=&#8220;on|phone&#8220; custom_css_main_element_phone=&#8220;top: 30px;&#8220; custom_css_main_element_tablet=&#8220;position: relative;||top: 0px;||z-index: 99;&#8220;][\/et_pb_image][\/et_pb_column][\/et_pb_row][\/et_pb_section][et_pb_section fb_built=&#8220;1&#8243; _builder_version=&#8220;4.27.0&#8243; _module_preset=&#8220;default&#8220; global_colors_info=&#8220;{}&#8220;][et_pb_row _builder_version=&#8220;4.27.0&#8243; _module_preset=&#8220;default&#8220; global_colors_info=&#8220;{}&#8220;][et_pb_column type=&#8220;4_4&#8243; _builder_version=&#8220;4.27.0&#8243; _module_preset=&#8220;default&#8220; global_colors_info=&#8220;{}&#8220;][\/et_pb_column][\/et_pb_row][\/et_pb_section][et_pb_section fb_built=&#8220;1&#8243; _builder_version=&#8220;4.25.2&#8243; _module_preset=&#8220;default&#8220; background_color=&#8220;gcid-ea7f811c-db20-4b53-b311-cb5f0c816516&#8243; custom_margin=&#8220;0px|0px|0px|0px|false|false&#8220; custom_padding=&#8220;30px|15px|30px|15px|true|true&#8220; global_colors_info=&#8220;{%22gcid-ea7f811c-db20-4b53-b311-cb5f0c816516%22:%91%22background_color%22%93}&#8220;][et_pb_row column_structure=&#8220;1_3,1_3,1_3&#8243; make_equal=&#8220;on&#8220; _builder_version=&#8220;4.25.2&#8243; _module_preset=&#8220;default&#8220; global_colors_info=&#8220;{}&#8220;][et_pb_column type=&#8220;1_3&#8243; _builder_version=&#8220;4.25.2&#8243; _module_preset=&#8220;default&#8220; global_colors_info=&#8220;{}&#8220;][et_pb_cta title=&#8220;Einf\u00fchrung&#8220; button_url=&#8220;@ET-DC@eyJkeW5hbWljIjp0cnVlLCJjb250ZW50IjoicG9zdF9saW5rX3VybF9wYWdlIiwic2V0dGluZ3MiOnsicG9zdF9pZCI6IjI0IiwiZW5hYmxlX2h0bWwiOiJvZmYifX0=@&#8220; button_text=&#8220;Weiter&#8220; _builder_version=&#8220;4.25.2&#8243; _dynamic_attributes=&#8220;button_url&#8220; _module_preset=&#8220;default&#8220; header_level=&#8220;h3&#8243; header_font=&#8220;|700|||||||&#8220; header_text_align=&#8220;left&#8220; header_font_size=&#8220;18px&#8220; body_font_size=&#8220;12px&#8220; use_background_color=&#8220;off&#8220; custom_button=&#8220;on&#8220; button_text_size=&#8220;14px&#8220; button_border_radius=&#8220;9px&#8220; button_font=&#8220;||||||||&#8220; button_use_icon=&#8220;off&#8220; button_alignment=&#8220;left&#8220; button_custom_padding=&#8220;5px|10px|5px|10px|true|true&#8220; custom_margin=&#8220;|||20px|false|false&#8220; custom_padding=&#8220;||||false|false&#8220; global_colors_info=&#8220;{}&#8220;]<\/p>\n<p style=\"text-align: left\"><span>Sie haben den Namen OFF-ROOP vielleicht schon auf verschiedenen GPS-Rallyes gesehen. Aber im Jahr 2023 wollen wir als Hersteller von Off-Road-Zubeh\u00f6r unser Off-Road-Lager verst\u00e4rken. <\/span><\/p>\n<p>[\/et_pb_cta][\/et_pb_column][et_pb_column type=&#8220;1_3&#8243; _builder_version=&#8220;4.25.2&#8243; _module_preset=&#8220;default&#8220; global_colors_info=&#8220;{}&#8220;][et_pb_text _builder_version=&#8220;4.25.2&#8243; _module_preset=&#8220;default&#8220; text_font_size=&#8220;12px&#8220; custom_margin=&#8220;||0px|20px|false|false&#8220; global_colors_info=&#8220;{}&#8220;]<\/p>\n<h4 class=\"sp-module-title\"><strong><span style=\"color: #ffffff\">Sie k\u00f6nnen uns hier finden<\/span><\/strong><\/h4>\n<p>[\/et_pb_text][et_pb_text _builder_version=&#8220;4.25.2&#8243; _module_preset=&#8220;default&#8220; text_font_size=&#8220;12px&#8220; custom_margin=&#8220;|||20px|false|false&#8220; global_colors_info=&#8220;{}&#8220;]<\/p>\n<p><span style=\"color: #ffffff\">AMTS 2023<\/span><br \/><span style=\"color: #ffffff\">Mini Badkissingen<\/span><\/p>\n<p>[\/et_pb_text][\/et_pb_column][et_pb_column type=&#8220;1_3&#8243; _builder_version=&#8220;4.25.2&#8243; _module_preset=&#8220;default&#8220; global_colors_info=&#8220;{}&#8220;][et_pb_text admin_label=&#8220;Sz\u00f6veg&#8220; _builder_version=&#8220;4.27.0&#8243; _module_preset=&#8220;default&#8220; text_font_size=&#8220;12px&#8220; width=&#8220;100%&#8220; custom_margin=&#8220;|||20px|false|false&#8220; hover_enabled=&#8220;0&#8243; global_colors_info=&#8220;{}&#8220; sticky_enabled=&#8220;0&#8243;]<\/p>\n<h4 class=\"sp-module-title\"><strong><span style=\"color: #ffffff\">Kontakt<\/span><\/strong><\/h4>\n<div class=\"sp-module-content\">\n<div class=\"custom\">\n<p><span style=\"color: #ffffff\">Tel.: <a href=\"tel%2020%\" style=\"color: #ffffff\">+36 20 938 7574<\/a><\/span><br \/><span style=\"color: #ffffff\">E-mail: <a href=\"mailto:sule.karoly@t-online.hu\" style=\"color: #ffffff\">sule.karoly@t-online.hu<br \/><\/a>Webc\u00edm: <a href=\"http:\/\/www.offroop.hu\/\" style=\"color: #ffffff\">www.offroop.hu<\/a><\/span><\/p>\n<\/div>\n<\/div>\n<p>[\/et_pb_text][\/et_pb_column][\/et_pb_row][et_pb_row _builder_version=&#8220;4.25.2&#8243; _module_preset=&#8220;default&#8220; global_colors_info=&#8220;{}&#8220;][et_pb_column type=&#8220;4_4&#8243; _builder_version=&#8220;4.25.2&#8243; _module_preset=&#8220;default&#8220; global_colors_info=&#8220;{}&#8220;][et_pb_divider color=&#8220;gcid-78795f82-d359-4ff2-b82b-c9c94c071f33&#8243; _builder_version=&#8220;4.25.2&#8243; _module_preset=&#8220;default&#8220; custom_margin=&#8220;0px||0px||false|false&#8220; custom_padding=&#8220;0px||0px||false|false&#8220; global_colors_info=&#8220;{%22gcid-78795f82-d359-4ff2-b82b-c9c94c071f33%22:%91%22color%22%93}&#8220;][\/et_pb_divider][et_pb_text _builder_version=&#8220;4.25.2&#8243; _dynamic_attributes=&#8220;content&#8220; _module_preset=&#8220;default&#8220; text_text_color=&#8220;gcid-78795f82-d359-4ff2-b82b-c9c94c071f33&#8243; global_colors_info=&#8220;{%22gcid-78795f82-d359-4ff2-b82b-c9c94c071f33%22:%91%22text_text_color%22%93}&#8220;]@ET-DC@eyJkeW5hbWljIjp0cnVlLCJjb250ZW50IjoiY3VycmVudF9kYXRlIiwic2V0dGluZ3MiOnsiYmVmb3JlIjoiXHUwMGE5ICAiLCJhZnRlciI6IiAgfCBBbGxlIFJlY2h0ZSB2b3JiZWhhbHRlbi4iLCJkYXRlX2Zvcm1hdCI6ImN1c3RvbSIsImN1c3RvbV9kYXRlX2Zvcm1hdCI6IlkiLCJlbmFibGVfaHRtbCI6Im9mZiJ9fQ==@[\/et_pb_text][et_pb_code _builder_version=&#8220;4.25.2&#8243; _module_preset=&#8220;default&#8220; global_colors_info=&#8220;{}&#8220;]<!-- [et_pb_line_break_holder] -->  .hlink div {<!-- [et_pb_line_break_holder] -->    background-color: blue;<!-- [et_pb_line_break_holder] -->    display: block;<!-- [et_pb_line_break_holder] -->    margin-left: auto;<!-- [et_pb_line_break_holder] -->    margin-right: auto;<!-- [et_pb_line_break_holder] -->    width: 50px;<!-- [et_pb_line_break_holder] -->  }<!-- [et_pb_line_break_holder] -->.hlink p {<!-- [et_pb_line_break_holder] -->    position: relative;<!-- [et_pb_line_break_holder] -->    text-decoration:none;<!-- [et_pb_line_break_holder] -->    color: white;<!-- [et_pb_line_break_holder] -->    text-align: center;<!-- [et_pb_line_break_holder] -->  }<!-- [et_pb_line_break_holder] -->  <!-- [et_pb_line_break_holder] -->  .hlink p::after {<!-- [et_pb_line_break_holder] -->    content: &#8220;;<!-- [et_pb_line_break_holder] -->    position:absolute;<!-- [et_pb_line_break_holder] -->    bottom: -4px;<!-- [et_pb_line_break_holder] -->    left: 0;<!-- [et_pb_line_break_holder] -->    width:0;<!-- [et_pb_line_break_holder] -->    height: 2px;<!-- [et_pb_line_break_holder] -->    background-color: white;<!-- [et_pb_line_break_holder] -->    transition: width .15s ease;<!-- [et_pb_line_break_holder] -->  }<!-- [et_pb_line_break_holder] -->  <!-- [et_pb_line_break_holder] -->  .hlink p:hover::after {<!-- [et_pb_line_break_holder] -->    width:100%;<!-- [et_pb_line_break_holder] -->  }<!-- [et_pb_line_break_holder] -->  [\/et_pb_code][\/et_pb_column][\/et_pb_row][\/et_pb_section]<\/p>\n","protected":false},"excerpt":{"rendered":"<p><div class=\"et_pb_module lwp_image_carousel lwp_image_carousel_0 et_animated\">\n\t\t\t\t\n\t\t\t\t\n\t\t\t\t\n\t\t\t\t\n\t\t\t\t\n\t\t\t\t\n\t\t\t\t<div class=\"et_pb_module_inner\">\n\t\t\t\t\t\r\n\t\t\t<section class=\"lwp-slick-slider slider small-slider lwp-default-slider lwp-side-center\" data-slick='{ \"vertical\":false, \"slidesToShow\": 1, \"slidesToScroll\": 1, \"dots\":false, \"arrows\":true, \"infinite\":false, \"autoplay\":true, \"autoplaySpeed\":2000, \"pauseOnHover\":true, \"adaptiveHeight\":true, \"speed\":300, \"cssEase\":\"ease\", \"responsive\": [ { \"breakpoint\": 980, \"settings\": { \"slidesToShow\": 1, \"slidesToScroll\": 1, \"arrows\":true,\"dots\":false } } ,{ \"breakpoint\": 767, \"settings\": { \"slidesToShow\": 1, \"slidesToScroll\": 1, \"arrows\":true,\"dots\":false } } ] }'>\r\n\t\t\t\t<div><img decoding=\"async\" src=\"https:\/\/offroop.hu\/wp-content\/uploads\/2024\/07\/1fb1.jpg\" alt=\"\" title=\"1fb1\"><\/div><div><img decoding=\"async\" src=\"https:\/\/offroop.hu\/wp-content\/uploads\/2024\/07\/IMG20230521170259.jpg\" alt=\"\" title=\"IMG20230521170259\"><\/div><div><img decoding=\"async\" src=\"https:\/\/offroop.hu\/wp-content\/uploads\/2024\/07\/IMG20230521170640.jpg\" alt=\"\" title=\"IMG20230521170640\"><\/div><div><img decoding=\"async\" src=\"https:\/\/offroop.hu\/wp-content\/uploads\/2024\/07\/IMG20230521170654.jpg\" alt=\"\" title=\"IMG20230521170654\"><\/div><div><img decoding=\"async\" src=\"https:\/\/offroop.hu\/wp-content\/uploads\/2024\/07\/IMG20230521170702.jpg\" alt=\"\" title=\"IMG20230521170702\"><\/div><div><img decoding=\"async\" src=\"https:\/\/offroop.hu\/wp-content\/uploads\/2024\/07\/IMG20230627101747.jpg\" alt=\"\" title=\"IMG20230627101747\"><\/div><div><img decoding=\"async\" src=\"https:\/\/offroop.hu\/wp-content\/uploads\/2024\/07\/IMG20230316085553.jpg\" alt=\"\" title=\"IMG20230316085553\"><\/div><div><img decoding=\"async\" src=\"https:\/\/offroop.hu\/wp-content\/uploads\/2024\/07\/IMG20230320172227.jpg\" alt=\"\" title=\"IMG20230320172227\"><\/div><div><img decoding=\"async\" src=\"https:\/\/offroop.hu\/wp-content\/uploads\/2024\/07\/IMG20230320172250.jpg\" alt=\"\" title=\"IMG20230320172250\"><\/div><div><img decoding=\"async\" src=\"https:\/\/offroop.hu\/wp-content\/uploads\/2024\/07\/IMG20230516172601.jpg\" alt=\"\" title=\"IMG20230516172601\"><\/div><div><img decoding=\"async\" src=\"https:\/\/offroop.hu\/wp-content\/uploads\/2024\/07\/IMG20230516172616.jpg\" alt=\"\" title=\"IMG20230516172616\"><\/div><div><img decoding=\"async\" src=\"https:\/\/offroop.hu\/wp-content\/uploads\/2024\/07\/IMG20230516172716.jpg\" alt=\"\" title=\"IMG20230516172716\"><\/div><div><img decoding=\"async\" src=\"https:\/\/offroop.hu\/wp-content\/uploads\/2024\/07\/IMG20230516172811.jpg\" alt=\"\" title=\"IMG20230516172811\"><\/div><div><img decoding=\"async\" src=\"https:\/\/offroop.hu\/wp-content\/uploads\/2024\/07\/IMG20230524063329.jpg\" alt=\"\" title=\"IMG20230524063329\"><\/div><div><img decoding=\"async\" src=\"https:\/\/offroop.hu\/wp-content\/uploads\/2024\/07\/IMG20230601131142-1.jpg\" alt=\"\" title=\"IMG20230601131142\"><\/div><div><img decoding=\"async\" src=\"https:\/\/offroop.hu\/wp-content\/uploads\/2024\/07\/IMG20230601131154-1.jpg\" alt=\"\" title=\"IMG20230601131154\"><\/div><div><img decoding=\"async\" src=\"https:\/\/offroop.hu\/wp-content\/uploads\/2024\/07\/IMG20231110091212.jpg\" alt=\"\" title=\"IMG20231110091212\"><\/div><div><img decoding=\"async\" src=\"https:\/\/offroop.hu\/wp-content\/uploads\/2024\/07\/IMG20231110092003.jpg\" alt=\"\" title=\"IMG20231110092003\"><\/div>\r\n\t\t\t<\/section>\n\t\t\t\t<\/div>\n\t\t\t<\/div>Dachtr\u00e4ger OFF-ROOP Dachgep\u00e4cktr\u00e4ger werden zu 100% in Ungarn von ungarischen Designern hergestellt. Sie sind aus 2-3 mm dickem Stahl, korrosionsbest\u00e4ndigem Stahl oder Aluminium f\u00fcr den Rahmen, die Frontplatte, die R\u00fcckwand und die Dachplatten gefertigt. Und dank ihrer kompakten Aluminium-Kreuzb\u00fcgel k\u00f6nnen sie mit beliebigen zus\u00e4tzlichen B\u00fcgeln [&hellip;]<\/p>\n","protected":false},"author":1,"featured_media":0,"parent":0,"menu_order":0,"comment_status":"closed","ping_status":"closed","template":"","meta":{"_et_pb_use_builder":"on","_et_pb_old_content":"","_et_gb_content_width":"","footnotes":""},"class_list":["post-1746","page","type-page","status-publish","hentry"],"_links":{"self":[{"href":"https:\/\/offroop.hu\/de\/wp-json\/wp\/v2\/pages\/1746","targetHints":{"allow":["GET"]}}],"collection":[{"href":"https:\/\/offroop.hu\/de\/wp-json\/wp\/v2\/pages"}],"about":[{"href":"https:\/\/offroop.hu\/de\/wp-json\/wp\/v2\/types\/page"}],"author":[{"embeddable":true,"href":"https:\/\/offroop.hu\/de\/wp-json\/wp\/v2\/users\/1"}],"replies":[{"embeddable":true,"href":"https:\/\/offroop.hu\/de\/wp-json\/wp\/v2\/comments?post=1746"}],"version-history":[{"count":298,"href":"https:\/\/offroop.hu\/de\/wp-json\/wp\/v2\/pages\/1746\/revisions"}],"predecessor-version":[{"id":5131,"href":"https:\/\/offroop.hu\/de\/wp-json\/wp\/v2\/pages\/1746\/revisions\/5131"}],"wp:attachment":[{"href":"https:\/\/offroop.hu\/de\/wp-json\/wp\/v2\/media?parent=1746"}],"curies":[{"name":"wp","href":"https:\/\/api.w.org\/{rel}","templated":true}]}}