{"id":1764,"date":"2024-07-25T16:53:05","date_gmt":"2024-07-25T16:53:05","guid":{"rendered":"https:\/\/offroop.hu\/land-rover-defender\/"},"modified":"2025-08-25T10:38:57","modified_gmt":"2025-08-25T10:38:57","slug":"land-rover-defender","status":"publish","type":"page","link":"https:\/\/offroop.hu\/de\/land-rover-defender\/","title":{"rendered":"Land Rover Defender"},"content":{"rendered":"<p>[et_pb_section fb_built=&#8220;1&#8243; _builder_version=&#8220;4.25.2&#8243; _module_preset=&#8220;default&#8220; global_colors_info=&#8220;{}&#8220;][et_pb_row column_structure=&#8220;1_2,1_2&#8243; _builder_version=&#8220;4.25.2&#8243; _module_preset=&#8220;default&#8220; global_colors_info=&#8220;{}&#8220;][et_pb_column type=&#8220;1_2&#8243; _builder_version=&#8220;4.25.2&#8243; _module_preset=&#8220;default&#8220; global_colors_info=&#8220;{}&#8220;][et_pb_image src=&#8220;https:\/\/offroop.hu\/wp-content\/uploads\/2024\/07\/logo-scaled.webp&#8220; title_text=&#8220;Logo&#8220; _builder_version=&#8220;4.25.2&#8243; _module_preset=&#8220;default&#8220; custom_padding=&#8220;|159px||||&#8220; global_colors_info=&#8220;{}&#8220;][\/et_pb_image][et_pb_text _builder_version=&#8220;4.27.0&#8243; _module_preset=&#8220;default&#8220; hover_enabled=&#8220;0&#8243; global_colors_info=&#8220;{}&#8220; sticky_enabled=&#8220;0&#8243;]<\/p>\n<div class=\"sppb-col-md-6\" id=\"column-wrap-id-1678444325135\">\n<div id=\"column-id-1678444325135\" class=\"sppb-column\">\n<div class=\"sppb-column-addons\">\n<div id=\"sppb-addon-wrapper-1678444325143\" class=\"sppb-addon-wrapper\">\n<div id=\"sppb-addon-1678444325143\" class=\" sppb-wow fadeInLeft clearfix sppb-animated\" data-sppb-wow-duration=\"300ms\">\n<div class=\"sppb-addon sppb-addon-text-block \">\n<div class=\"sppb-addon-content\">\n<div>\n<div class=\"sppb-col-md-6\" id=\"column-wrap-id-1678444325135\">\n<div id=\"column-id-1678444325135\" class=\"sppb-column\">\n<div class=\"sppb-column-addons\">\n<div id=\"sppb-addon-wrapper-1678444325143\" class=\"sppb-addon-wrapper\">\n<div id=\"sppb-addon-1678444325143\" class=\" sppb-wow fadeInLeft clearfix sppb-animated\" data-sppb-wow-duration=\"300ms\">\n<div class=\"sppb-addon sppb-addon-text-block \">\n<div class=\"sppb-addon-content\">\n<div>\n<p><span>OFF-ROOP Dachgep\u00e4cktr\u00e4ger werden zu 100% in Ungarn von ungarischen Designern hergestellt.<\/span><\/p>\n<p><span>Die Seitenw\u00e4nde sind standardm\u00e4\u00dfig aus 3 mm dickem Stahl, die Frontplatte, die R\u00fcckwand und die Dachpaneele aus 2 mm dickem Stahl gefertigt. Andere Blechst\u00e4rken und Materialqualit\u00e4ten k\u00f6nnen vom Kunden angefordert werden. <br \/>Die Aluminium-Kreuzb\u00fcgel erm\u00f6glichen die Anbringung beliebiger zus\u00e4tzlicher B\u00fcgel, deren Positionierung frei variiert werden kann.<br \/><\/span><\/p>\n<p><span>Der Dachtr\u00e4ger ist mit oder ohne Dachplatten erh\u00e4ltlich.<\/span><\/p>\n<p><span>In zerlegtem Zustand ist er leicht zu transportieren und kann zu Hause ohne Spezialwerkzeug zusammengebaut werden.<\/span><\/p>\n<p><span>Das Dach bietet Platz f\u00fcr jedes Dachzelt und jede Expeditionsausr\u00fcstung.<\/span><\/p>\n<p><span>Der Korrosionsschutz wird durch Pulverbeschichtung oder Polieren gew\u00e4hrleistet. Die Grundfarbe ist schwarz, aber jede RAL-Farbe und Sonderlackierung (z.B. Raptor) ist gegen Aufpreis erh\u00e4ltlich. <\/span><\/p>\n<p><span>Zuladung: die vom Fahrzeughersteller angegebene maximale Zuladung auf dem Fahrzeugdach.<\/span><\/p>\n<p><span>Wenn das Produkt nicht auf Lager ist, betr\u00e4gt die Produktionszeit 3-4 Wochen.<\/span><\/p>\n<p><span><strong>F\u00fcr Fragen oder Bestellungen<\/strong> kontaktieren Sie uns bitte unter der folgenden E-Mail-Adresse:<\/span><\/p>\n<p><span><strong>bence.poor@offroop.hu<\/strong><\/span><\/p>\n<\/div>\n<\/div>\n<\/div>\n<\/div>\n<\/div>\n<\/div>\n<\/div>\n<\/div>\n<div class=\"sppb-col-md-6\" id=\"column-wrap-id-1678444490352\">\n<div id=\"column-id-1678444490352\" class=\"sppb-column\">\n<div class=\"sppb-column-addons\">\n<div id=\"sppb-addon-wrapper-1678444490372\" class=\"sppb-addon-wrapper\">\n<div id=\"sppb-addon-1678444490372\" class=\" sppb-wow bounceIn clearfix sppb-animated\" data-sppb-wow-duration=\"300ms\">\n<div id=\"sppb-carousel1\" data-interval=\"5000\" class=\"sppb-carousel sppb-slide\" data-sppb-ride=\"sppb-carousel\"><\/div>\n<\/div>\n<\/div>\n<\/div>\n<\/div>\n<\/div>\n<\/div>\n<\/div>\n<\/div>\n<\/div>\n<\/div>\n<\/div>\n<\/div>\n<\/div>\n<p>[\/et_pb_text][\/et_pb_column][et_pb_column type=&#8220;1_2&#8243; _builder_version=&#8220;4.25.2&#8243; _module_preset=&#8220;default&#8220; global_colors_info=&#8220;{}&#8220;][lwp_image_carousel gallery_ids=&#8220;56,57,55,58&#8243; slides_show=&#8220;1&#8243; _builder_version=&#8220;4.25.2&#8243; _module_preset=&#8220;default&#8220; global_colors_info=&#8220;{}&#8220;][\/lwp_image_carousel][\/et_pb_column][\/et_pb_row][\/et_pb_section]<\/p>\n","protected":false},"excerpt":{"rendered":"<p>OFF-ROOP Dachgep\u00e4cktr\u00e4ger werden zu 100% in Ungarn von ungarischen Designern hergestellt. Die Seitenw\u00e4nde sind standardm\u00e4\u00dfig aus 3 mm dickem Stahl, die Frontplatte, die R\u00fcckwand und die Dachpaneele aus 2 mm dickem Stahl gefertigt. Andere Blechst\u00e4rken und Materialqualit\u00e4ten k\u00f6nnen vom Kunden angefordert werden. Die Aluminium-Kreuzb\u00fcgel erm\u00f6glichen die Anbringung beliebiger zus\u00e4tzlicher B\u00fcgel, deren Positionierung frei variiert werden [&hellip;]<\/p>\n","protected":false},"author":1,"featured_media":0,"parent":0,"menu_order":0,"comment_status":"closed","ping_status":"closed","template":"","meta":{"_et_pb_use_builder":"on","_et_pb_old_content":"","_et_gb_content_width":"","footnotes":""},"class_list":["post-1764","page","type-page","status-publish","hentry"],"_links":{"self":[{"href":"https:\/\/offroop.hu\/de\/wp-json\/wp\/v2\/pages\/1764","targetHints":{"allow":["GET"]}}],"collection":[{"href":"https:\/\/offroop.hu\/de\/wp-json\/wp\/v2\/pages"}],"about":[{"href":"https:\/\/offroop.hu\/de\/wp-json\/wp\/v2\/types\/page"}],"author":[{"embeddable":true,"href":"https:\/\/offroop.hu\/de\/wp-json\/wp\/v2\/users\/1"}],"replies":[{"embeddable":true,"href":"https:\/\/offroop.hu\/de\/wp-json\/wp\/v2\/comments?post=1764"}],"version-history":[{"count":13,"href":"https:\/\/offroop.hu\/de\/wp-json\/wp\/v2\/pages\/1764\/revisions"}],"predecessor-version":[{"id":2713,"href":"https:\/\/offroop.hu\/de\/wp-json\/wp\/v2\/pages\/1764\/revisions\/2713"}],"wp:attachment":[{"href":"https:\/\/offroop.hu\/de\/wp-json\/wp\/v2\/media?parent=1764"}],"curies":[{"name":"wp","href":"https:\/\/api.w.org\/{rel}","templated":true}]}}