{"id":1777,"date":"2024-07-23T18:12:38","date_gmt":"2024-07-23T18:12:38","guid":{"rendered":"https:\/\/offroop.hu\/outdoor-zubehoer\/"},"modified":"2024-08-31T11:15:56","modified_gmt":"2024-08-31T11:15:56","slug":"outdoor-zubehoer","status":"publish","type":"page","link":"https:\/\/offroop.hu\/de\/outdoor-zubehoer\/","title":{"rendered":"Outdoor-Zubeh\u00f6r"},"content":{"rendered":"<p>[et_pb_section fb_built=&#8220;1&#8243; _builder_version=&#8220;4.25.2&#8243; _module_preset=&#8220;default&#8220; global_colors_info=&#8220;{}&#8220;][et_pb_row column_structure=&#8220;1_2,1_2&#8243; _builder_version=&#8220;4.27.0&#8243; _module_preset=&#8220;default&#8220; global_colors_info=&#8220;{}&#8220;][et_pb_column type=&#8220;1_2&#8243; _builder_version=&#8220;4.27.0&#8243; _module_preset=&#8220;default&#8220; global_colors_info=&#8220;{}&#8220;][et_pb_image src=&#8220;https:\/\/offroop.hu\/wp-content\/uploads\/2024\/07\/logo-scaled.webp&#8220; title_text=&#8220;Logo&#8220; _builder_version=&#8220;4.25.2&#8243; _module_preset=&#8220;default&#8220; global_colors_info=&#8220;{}&#8220;][\/et_pb_image][\/et_pb_column][et_pb_column type=&#8220;1_2&#8243; _builder_version=&#8220;4.27.0&#8243; _module_preset=&#8220;default&#8220; global_colors_info=&#8220;{}&#8220;][\/et_pb_column][\/et_pb_row][et_pb_row column_structure=&#8220;1_2,1_2&#8243; _builder_version=&#8220;4.25.2&#8243; _module_preset=&#8220;default&#8220; custom_padding=&#8220;||27px|||&#8220; global_colors_info=&#8220;{}&#8220;][et_pb_column type=&#8220;1_2&#8243; _builder_version=&#8220;4.25.2&#8243; _module_preset=&#8220;default&#8220; global_colors_info=&#8220;{}&#8220;][et_pb_button button_url=&#8220;@ET-DC@eyJkeW5hbWljIjp0cnVlLCJjb250ZW50IjoicG9zdF9saW5rX3VybF9wYWdlIiwic2V0dGluZ3MiOnsicG9zdF9pZCI6IjY2MCIsImVuYWJsZV9odG1sIjoib2ZmIn19@&#8220; button_text=&#8220;Wasserkanne&#8220; _builder_version=&#8220;4.27.0&#8243; _dynamic_attributes=&#8220;button_url&#8220; _module_preset=&#8220;default&#8220; global_colors_info=&#8220;{}&#8220;][\/et_pb_button][et_pb_button button_url=&#8220;@ET-DC@eyJkeW5hbWljIjp0cnVlLCJjb250ZW50IjoicG9zdF9saW5rX3VybF9wYWdlIiwic2V0dGluZ3MiOnsicG9zdF9pZCI6IjY2OSIsImVuYWJsZV9odG1sIjoib2ZmIn19@&#8220; button_text=&#8220;Speckr\u00f6ster&#8220; _builder_version=&#8220;4.27.0&#8243; _dynamic_attributes=&#8220;button_url&#8220; _module_preset=&#8220;default&#8220; global_colors_info=&#8220;{}&#8220;][\/et_pb_button][et_pb_button button_url=&#8220;@ET-DC@eyJkeW5hbWljIjp0cnVlLCJjb250ZW50IjoicG9zdF9saW5rX3VybF9wYWdlIiwic2V0dGluZ3MiOnsicG9zdF9pZCI6IjY3NSIsImVuYWJsZV9odG1sIjoib2ZmIn19@&#8220; button_text=&#8220;Sonnenkollektoren&#8220; _builder_version=&#8220;4.27.0&#8243; _dynamic_attributes=&#8220;button_url&#8220; _module_preset=&#8220;default&#8220; global_colors_info=&#8220;{}&#8220;][\/et_pb_button][et_pb_button button_url=&#8220;@ET-DC@eyJkeW5hbWljIjp0cnVlLCJjb250ZW50IjoicG9zdF9saW5rX3VybF9wYWdlIiwic2V0dGluZ3MiOnsicG9zdF9pZCI6IjY5NCIsImVuYWJsZV9odG1sIjoib2ZmIn19@&#8220; button_text=&#8220;Kraftwerk&#8220; _builder_version=&#8220;4.27.0&#8243; _dynamic_attributes=&#8220;button_url&#8220; _module_preset=&#8220;default&#8220; global_colors_info=&#8220;{}&#8220;][\/et_pb_button][et_pb_text _builder_version=&#8220;4.27.0&#8243; _module_preset=&#8220;default&#8220; hover_enabled=&#8220;0&#8243; global_colors_info=&#8220;{}&#8220; sticky_enabled=&#8220;0&#8243;]<\/p>\n<div id=\"sppb-addon-wrapper-1699959143835\" class=\"sppb-addon-wrapper\" bis_skin_checked=\"1\">\n<div id=\"sppb-addon-1699959143835\" class=\"clearfix \" bis_skin_checked=\"1\">\n<div class=\"sppb-addon sppb-addon-text-block \" bis_skin_checked=\"1\">\n<div class=\"sppb-addon-content\" bis_skin_checked=\"1\">\n<div style=\"text-align: justify;\" bis_skin_checked=\"1\"><span style=\"font-size: 12pt;\">Mit unserem Outdoor-Zubeh\u00f6r helfen wir Ihnen, w\u00e4hrend einer Wanderung den Komfort von zu Hause so weit wie m\u00f6glich zu genie\u00dfen.<\/span><\/div>\n<div style=\"text-align: justify;\" bis_skin_checked=\"1\"><span style=\"font-size: 12pt;\"><br \/>Nicht jeder m\u00f6chte w\u00e4hrend einer langen \u00dcberlandtour auf seine Elektronik verzichten, sei es, um unterwegs zu arbeiten oder um Ger\u00e4te aufzuladen, um Erinnerungen festzuhalten &#8211; eine Stromstation ist die perfekte L\u00f6sung.<\/span><\/div>\n<div style=\"text-align: justify;\" bis_skin_checked=\"1\"><span style=\"font-size: 12pt;\"><br \/>Solarzellen bieten eine umweltfreundliche L\u00f6sung f\u00fcr das Aufladen von Ger\u00e4ten, die \u00fcberall eingesetzt werden k\u00f6nnen. Auf dem Auto angebracht, helfen sie, die Batterien w\u00e4hrend einer Pause aufzuladen. Nach der Pause ist es an der Zeit, Speck mit einem platzsparenden Spargel zu braten, gefolgt von einem Wasserkrug in Kombination mit einem Seifenspender, der das H\u00e4ndewaschen erleichtert.  <\/span><\/div>\n<\/div>\n<\/div>\n<\/div>\n<\/div>\n<p>[\/et_pb_text][\/et_pb_column][et_pb_column type=&#8220;1_2&#8243; _builder_version=&#8220;4.25.2&#8243; _module_preset=&#8220;default&#8220; global_colors_info=&#8220;{}&#8220;][lwp_image_carousel _builder_version=&#8220;4.27.0&#8243; _module_preset=&#8220;default&#8220; hover_enabled=&#8220;0&#8243; sticky_enabled=&#8220;0&#8243; slides_show=&#8220;1&#8243; gallery_ids=&#8220;228,672,673,684,700&#8243;][\/lwp_image_carousel][\/et_pb_column][\/et_pb_row][\/et_pb_section]<\/p>\n","protected":false},"excerpt":{"rendered":"<p>Mit unserem Outdoor-Zubeh\u00f6r helfen wir Ihnen, w\u00e4hrend einer Wanderung den Komfort von zu Hause so weit wie m\u00f6glich zu genie\u00dfen. Nicht jeder m\u00f6chte w\u00e4hrend einer langen \u00dcberlandtour auf seine Elektronik verzichten, sei es, um unterwegs zu arbeiten oder um Ger\u00e4te aufzuladen, um Erinnerungen festzuhalten &#8211; eine Stromstation ist die perfekte L\u00f6sung. Solarzellen bieten eine umweltfreundliche [&hellip;]<\/p>\n","protected":false},"author":1,"featured_media":0,"parent":0,"menu_order":0,"comment_status":"closed","ping_status":"closed","template":"","meta":{"_et_pb_use_builder":"on","_et_pb_old_content":"","_et_gb_content_width":"","footnotes":""},"class_list":["post-1777","page","type-page","status-publish","hentry"],"_links":{"self":[{"href":"https:\/\/offroop.hu\/de\/wp-json\/wp\/v2\/pages\/1777","targetHints":{"allow":["GET"]}}],"collection":[{"href":"https:\/\/offroop.hu\/de\/wp-json\/wp\/v2\/pages"}],"about":[{"href":"https:\/\/offroop.hu\/de\/wp-json\/wp\/v2\/types\/page"}],"author":[{"embeddable":true,"href":"https:\/\/offroop.hu\/de\/wp-json\/wp\/v2\/users\/1"}],"replies":[{"embeddable":true,"href":"https:\/\/offroop.hu\/de\/wp-json\/wp\/v2\/comments?post=1777"}],"version-history":[{"count":5,"href":"https:\/\/offroop.hu\/de\/wp-json\/wp\/v2\/pages\/1777\/revisions"}],"predecessor-version":[{"id":1782,"href":"https:\/\/offroop.hu\/de\/wp-json\/wp\/v2\/pages\/1777\/revisions\/1782"}],"wp:attachment":[{"href":"https:\/\/offroop.hu\/de\/wp-json\/wp\/v2\/media?parent=1777"}],"curies":[{"name":"wp","href":"https:\/\/api.w.org\/{rel}","templated":true}]}}