{"id":1808,"date":"2024-07-31T10:52:30","date_gmt":"2024-07-31T10:52:30","guid":{"rendered":"https:\/\/offroop.hu\/outdoor-zubehoer\/kraftwerk\/"},"modified":"2024-08-31T12:30:08","modified_gmt":"2024-08-31T12:30:08","slug":"kraftwerk","status":"publish","type":"page","link":"https:\/\/offroop.hu\/de\/outdoor-zubehoer\/kraftwerk\/","title":{"rendered":"Kraftwerk"},"content":{"rendered":"<p>[et_pb_section fb_built=&#8220;1&#8243; _builder_version=&#8220;4.27.0&#8243; _module_preset=&#8220;default&#8220; global_colors_info=&#8220;{}&#8220;][et_pb_row column_structure=&#8220;1_2,1_2&#8243; _builder_version=&#8220;4.27.0&#8243; _module_preset=&#8220;default&#8220; global_colors_info=&#8220;{}&#8220;][et_pb_column type=&#8220;1_2&#8243; _builder_version=&#8220;4.27.0&#8243; _module_preset=&#8220;default&#8220; global_colors_info=&#8220;{}&#8220;][et_pb_image src=&#8220;https:\/\/offroop.hu\/wp-content\/uploads\/2024\/07\/logo-scaled.webp&#8220; title_text=&#8220;Logo&#8220; _builder_version=&#8220;4.27.0&#8243; _module_preset=&#8220;default&#8220; hover_enabled=&#8220;0&#8243; global_colors_info=&#8220;{}&#8220; sticky_enabled=&#8220;0&#8243;][\/et_pb_image][et_pb_text _builder_version=&#8220;4.27.0&#8243; _module_preset=&#8220;default&#8220; hover_enabled=&#8220;0&#8243; global_colors_info=&#8220;{}&#8220; sticky_enabled=&#8220;0&#8243;]<\/p>\n<div class=\"sppb-col-md-6\" id=\"column-wrap-id-1700473726313\" bis_skin_checked=\"1\">\n<div id=\"column-id-1700473726313\" class=\"sppb-column\" bis_skin_checked=\"1\">\n<div class=\"sppb-column-addons\" bis_skin_checked=\"1\">\n<div id=\"sppb-addon-wrapper-1678444325143\" class=\"sppb-addon-wrapper\" bis_skin_checked=\"1\">\n<div id=\"sppb-addon-1678444325143\" class=\" sppb-wow fadeInLeft clearfix sppb-animated\" data-sppb-wow-duration=\"300ms\" style=\"visibility: visible; animation-duration: 300ms; animation-name: fadeInLeft;\" bis_skin_checked=\"1\">\n<div class=\"sppb-addon sppb-addon-text-block \" bis_skin_checked=\"1\">\n<div class=\"sppb-addon-content\" bis_skin_checked=\"1\">\n<p><span style=\"font-size: 14pt;\"><strong>LD500W LiFePO4<\/strong><\/span><\/p>\n<p><span style=\"font-size: 12pt;\"><strong>Spezifikationen:<\/strong>Tragbares Kraftwerk<\/span><br \/><span style=\"font-size: 12pt;\">500Wh\/600W mit 3000 Zyklen<\/span><br \/><span style=\"font-size: 12pt;\">1 AC-Anschluss (max. 600W)<\/span><br \/><span style=\"font-size: 12pt;\">2 USB-A-Anschl\u00fcsse (2,4A)<\/span><br \/><span style=\"font-size: 12pt;\">2 USB-C-Anschl\u00fcsse (2,4A)<\/span><\/p>\n<p><span style=\"font-size: 12pt;\">Taschenlampe<\/span><br \/><span style=\"font-size: 12pt;\">wird mit einem sicheren Lithium-Eisenphosphat-Akku (LiFePo4) betrieben.<\/span><\/p>\n<p><span style=\"font-size: 12pt;\">Unendliche Leistung:<\/span><br \/><span style=\"font-size: 12pt;\">Dieses Kraftwerk hat eine gro\u00dfe Kapazit\u00e4t von 500Wh und verf\u00fcgt \u00fcber eine starke \u00dcberlastkapazit\u00e4t von bis zu 600W und eine sofortige Spitzenleistung von bis zu 800W. Es ist auch eine geeignete Stromquelle f\u00fcr Stromausf\u00e4lle zu Hause, auf Reisen, im Wohnwagen, im Auto und beim Angeln. <\/span><\/p>\n<p><span style=\"font-size: 12pt;\">Sichere LiFePO4-Batterie mit langer Lebensdauer:<\/span><\/p>\n<p><span style=\"font-size: 12pt;\">Er verf\u00fcgt \u00fcber einen eingebauten LiFePO4-Akku, der die Batterie sicherer und stabiler macht. Die eingebaute Batterie hat mehr als 3.000 Ladezyklen und eine Lebensdauer von mehr als 10 Jahren. <\/span><\/p>\n<p><span style=\"font-size: 12pt;\">Universelle Solarstromerzeugung:<\/span><\/p>\n<p><span style=\"font-size: 12pt;\">Das tragbare Kraftwerk kann an ein Solarpanel angeschlossen werden. Die maximale Eingangsleistung betr\u00e4gt 300 W und unterst\u00fctzt 12-30-V-Solarpaneele (max. 300 W). Dar\u00fcber hinaus kann ein 230-V-Wechselstromadapter (145 W) zum Aufladen verwendet werden.  <\/span><\/p>\n<p><span style=\"font-size: 12pt;\"><span style=\"font-size: 14pt;\"><strong><br \/>Preis: Netto: 349 \u20ac<\/strong><span style=\"font-size: 10pt;\"><strong><br \/>\/St\u00fcck<\/strong>Brutto: 443 \u20ac, \/St\u00fcck<\/span><\/span><\/span><\/p>\n<p>&nbsp;<\/p>\n<p>&nbsp;<\/p>\n<\/div>\n<\/div>\n<\/div>\n<\/div>\n<\/div>\n<\/div>\n<\/div>\n<p>[\/et_pb_text][\/et_pb_column][et_pb_column type=&#8220;1_2&#8243; _builder_version=&#8220;4.27.0&#8243; _module_preset=&#8220;default&#8220; global_colors_info=&#8220;{}&#8220;][et_pb_image src=&#8220;https:\/\/offroop.hu\/wp-content\/uploads\/2024\/07\/power_500_web.webp&#8220; title_text=&#8220;power_500_web&#8220; _builder_version=&#8220;4.27.0&#8243; _module_preset=&#8220;default&#8220; custom_margin=&#8220;115px||||false|false&#8220; hover_enabled=&#8220;0&#8243; global_colors_info=&#8220;{}&#8220; sticky_enabled=&#8220;0&#8243;][\/et_pb_image][\/et_pb_column][\/et_pb_row][et_pb_row _builder_version=&#8220;4.27.0&#8243; _module_preset=&#8220;default&#8220; column_structure=&#8220;1_2,1_2&#8243;][et_pb_column _builder_version=&#8220;4.27.0&#8243; _module_preset=&#8220;default&#8220; type=&#8220;1_2&#8243;][et_pb_text _builder_version=&#8220;4.27.0&#8243; _module_preset=&#8220;default&#8220; hover_enabled=&#8220;0&#8243; sticky_enabled=&#8220;0&#8243;]<\/p>\n<p><span style=\"font-size: 14pt;\"><strong>LD1000W LiFePO4<\/strong><\/span><\/p>\n<p><span style=\"font-size: 12pt;\"><strong><br \/>Spezifikationen:<\/strong>Tragbares Kraftwerk<\/span><br \/><span style=\"font-size: 12pt;\">1024Wh\/1000W mit 3000 Zyklen<\/span><br \/><span style=\"font-size: 12pt;\">2 AC-Anschl\u00fcsse (max. 1000W)<\/span><br \/><span style=\"font-size: 12pt;\">2 St\u00fcck DC-Anschluss (max. 140W)<\/span><br \/><span style=\"font-size: 12pt;\">2 x USB-A-Anschluss (max. 2,4A)<\/span><br \/><span style=\"font-size: 12pt;\">2 USB-C-Anschl\u00fcsse (2,4A)<\/span><\/p>\n<p><span style=\"font-size: 12pt;\">Taschenlampe<\/span><br \/><span style=\"font-size: 12pt;\">wird mit einem sicheren Lithium-Eisenphosphat-Akku (LiFePo4) betrieben.<\/span><\/p>\n<p><span style=\"font-size: 12pt;\">Unendliche Leistung:<\/span><br \/><span style=\"font-size: 12pt;\">Dieses Kraftwerk hat eine gro\u00dfe Kapazit\u00e4t von 1024Wh und verf\u00fcgt \u00fcber eine starke \u00dcberlastkapazit\u00e4t von bis zu 1000W und eine sofortige Spitzenleistung von bis zu 2000W. Es ist auch eine geeignete Stromquelle f\u00fcr Stromausf\u00e4lle zu Hause, auf Reisen, im Wohnwagen, im Auto und beim Angeln. <\/span><\/p>\n<p><span style=\"font-size: 12pt;\">Sichere LiFePO4-Batterie mit langer Lebensdauer:<\/span><br \/><span style=\"font-size: 12pt;\">Der eingebaute LiFePO4-Akku macht die Batterie sicherer und stabiler. Die eingebaute Batterie hat mehr als 3.000 Ladezyklen und eine Lebensdauer von mehr als 10 Jahren. <\/span><\/p>\n<p><span style=\"font-size: 12pt;\">Universelle Solarstromerzeugung:<\/span><br \/><span style=\"font-size: 12pt;\">Das tragbare Kraftwerk kann an ein Solarpanel angeschlossen werden. Die maximale Eingangsleistung betr\u00e4gt 300 W und unterst\u00fctzt 12-30-V-Solarpaneele (max. 300 W). Dar\u00fcber hinaus kann ein 230-V-Wechselstromadapter (145 W) zum Aufladen verwendet werden.  <\/span><\/p>\n<p><span style=\"font-size: 12pt;\"><span style=\"font-size: 14pt;\"><strong><br \/>Preis: Netto: 495 \u20ac<\/strong><span style=\"font-size: 10pt;\"><strong><br \/>\/St\u00fcck<\/strong>Brutto: 695 \u20ac \/St\u00fcck<strong><\/strong><\/span><\/span><\/span><\/p>\n<p>[\/et_pb_text][\/et_pb_column][et_pb_column _builder_version=&#8220;4.27.0&#8243; _module_preset=&#8220;default&#8220; type=&#8220;1_2&#8243;][et_pb_image src=&#8220;https:\/\/offroop.hu\/wp-content\/uploads\/2024\/07\/lifep04-960-wh.webp&#8220; title_text=&#8220;lifep04-960-wh&#8220; _builder_version=&#8220;4.27.0&#8243; _module_preset=&#8220;default&#8220; custom_margin=&#8220;||||false|false&#8220; hover_enabled=&#8220;0&#8243; global_colors_info=&#8220;{}&#8220; sticky_enabled=&#8220;0&#8243;][\/et_pb_image][\/et_pb_column][\/et_pb_row][et_pb_row _builder_version=&#8220;4.27.0&#8243; _module_preset=&#8220;default&#8220; column_structure=&#8220;1_2,1_2&#8243;][et_pb_column _builder_version=&#8220;4.27.0&#8243; _module_preset=&#8220;default&#8220; type=&#8220;1_2&#8243;][et_pb_text _builder_version=&#8220;4.27.0&#8243; _module_preset=&#8220;default&#8220; hover_enabled=&#8220;0&#8243; sticky_enabled=&#8220;0&#8243;]<\/p>\n<p><strong><span style=\"font-size: 14pt;\">LD1200W LiFePO4<\/span><br \/><\/strong><strong><br \/><span style=\"font-size: 12pt;\">Spezifikationen:<\/span><br \/><\/strong><span style=\"font-size: 12pt;\">Tragbares Kraftwerk<\/span><br \/><span style=\"font-size: 12pt;\">960Wh\/1200W mit 3000 Zyklen<\/span><br \/><span style=\"font-size: 12pt;\">3 AC-Anschl\u00fcsse (max. 1200W)<\/span><br \/><span style=\"font-size: 12pt;\">2db DC-Anschluss (max 140W)<\/span><br \/><span style=\"font-size: 12pt;\">2 USB-A-Anschl\u00fcsse (2,4A)<\/span><br \/><span style=\"font-size: 12pt;\">2 USB-A poorten (max 2.4A)<\/span><\/p>\n<p><span style=\"font-size: 12pt;\">Taschenlampe<\/span><br \/><span style=\"font-size: 12pt;\">wird mit einem sicheren Lithium-Eisenphosphat-Akku (LiFePo4) betrieben.<\/span><\/p>\n<p><span style=\"font-size: 12pt;\">Unendliche Leistung:<\/span><br \/><span style=\"font-size: 12pt;\">Deze centrale heeft een grote capaciteit van 960Wh en een krachtige belastbaarheid tot 1200W. Het is ook een geschikte stroombron voor stroomuitval thuis, reizen, caravans, auto&#8217;s en vissen. <\/span><\/p>\n<p><span style=\"font-size: 12pt;\">Veilige LiFePO4-batterij met lange levensduur.<\/span><br \/><span style=\"font-size: 12pt;\">Hij heeft een ingebouwde LiFePO4-batterij, waardoor de batterij veiliger en stabieler is. De batterij kan meer dan 3000 keer worden opgeladen en gaat meer dan tien jaar mee. <\/span><\/p>\n<p><span style=\"font-size: 12pt;\">Universele opwekking van zonne-energie:<\/span><br \/><span style=\"font-size: 12pt;\">De draagbare energiecentrale kan worden aangesloten op een zonnepaneel. Het maximale ingangsvermogen is 500 W en ondersteunt 12-50 V zonnepanelen (max. 500 W). Daarnaast kan een 230V AC-adapter (145 W) worden gebruikt voor opladen.  <\/span><\/p>\n<p><span style=\"font-size: 12pt;\"><span style=\"font-size: 14pt;\"><strong><br \/>Preis: Netto: \u20ac595<\/strong><span style=\"font-size: 10pt;\"><strong><br \/><\/strong>Brutto: 756 \u20ac <strong><br \/><\/strong><\/span><\/span><\/span><\/p>\n<p><span style=\"font-size: 12pt;\"><span style=\"font-size: 14pt;\"><span style=\"font-size: 10pt;\"><strong> <\/strong><\/span><\/span><\/span><\/p>\n<p>[\/et_pb_text][\/et_pb_column][et_pb_column _builder_version=&#8220;4.27.0&#8243; _module_preset=&#8220;default&#8220; type=&#8220;1_2&#8243;][et_pb_image src=&#8220;https:\/\/offroop.hu\/wp-content\/uploads\/2024\/07\/power_1028_web.webp&#8220; title_text=&#8220;power_1028_web&#8220; _builder_version=&#8220;4.27.0&#8243; _module_preset=&#8220;default&#8220; custom_margin=&#8220;||||false|false&#8220; hover_enabled=&#8220;0&#8243; global_colors_info=&#8220;{}&#8220; sticky_enabled=&#8220;0&#8243;][\/et_pb_image][\/et_pb_column][\/et_pb_row][\/et_pb_section]<\/p>\n","protected":false},"excerpt":{"rendered":"<p>LD500W LiFePO4 Spezifikationen:Tragbares Kraftwerk500Wh\/600W mit 3000 Zyklen1 AC-Anschluss (max. 600W)2 USB-A-Anschl\u00fcsse (2,4A)2 USB-C-Anschl\u00fcsse (2,4A) Taschenlampewird mit einem sicheren Lithium-Eisenphosphat-Akku (LiFePo4) betrieben. Unendliche Leistung:Dieses Kraftwerk hat eine gro\u00dfe Kapazit\u00e4t von 500Wh und verf\u00fcgt \u00fcber eine starke \u00dcberlastkapazit\u00e4t von bis zu 600W und eine sofortige Spitzenleistung von bis zu 800W. Es ist auch eine geeignete Stromquelle f\u00fcr [&hellip;]<\/p>\n","protected":false},"author":1,"featured_media":0,"parent":1777,"menu_order":0,"comment_status":"closed","ping_status":"closed","template":"","meta":{"_et_pb_use_builder":"on","_et_pb_old_content":"","_et_gb_content_width":"","footnotes":""},"class_list":["post-1808","page","type-page","status-publish","hentry"],"_links":{"self":[{"href":"https:\/\/offroop.hu\/de\/wp-json\/wp\/v2\/pages\/1808","targetHints":{"allow":["GET"]}}],"collection":[{"href":"https:\/\/offroop.hu\/de\/wp-json\/wp\/v2\/pages"}],"about":[{"href":"https:\/\/offroop.hu\/de\/wp-json\/wp\/v2\/types\/page"}],"author":[{"embeddable":true,"href":"https:\/\/offroop.hu\/de\/wp-json\/wp\/v2\/users\/1"}],"replies":[{"embeddable":true,"href":"https:\/\/offroop.hu\/de\/wp-json\/wp\/v2\/comments?post=1808"}],"version-history":[{"count":2,"href":"https:\/\/offroop.hu\/de\/wp-json\/wp\/v2\/pages\/1808\/revisions"}],"predecessor-version":[{"id":1810,"href":"https:\/\/offroop.hu\/de\/wp-json\/wp\/v2\/pages\/1808\/revisions\/1810"}],"up":[{"embeddable":true,"href":"https:\/\/offroop.hu\/de\/wp-json\/wp\/v2\/pages\/1777"}],"wp:attachment":[{"href":"https:\/\/offroop.hu\/de\/wp-json\/wp\/v2\/media?parent=1808"}],"curies":[{"name":"wp","href":"https:\/\/api.w.org\/{rel}","templated":true}]}}