{"id":1852,"date":"2024-07-31T09:05:36","date_gmt":"2024-07-31T09:05:36","guid":{"rendered":"https:\/\/offroop.hu\/halter-fuer-feuerloescher\/"},"modified":"2024-08-31T13:12:56","modified_gmt":"2024-08-31T13:12:56","slug":"halter-fuer-feuerloescher","status":"publish","type":"page","link":"https:\/\/offroop.hu\/de\/off-road-zubehoer\/halter-fuer-feuerloescher\/","title":{"rendered":"Halter f\u00fcr Feuerl\u00f6scher"},"content":{"rendered":"<p>[et_pb_section fb_built=&#8220;1&#8243; _builder_version=&#8220;4.25.2&#8243; _module_preset=&#8220;default&#8220; global_colors_info=&#8220;{}&#8220;][et_pb_row column_structure=&#8220;1_2,1_2&#8243; _builder_version=&#8220;4.25.2&#8243; _module_preset=&#8220;default&#8220; global_colors_info=&#8220;{}&#8220;][et_pb_column type=&#8220;1_2&#8243; _builder_version=&#8220;4.25.2&#8243; _module_preset=&#8220;default&#8220; global_colors_info=&#8220;{}&#8220;][et_pb_image src=&#8220;https:\/\/offroop.hu\/wp-content\/uploads\/2024\/07\/logo-scaled.webp&#8220; title_text=&#8220;Logo&#8220; _builder_version=&#8220;4.25.2&#8243; _module_preset=&#8220;default&#8220; global_colors_info=&#8220;{}&#8220;][\/et_pb_image][et_pb_text _builder_version=&#8220;4.27.0&#8243; _module_preset=&#8220;default&#8220; hover_enabled=&#8220;0&#8243; global_colors_info=&#8220;{}&#8220; sticky_enabled=&#8220;0&#8243;]<\/p>\n<div class=\"sppb-col-md-6\" id=\"column-wrap-id-1678444325135\">\n<div id=\"column-id-1678444325135\" class=\"sppb-column\">\n<div class=\"sppb-column-addons\">\n<div id=\"sppb-addon-wrapper-1678444325143\" class=\"sppb-addon-wrapper\">\n<div id=\"sppb-addon-1678444325143\" class=\" sppb-wow fadeInLeft clearfix sppb-animated\" data-sppb-wow-duration=\"300ms\">\n<div class=\"sppb-addon sppb-addon-text-block \">\n<div class=\"sppb-addon-content\">\n<div class=\"sppb-col-md-6\" id=\"column-wrap-id-1678444325135\">\n<div id=\"column-id-1678444325135\" class=\"sppb-column\">\n<div class=\"sppb-column-addons\">\n<div id=\"sppb-addon-wrapper-1678444325143\" class=\"sppb-addon-wrapper\">\n<div id=\"sppb-addon-1678444325143\" class=\" sppb-wow fadeInLeft clearfix sppb-animated\" data-sppb-wow-duration=\"300ms\">\n<div class=\"sppb-addon sppb-addon-text-block \">\n<div class=\"sppb-addon-content\">\n<div class=\"sppb-col-md-6\" id=\"column-wrap-id-1693461131531\">\n<div id=\"column-id-1693461131531\" class=\"sppb-column\">\n<div class=\"sppb-column-addons\">\n<div id=\"sppb-addon-wrapper-1693461131543\" class=\"sppb-addon-wrapper\">\n<div id=\"sppb-addon-1693461131543\" class=\" sppb-wow fadeInLeft clearfix sppb-animated\" data-sppb-wow-duration=\"300ms\">\n<div class=\"sppb-addon sppb-addon-text-block \">\n<div class=\"sppb-addon-content\">\n<div class=\"sppb-col-md-6\" id=\"column-wrap-id-1718631282421\">\n<div id=\"column-id-1718631282421\" class=\"sppb-column\">\n<div class=\"sppb-column-addons\">\n<div id=\"sppb-addon-wrapper-1718631282429\" class=\"sppb-addon-wrapper\">\n<div id=\"sppb-addon-1718631282429\" class=\"clearfix \">\n<div class=\"sppb-addon sppb-addon-text-block \">\n<div class=\"sppb-addon-content\">\n<p>Erh\u00f6hen Sie Ihre Sicherheit mit dem Feuerl\u00f6scherhalter f\u00fcr die Land Cruiser 120 Modelle.<br \/>\nDieser Halter sorgt daf\u00fcr, dass der Feuerl\u00f6scher im Notfall immer griffbereit ist, w\u00e4hrend er diskret und sicher im Innenraum des Fahrzeugs befestigt ist. <\/p>\n<p><strong>Wichtige Merkmale:<\/strong><\/p>\n<ul>\n<li><strong>Material:<\/strong> Stahl mit schwarzer Pulverbeschichtung zum Schutz der Oberfl\u00e4che<\/li>\n<li><strong>Einfacher Einbau:<\/strong> einfach vor dem Vordersitz zu montieren, kann mit den werksseitigen Schrauben befestigt werden, ohne dass Sie etwas anderes als einen Schraubenschl\u00fcssel ben\u00f6tigen<\/li>\n<li><strong>Universelle Passform:<\/strong> speziell f\u00fcr Land Cruiser 120 Modelle entwickelt, kann aber auch in anderen Fahrzeugen \u00e4hnlicher Gr\u00f6\u00dfe mit dem richtigen Bohrungsabstand verwendet werden<\/li>\n<li><strong>Sichere Befestigung:<\/strong> dank seiner L\u00f6cher kann er mit verschiedenen Arten von Feuerl\u00f6schern best\u00fcckt werden und dank seines MOLLE-Panels k\u00f6nnen andere Taschen und Beh\u00e4lter befestigt werden<\/li>\n<li><strong>Bequemer Zugriff:<\/strong> Der Feuerl\u00f6scher ist immer griffbereit, so dass er im Notfall sofort eingesetzt werden kann.<\/li>\n<\/ul>\n<p><strong>Abmessungen und Gewicht:<\/strong><\/p>\n<ul>\n<li><strong>Gr\u00f6\u00dfe:<\/strong> 430mm x 160mm<\/li>\n<li><strong>Gewicht:<\/strong> 0,75 kg<\/li>\n<\/ul>\n<p><strong>Kompatibilit\u00e4t:<\/strong><\/p>\n<ul>\n<li>Toyota Land Cruiser 120 (2002-2009)<\/li>\n<li>Kann in einen Raum mit einem Bohrungsabstand von 402 mm geschraubt werden<\/li>\n<\/ul>\n<p><strong><br \/><\/strong><br \/>P<strong>reis:<\/strong><strong>Netto: 15 000 HUF<\/strong> <strong>\/db<\/strong> Brutto: 19 050 HUF \/db<\/p>\n<\/div>\n<\/div>\n<\/div>\n<\/div>\n<\/div>\n<\/div>\n<\/div>\n<div class=\"sppb-col-md-6\" id=\"column-wrap-id-1718631282422\">\n<div id=\"column-id-1718631282422\" class=\"sppb-column\">\n<div class=\"sppb-column-addons\">\n<div id=\"sppb-addon-wrapper-1718631282432\" class=\"sppb-addon-wrapper\"><\/div>\n<\/div>\n<\/div>\n<\/div>\n<\/div>\n<\/div>\n<\/div>\n<\/div>\n<\/div>\n<\/div>\n<\/div>\n<\/div>\n<\/div>\n<\/div>\n<\/div>\n<\/div>\n<\/div>\n<\/div>\n<\/div>\n<\/div>\n<\/div>\n<\/div>\n<\/div>\n<\/div>\n<\/div>\n<p>[\/et_pb_text][\/et_pb_column][et_pb_column type=&#8220;1_2&#8243; _builder_version=&#8220;4.25.2&#8243; _module_preset=&#8220;default&#8220; global_colors_info=&#8220;{}&#8220;][lwp_image_carousel gallery_ids=&#8220;630,627,628,629&#8243; slides_show=&#8220;1&#8243; _builder_version=&#8220;4.27.0&#8243; _module_preset=&#8220;default&#8220; global_colors_info=&#8220;{}&#8220;][\/lwp_image_carousel][\/et_pb_column][\/et_pb_row][\/et_pb_section]<\/p>\n","protected":false},"excerpt":{"rendered":"<p>Erh\u00f6hen Sie Ihre Sicherheit mit dem Feuerl\u00f6scherhalter f\u00fcr die Land Cruiser 120 Modelle. Dieser Halter sorgt daf\u00fcr, dass der Feuerl\u00f6scher im Notfall immer griffbereit ist, w\u00e4hrend er diskret und sicher im Innenraum des Fahrzeugs befestigt ist. Wichtige Merkmale: Material: Stahl mit schwarzer Pulverbeschichtung zum Schutz der Oberfl\u00e4che Einfacher Einbau: einfach vor dem Vordersitz zu montieren, [&hellip;]<\/p>\n","protected":false},"author":1,"featured_media":0,"parent":1877,"menu_order":0,"comment_status":"closed","ping_status":"closed","template":"","meta":{"_et_pb_use_builder":"on","_et_pb_old_content":"","_et_gb_content_width":"","footnotes":""},"class_list":["post-1852","page","type-page","status-publish","hentry"],"_links":{"self":[{"href":"https:\/\/offroop.hu\/de\/wp-json\/wp\/v2\/pages\/1852","targetHints":{"allow":["GET"]}}],"collection":[{"href":"https:\/\/offroop.hu\/de\/wp-json\/wp\/v2\/pages"}],"about":[{"href":"https:\/\/offroop.hu\/de\/wp-json\/wp\/v2\/types\/page"}],"author":[{"embeddable":true,"href":"https:\/\/offroop.hu\/de\/wp-json\/wp\/v2\/users\/1"}],"replies":[{"embeddable":true,"href":"https:\/\/offroop.hu\/de\/wp-json\/wp\/v2\/comments?post=1852"}],"version-history":[{"count":5,"href":"https:\/\/offroop.hu\/de\/wp-json\/wp\/v2\/pages\/1852\/revisions"}],"predecessor-version":[{"id":1857,"href":"https:\/\/offroop.hu\/de\/wp-json\/wp\/v2\/pages\/1852\/revisions\/1857"}],"up":[{"embeddable":true,"href":"https:\/\/offroop.hu\/de\/wp-json\/wp\/v2\/pages\/1877"}],"wp:attachment":[{"href":"https:\/\/offroop.hu\/de\/wp-json\/wp\/v2\/media?parent=1852"}],"curies":[{"name":"wp","href":"https:\/\/api.w.org\/{rel}","templated":true}]}}