{"id":1871,"date":"2024-07-23T18:12:06","date_gmt":"2024-07-23T18:12:06","guid":{"rendered":"https:\/\/offroop.hu\/dachzelte\/"},"modified":"2026-04-14T21:01:31","modified_gmt":"2026-04-14T21:01:31","slug":"dachzelte","status":"publish","type":"page","link":"https:\/\/offroop.hu\/de\/dachzelte\/","title":{"rendered":"Dachzelte"},"content":{"rendered":"<p>[et_pb_section fb_built=&#8220;1&#8243; _builder_version=&#8220;4.27.0&#8243; _module_preset=&#8220;default&#8220; global_colors_info=&#8220;{}&#8220;][et_pb_row _builder_version=&#8220;4.27.0&#8243; _module_preset=&#8220;default&#8220; global_colors_info=&#8220;{}&#8220;][et_pb_column type=&#8220;4_4&#8243; _builder_version=&#8220;4.27.0&#8243; _module_preset=&#8220;default&#8220; global_colors_info=&#8220;{}&#8220;][et_pb_text _builder_version=&#8220;4.27.0&#8243; _module_preset=&#8220;default&#8220; global_colors_info=&#8220;{}&#8220;]<\/p>\n<div>\n<p><span>OFF-ROOP ist der exklusive Vertriebspartner von VisionX Outdoors \u00dcberdachungen in Ungarn.<\/p>\n<p>Der \u00d6ffnungsmechanismus aller Zelttypen ist automatisch, der harte Teil des Verdecks besteht aus ABS-Material (hartes Dach, hartes Verdeck), das Konstruktionsmaterial aller Zelttypen ist Aluminium, die Plane besteht aus 280g Polyester-Baumwolle, sie ist wasser-, schimmel- und UV-best\u00e4ndig. Jedes Zelt enth\u00e4lt eine 60 mm dicke, hochdichte Schaumstoffmatratze mit waschbarem Bezug. <\/span><\/div>\n<div><span>Das Paket enth\u00e4lt: Installationswerkzeug, Kan\u00e4le mit Befestigungselementen, Leiterklemme, Edelstahlschrauben und -muttern f\u00fcr die Montage, Fenstergitter, Montageanleitung.<\/span><\/div>\n<p>[\/et_pb_text][et_pb_divider color=&#8220;#000000&#8243; _builder_version=&#8220;4.27.0&#8243; _module_preset=&#8220;default&#8220; global_colors_info=&#8220;{}&#8220;][\/et_pb_divider][\/et_pb_column][\/et_pb_row][\/et_pb_section][et_pb_section fb_built=&#8220;1&#8243; admin_label=&#8220;Adventure ForTwo model 2023&#8243; _builder_version=&#8220;4.27.0&#8243; _module_preset=&#8220;default&#8220; global_colors_info=&#8220;{}&#8220;][et_pb_row column_structure=&#8220;1_2,1_2&#8243; _builder_version=&#8220;4.27.0&#8243; _module_preset=&#8220;default&#8220; global_colors_info=&#8220;{}&#8220;][et_pb_column type=&#8220;1_2&#8243; _builder_version=&#8220;4.27.0&#8243; _module_preset=&#8220;default&#8220; global_colors_info=&#8220;{}&#8220;][et_pb_text _builder_version=&#8220;4.27.0&#8243; _module_preset=&#8220;default&#8220; global_colors_info=&#8220;{}&#8220;]<\/p>\n<div id=\"sppb-addon-wrapper-1678363256609\" class=\"sppb-addon-wrapper\">\n<div id=\"sppb-addon-1678363256609\" class=\"clearfix \">\n<div class=\"sppb-addon sppb-addon-text-block \">\n<div class=\"sppb-addon-content\"><span><strong>Abenteuer ForTwo Modell 2023<\/strong><\/span><\/div>\n<div class=\"sppb-addon-content\">\n<div>\n<p><span>Technische Daten:<\/p>\n<p><\/span><\/div>\n<div><span>&#8211; Gr\u00f6\u00dfe in geschlossenem Zustand: 216x130x32 cm<\/span><\/div>\n<div><span>&#8211; Gr\u00f6\u00dfe in ge\u00f6ffnetem Zustand<\/span><\/div>\n<div><span>&#8211; Matratzengr\u00f6\u00dfe: 210x125x5 cm &#8211; nicht verformbarer Memory-Schaum, Matratze aus Polyesterwolle mit waschbarem Bezug<\/span><\/div>\n<div><span>&#8211; Farbe des Zelts &#8211; Schwarz gl\u00e4nzend<\/span><\/div>\n<div><span>&#8211; Aluminium-Leiter L\u00e4nge: 230 cm<\/span><\/div>\n<div><span>&#8211; Wassers\u00e4ule 2500-3000 mm<\/span><\/div>\n<div><span>&#8211; Gewicht: 67 kg<\/span><\/div>\n<div><span>&#8211; Tragf\u00e4higkeit: 300kg &#8211; Es ist wichtig, dass Sie Quertr\u00e4ger aus Metall verwenden. Die strukturelle Mindesttragf\u00e4higkeit sollte mindestens 75kg betragen.<\/span><\/div>\n<div><span>&#8211; Tragf\u00e4higkeit der Leiter: 150 kg<\/span><\/div>\n<div><span>&#8211; Das Zelt ist f\u00fcr 1-2 Personen geeignet.<\/span><\/div>\n<\/p>\n<p><span><strong>Vorr\u00e4tig<br \/><\/strong><\/span><\/p>\n<p><span>Geben Sie eine Bestellung auf:<strong><br \/><\/strong><a href=\"mailto:info@offroop.hu\">info@offroop.hu<\/a><strong><\/p>\n<p>Preis: Netto: \u20ac1 575 <\/strong><strong><br \/>\/db<\/strong>Brutto: 2 000 \u20ac \/db<strong><\/strong><strong><br \/><\/strong><\/span><\/div>\n<\/div>\n<\/div>\n<\/div>\n<div id=\"sppb-addon-wrapper-1678448192149\" class=\"sppb-addon-wrapper\">\n<div id=\"sppb-addon-1678448192149\" class=\" sppb-wow bounceIn clearfix sppb-animated\" data-sppb-wow-duration=\"300ms\"><\/div>\n<\/div>\n<p>[\/et_pb_text][\/et_pb_column][et_pb_column type=&#8220;1_2&#8243; _builder_version=&#8220;4.27.0&#8243; _module_preset=&#8220;default&#8220; global_colors_info=&#8220;{}&#8220;][et_pb_image src=&#8220;https:\/\/offroop.hu\/wp-content\/uploads\/2024\/07\/adventurefor_offroop_angol_01.webp&#8220; title_text=&#8220;abenteuer f\u00fcr_offroop_angol_01&#8243; _builder_version=&#8220;4.27.0&#8243; _module_preset=&#8220;default&#8220; global_colors_info=&#8220;{}&#8220;][\/et_pb_image][et_pb_gallery gallery_ids=&#8220;752,751&#8243; show_title_and_caption=&#8220;off&#8220; _builder_version=&#8220;4.27.0&#8243; _module_preset=&#8220;default&#8220; global_colors_info=&#8220;{}&#8220;][\/et_pb_gallery][\/et_pb_column][\/et_pb_row][et_pb_row _builder_version=&#8220;4.27.0&#8243; _module_preset=&#8220;default&#8220;][et_pb_column _builder_version=&#8220;4.27.0&#8243; _module_preset=&#8220;default&#8220; type=&#8220;4_4&#8243;][et_pb_divider _builder_version=&#8220;4.27.0&#8243; _module_preset=&#8220;default&#8220; color=&#8220;#000000&#8243; hover_enabled=&#8220;0&#8243; sticky_enabled=&#8220;0&#8243;][\/et_pb_divider][\/et_pb_column][\/et_pb_row][\/et_pb_section][et_pb_section fb_built=&#8220;1&#8243; admin_label=&#8220;Adventure FamilyXL&#8220; _builder_version=&#8220;4.27.0&#8243; _module_preset=&#8220;default&#8220; global_colors_info=&#8220;{}&#8220;][et_pb_row column_structure=&#8220;1_2,1_2&#8243; _builder_version=&#8220;4.27.0&#8243; _module_preset=&#8220;default&#8220; global_colors_info=&#8220;{}&#8220;][et_pb_column type=&#8220;1_2&#8243; _builder_version=&#8220;4.27.0&#8243; _module_preset=&#8220;default&#8220; global_colors_info=&#8220;{}&#8220;][et_pb_text _builder_version=&#8220;4.27.0&#8243; _module_preset=&#8220;default&#8220; global_colors_info=&#8220;{}&#8220;]<\/p>\n<div id=\"sppb-addon-wrapper-1678363256609\" class=\"sppb-addon-wrapper\">\n<div id=\"sppb-addon-1678363256609\" class=\"clearfix \">\n<div class=\"sppb-addon sppb-addon-text-block \">\n<div class=\"sppb-addon-content\">\n<div id=\"sppb-addon-wrapper-1678363256695\" class=\"sppb-addon-wrapper\">\n<div id=\"sppb-addon-1678363256695\" class=\"clearfix \">\n<div class=\"sppb-addon sppb-addon-text-block \">\n<div class=\"sppb-addon-content\">\n<div id=\"sppb-addon-wrapper-1678363256695\" class=\"sppb-addon-wrapper\">\n<div id=\"sppb-addon-1678363256695\" class=\"clearfix \">\n<div class=\"sppb-addon sppb-addon-text-block \">\n<div class=\"sppb-addon-content\">\n<p><span><strong>Abenteuer FamilieXL<\/strong><\/span><\/p>\n<div>\n<p><span><br \/>Technische Daten:<\/p>\n<p><\/span><\/div>\n<div><span>&#8211; Ma\u00dfe in geschlossenem Zustand: 210x125x33 cm<\/span><\/div>\n<div><span>&#8211; Gr\u00f6\u00dfe in ge\u00f6ffnetem Zustand <\/span><span>210x210x100 cm<\/span><\/div>\n<div>&#8211; <span>Matratzengr\u00f6\u00dfe: <\/span>195x115x4 cm<span> &#8211; nicht verformbare Memory Foam Matratze mit waschbarem Bezug<\/span><\/div>\n<div><span>&#8211; Farbe des Zelts &#8211; Schwarz gl\u00e4nzend<\/span><\/div>\n<div><span>&#8211; Aluminium-Leiter L\u00e4nge: 230 cm<\/span><\/div>\n<div><span>&#8211; Wassers\u00e4ule <\/span><span>2000-4000mm, 280-420g<\/span><\/div>\n<div><span>&#8211; Gewicht: 75 kg<\/span><\/div>\n<div>&#8211; <span>Tragf\u00e4higkeit: <\/span>350 kg &#8211;<span>Es ist wichtig, dass die Querstangen aus Metall sind, die strukturelle Mindesttragf\u00e4higkeit sollte mindestens 75 kg betragen.<\/span><\/div>\n<div><span>&#8211; Tragf\u00e4higkeit der Leiter: 150 kg<\/span><\/div>\n<div><span>&#8211; Das Zelt ist f\u00fcr 3-4 Personen geeignet.<\/span><\/div>\n<\/p>\n<p><span><strong>Vorr\u00e4tig<br \/><\/strong><\/span><\/p>\n<p><span>Geben Sie eine Bestellung auf:<strong><br \/><\/strong><a href=\"mailto:info@offroop.hu\">info@offroop.hu<\/a><strong><\/p>\n<p>Preis: Netto: <\/strong><strong><br \/>1<\/strong><strong>995<\/strong><strong> \u20ac <\/strong><strong>\/db<\/strong>Brutto: 2 534 \u20ac \/db<strong><\/strong><strong><br \/><\/strong><\/span><\/div>\n<\/div>\n<\/div>\n<\/div>\n<div id=\"section-id-1678363256697\" class=\"sppb-section\">\n<div class=\"sppb-container-inner\">\n<div class=\"sppb-row\">\n<div class=\"sppb-col-md-6\" id=\"column-wrap-id-1678363256698\">\n<div id=\"column-id-1678363256698\" class=\"sppb-column\">\n<div class=\"sppb-column-addons\">\n<div id=\"sppb-addon-wrapper-1678363256699\" class=\"sppb-addon-wrapper\">\n<div id=\"sppb-addon-1678363256699\" class=\"clearfix \">\n<div class=\"sppb-addon sppb-addon-text-block \"><\/div>\n<\/div>\n<\/div>\n<\/div>\n<\/div>\n<\/div>\n<\/div>\n<\/div>\n<\/div>\n<\/div>\n<\/div>\n<\/div>\n<\/div>\n<\/div>\n<\/div>\n<\/div>\n<\/div>\n<div id=\"sppb-addon-wrapper-1678448192149\" class=\"sppb-addon-wrapper\">\n<div id=\"sppb-addon-1678448192149\" class=\" sppb-wow bounceIn clearfix sppb-animated\" data-sppb-wow-duration=\"300ms\"><\/div>\n<\/div>\n<p>[\/et_pb_text][\/et_pb_column][et_pb_column type=&#8220;1_2&#8243; _builder_version=&#8220;4.27.0&#8243; _module_preset=&#8220;default&#8220; global_colors_info=&#8220;{}&#8220;][et_pb_image src=&#8220;https:\/\/offroop.hu\/wp-content\/uploads\/2024\/07\/adventure-family-xl.webp&#8220; title_text=&#8220;Abenteuer Familie xl&#8220; _builder_version=&#8220;4.27.0&#8243; _module_preset=&#8220;default&#8220; hover_enabled=&#8220;0&#8243; global_colors_info=&#8220;{}&#8220;][\/et_pb_image][et_pb_gallery _builder_version=&#8220;4.27.0&#8243; _module_preset=&#8220;default&#8220; show_title_and_caption=&#8220;off&#8220; show_pagination=&#8220;off&#8220; hover_enabled=&#8220;0&#8243; sticky_enabled=&#8220;0&#8243; gallery_ids=&#8220;786,787,788,789,790,791&#8243; posts_number=&#8220;6&#8243;][\/et_pb_gallery][\/et_pb_column][\/et_pb_row][et_pb_row _builder_version=&#8220;4.27.0&#8243; _module_preset=&#8220;default&#8220;][et_pb_column _builder_version=&#8220;4.27.0&#8243; _module_preset=&#8220;default&#8220; type=&#8220;4_4&#8243;][et_pb_divider color=&#8220;#000000&#8243; _builder_version=&#8220;4.27.0&#8243; _module_preset=&#8220;default&#8220; global_colors_info=&#8220;{}&#8220;][\/et_pb_divider][\/et_pb_column][\/et_pb_row][et_pb_row column_structure=&#8220;1_2,1_2&#8243; _builder_version=&#8220;4.27.0&#8243; _module_preset=&#8220;default&#8220; global_colors_info=&#8220;{}&#8220;][et_pb_column type=&#8220;1_2&#8243; _builder_version=&#8220;4.27.0&#8243; _module_preset=&#8220;default&#8220; global_colors_info=&#8220;{}&#8220;][et_pb_text _builder_version=&#8220;4.27.0&#8243; _module_preset=&#8220;default&#8220; global_colors_info=&#8220;{}&#8220;]<\/p>\n<div class=\"sppb-col-md-6\" id=\"column-wrap-id-1678363256698\">\n<div id=\"column-id-1678363256698\" class=\"sppb-column\">\n<div class=\"sppb-column-addons\">\n<div id=\"sppb-addon-wrapper-1678363256699\" class=\"sppb-addon-wrapper\">\n<div id=\"sppb-addon-1678363256699\" class=\"clearfix \">\n<div class=\"sppb-addon sppb-addon-text-block \">\n<div class=\"sppb-addon-content\">\n<p><span><em><strong>Zubeh\u00f6r:<\/strong><\/em><\/span><br \/><span><strong><br \/>Kopffreiheit<\/strong><\/span><\/p>\n<ul>\n<li><span>Gr\u00f6\u00dfe: 350x310x190 cm<\/span><\/li>\n<li><span>Gewicht: 9 kg<\/span><\/li>\n<li><span>Material: 280g <\/span>Polyesterwolle<\/li>\n<\/ul>\n<p><span><strong><br \/><\/strong><br \/>P<strong>reis: Netto: 325 \u20ac<\/strong> <strong>\/db<\/strong>Brutto: 413 \u20ac \/db <strong><\/strong><strong><br \/><\/strong><\/span><\/div>\n<\/div>\n<\/div>\n<\/div>\n<\/div>\n<\/div>\n<\/div>\n<div class=\"sppb-col-md-6\" id=\"column-wrap-id-1678363256700\">\n<div id=\"column-id-1678363256700\" class=\"sppb-column\">\n<div class=\"sppb-column-addons\">\n<div id=\"sppb-addon-wrapper-1719319883780\" class=\"sppb-addon-wrapper\">\n<div id=\"sppb-addon-1719319883780\" class=\"clearfix \">\n<div class=\"sppb-addon sppb-addon-text-block \">\n<div class=\"sppb-addon-content\">\n<p><span><strong><em> <\/em><\/strong><\/span><br \/><span><strong><br \/>Visier<\/strong><\/span><\/p>\n<ul>\n<li><span>Gr\u00f6\u00dfe: 280&#215;350 cm<\/span><\/li>\n<li><span>Gewicht: 3,5 kg<\/span><\/li>\n<li><span>Material: 280g <\/span>Polyesterwolle<\/li>\n<\/ul>\n<p><span><strong><br \/><\/strong><br \/>P<strong>reis: Netto: 240 \u20ac<\/strong> <strong>\/db<\/strong>Brutto: 304 \u20ac \/db <strong><\/strong><\/span><\/div>\n<\/div>\n<\/div>\n<\/div>\n<\/div>\n<\/div>\n<\/div>\n<p>[\/et_pb_text][\/et_pb_column][et_pb_column type=&#8220;1_2&#8243; _builder_version=&#8220;4.27.0&#8243; _module_preset=&#8220;default&#8220; global_colors_info=&#8220;{}&#8220;][et_pb_gallery gallery_ids=&#8220;765,766,767,769&#8243; show_title_and_caption=&#8220;off&#8220; show_pagination=&#8220;off&#8220; _builder_version=&#8220;4.27.0&#8243; _module_preset=&#8220;default&#8220; global_colors_info=&#8220;{}&#8220;][\/et_pb_gallery][\/et_pb_column][\/et_pb_row][et_pb_row _builder_version=&#8220;4.27.0&#8243; _module_preset=&#8220;default&#8220;][et_pb_column _builder_version=&#8220;4.27.0&#8243; _module_preset=&#8220;default&#8220; type=&#8220;4_4&#8243;][et_pb_divider _builder_version=&#8220;4.27.0&#8243; _module_preset=&#8220;default&#8220; color=&#8220;#000000&#8243; hover_enabled=&#8220;0&#8243; sticky_enabled=&#8220;0&#8243;][\/et_pb_divider][\/et_pb_column][\/et_pb_row][\/et_pb_section][et_pb_section fb_built=&#8220;1&#8243; admin_label=&#8220;Adventure FamilyXL Aluminium&#8220; _builder_version=&#8220;4.27.0&#8243; _module_preset=&#8220;default&#8220; hover_enabled=&#8220;0&#8243; global_colors_info=&#8220;{}&#8220; sticky_enabled=&#8220;0&#8243;][et_pb_row column_structure=&#8220;1_2,1_2&#8243; _builder_version=&#8220;4.27.0&#8243; _module_preset=&#8220;default&#8220; global_colors_info=&#8220;{}&#8220;][et_pb_column type=&#8220;1_2&#8243; _builder_version=&#8220;4.27.0&#8243; _module_preset=&#8220;default&#8220; global_colors_info=&#8220;{}&#8220;][et_pb_text _builder_version=&#8220;4.27.0&#8243; _module_preset=&#8220;default&#8220; hover_enabled=&#8220;0&#8243; global_colors_info=&#8220;{}&#8220; sticky_enabled=&#8220;0&#8243;]<\/p>\n<div id=\"sppb-addon-wrapper-1678363256609\" class=\"sppb-addon-wrapper\">\n<div id=\"sppb-addon-1678363256609\" class=\"clearfix \">\n<div class=\"sppb-addon sppb-addon-text-block \">\n<div class=\"sppb-addon-content\">\n<p><span><strong>Abenteuer FamilyXL Aluminium<\/strong><\/span><\/p>\n<p><span>Technische Daten:<\/span><\/p>\n<p><span>&#8211; Geh\u00e4use aus Vollaluminium:<\/span><br \/><span>&#8211; Gr\u00f6\u00dfe in geschlossenem Zustand: 190x120x25cm<\/span><br \/><span>&#8211; Ge\u00f6ffnete Abmessungen: 210x190x110 cm<\/span><br \/><span>&#8211; Matratzengr\u00f6\u00dfe: 210x190cm &#8211; nicht verformbare Memory Foam Matratze mit waschbarem Bezug<\/span><br \/><span>&#8211; Aluminium-Leiter L\u00e4nge: 230 cm<\/span><br \/><span>&#8211; Wassers\u00e4ule 3000 mm<\/span><br \/><span>&#8211; Gewicht: 86 kg<\/span><br \/><span>&#8211; Tragf\u00e4higkeit: 350kg &#8211; Es ist wichtig, dass Sie Querst\u00fctzen aus Metall verwenden. Die strukturelle Mindesttragf\u00e4higkeit sollte mindestens 75kg betragen.<\/span><br \/><span>&#8211; Tragf\u00e4higkeit der Leiter: 150 kg<\/span><br \/><span>&#8211; Das Zelt ist f\u00fcr 3-4 Personen geeignet.<\/span><\/p>\n<p><span><strong>Vorr\u00e4tig<br \/><\/strong><\/span><\/p>\n<p><span>Geben Sie eine Bestellung auf:<strong><br \/><\/strong><a href=\"mailto:info@offroop.hu\">info@offroop.hu<\/a><\/p>\n<p><strong><br \/><\/strong><br \/>P<strong>reis: Netto: 2 495 \u20ac<\/strong> <strong>\/db<\/strong> Brutto: 3 169 \u20ac \/db<br \/><\/span><\/div>\n<\/div>\n<\/div>\n<\/div>\n<p>[\/et_pb_text][\/et_pb_column][et_pb_column type=&#8220;1_2&#8243; _builder_version=&#8220;4.27.0&#8243; _module_preset=&#8220;default&#8220; global_colors_info=&#8220;{}&#8220;][et_pb_image src=&#8220;https:\/\/offroop.hu\/wp-content\/uploads\/2024\/07\/adventure-family-xl-aluminium.webp&#8220; title_text=&#8220;adventure familie xl aluminium&#8220; _builder_version=&#8220;4.27.0&#8243; _module_preset=&#8220;default&#8220; hover_enabled=&#8220;0&#8243; global_colors_info=&#8220;{}&#8220; sticky_enabled=&#8220;0&#8243;][\/et_pb_image][et_pb_gallery gallery_ids=&#8220;800,801,802,803,804&#8243; posts_number=&#8220;5&#8243; show_title_and_caption=&#8220;off&#8220; _builder_version=&#8220;4.27.0&#8243; _module_preset=&#8220;default&#8220; hover_enabled=&#8220;0&#8243; global_colors_info=&#8220;{}&#8220; show_pagination=&#8220;off&#8220; sticky_enabled=&#8220;0&#8243;][\/et_pb_gallery][\/et_pb_column][\/et_pb_row][et_pb_row _builder_version=&#8220;4.27.0&#8243; _module_preset=&#8220;default&#8220;][et_pb_column _builder_version=&#8220;4.27.0&#8243; _module_preset=&#8220;default&#8220; type=&#8220;4_4&#8243;][et_pb_divider _builder_version=&#8220;4.27.0&#8243; _module_preset=&#8220;default&#8220; color=&#8220;#000000&#8243; hover_enabled=&#8220;0&#8243; sticky_enabled=&#8220;0&#8243;][\/et_pb_divider][\/et_pb_column][\/et_pb_row][\/et_pb_section][et_pb_section fb_built=&#8220;1&#8243; admin_label=&#8220;Adventure Triangle&#8220; _builder_version=&#8220;4.27.0&#8243; _module_preset=&#8220;default&#8220; hover_enabled=&#8220;0&#8243; global_colors_info=&#8220;{}&#8220; sticky_enabled=&#8220;0&#8243;][et_pb_row column_structure=&#8220;1_2,1_2&#8243; _builder_version=&#8220;4.27.0&#8243; _module_preset=&#8220;default&#8220; global_colors_info=&#8220;{}&#8220;][et_pb_column type=&#8220;1_2&#8243; _builder_version=&#8220;4.27.0&#8243; _module_preset=&#8220;default&#8220; global_colors_info=&#8220;{}&#8220;][et_pb_text _builder_version=&#8220;4.27.0&#8243; _module_preset=&#8220;default&#8220; hover_enabled=&#8220;0&#8243; global_colors_info=&#8220;{}&#8220; sticky_enabled=&#8220;0&#8243;]<\/p>\n<div id=\"sppb-addon-wrapper-1678363256609\" class=\"sppb-addon-wrapper\">\n<div id=\"sppb-addon-1678363256609\" class=\"clearfix \">\n<div class=\"sppb-addon sppb-addon-text-block \">\n<div class=\"sppb-addon-content\">\n<p><span><strong>Abenteuer-Dreieck<\/strong><\/span><\/p>\n<p><span>Technische Daten:<\/span><\/p>\n<p><span>&#8211; Geh\u00e4use komplett aus Aluminium<\/span><br \/><span>&#8211; Ma\u00dfe in geschlossenem Zustand: 217x131x18 cm<\/span><br \/><span>&#8211; Ge\u00f6ffnete Abmessungen: 217x131x150 cm<\/span><br \/><span>&#8211; Matratzengr\u00f6\u00dfe: 196x120x5 cm &#8211; nicht verformbare Memory Foam Matratze mit waschbarem Bezug<\/span><br \/><span>&#8211; Farbe des Zeltes &#8211; schwarz<\/span><br \/><span>&#8211; Aluminium-Leiter L\u00e4nge: 230 cm<\/span><br \/><span>&#8211; Wassers\u00e4ule 2000-3000 mm<\/span><br \/><span>&#8211; Gewicht: 65 kg<\/span><br \/><span>&#8211; Tragf\u00e4higkeit: 200kg &#8211; Es ist wichtig, dass Sie Querst\u00fctzen aus Metall verwenden. Die strukturelle Mindesttragf\u00e4higkeit sollte mindestens 75kg betragen.<\/span><br \/><span>&#8211; Tragf\u00e4higkeit der Leiter: 150 kg &#8211; die Leiter kann an allen drei Seiten aufgestellt werden, Eingang von der Seite oder von hinten<\/span><br \/><span>&#8211; Das Zelt ist f\u00fcr 1-2 Personen geeignet.<\/span><br \/><span>&#8211; Das Zelt ist mit einem Schl\u00fcssel abschlie\u00dfbar und besteht aus einer Aluminiumh\u00fclle und einem Aluminiumboden.<br \/>\nIm Lieferumfang enthalten sind: Leiter, Matratze, Schuhsack, Werkzeugsatz f\u00fcr den Aufbau, Lampe und Schl\u00fcssel. <\/span><br \/><span>&#8211; Das Zelt ist aus wasserdichtem, atmungsaktivem Gewebe mit einer Faserdichte von 420D gefertigt, robust und langlebig.<br \/><\/span><span><strong><br \/><\/strong><\/span><span><\/span><\/p>\n<p><span><strong>Vorr\u00e4tig<br \/><\/strong><\/span><\/p>\n<p><span><br \/>Um eine Bestellung aufzugeben:<a href=\"mailto:info@offroop.hu\">info@offroop.hu<\/a><strong><a href=\"mailto:info@offroop.hu\"><br \/><\/a><\/strong><\/span><span><br \/><strong><br \/><\/strong><br \/>P<strong>reis: Netto: 1 825 \u20ac<\/strong> <strong>\/db<\/strong>Brutto: 2 318 \u20ac \/db <strong><\/strong><\/span><\/p>\n<\/div>\n<\/div>\n<\/div>\n<\/div>\n<p>[\/et_pb_text][\/et_pb_column][et_pb_column type=&#8220;1_2&#8243; _builder_version=&#8220;4.27.0&#8243; _module_preset=&#8220;default&#8220; global_colors_info=&#8220;{}&#8220;][et_pb_image src=&#8220;https:\/\/offroop.hu\/wp-content\/uploads\/2024\/07\/adventure-triangle.webp&#8220; title_text=&#8220;Abenteuer-Dreieck&#8220; _builder_version=&#8220;4.27.0&#8243; _module_preset=&#8220;default&#8220; hover_enabled=&#8220;0&#8243; global_colors_info=&#8220;{}&#8220; sticky_enabled=&#8220;0&#8243;][\/et_pb_image][\/et_pb_column][\/et_pb_row][et_pb_row _builder_version=&#8220;4.27.0&#8243; _module_preset=&#8220;default&#8220;][et_pb_column _builder_version=&#8220;4.27.0&#8243; _module_preset=&#8220;default&#8220; type=&#8220;4_4&#8243;][et_pb_gallery gallery_ids=&#8220;810,811,812,813,814,815,816,817,818&#8243; posts_number=&#8220;9&#8243; show_title_and_caption=&#8220;off&#8220; _builder_version=&#8220;4.27.0&#8243; _module_preset=&#8220;default&#8220; hover_enabled=&#8220;0&#8243; global_colors_info=&#8220;{}&#8220; show_pagination=&#8220;off&#8220; sticky_enabled=&#8220;0&#8243;][\/et_pb_gallery][et_pb_divider _builder_version=&#8220;4.27.0&#8243; _module_preset=&#8220;default&#8220; color=&#8220;#000000&#8243; hover_enabled=&#8220;0&#8243; sticky_enabled=&#8220;0&#8243;][\/et_pb_divider][\/et_pb_column][\/et_pb_row][\/et_pb_section][et_pb_section fb_built=&#8220;1&#8243; admin_label=&#8220;Adventure Medium3&#8243; _builder_version=&#8220;4.27.0&#8243; _module_preset=&#8220;default&#8220; hover_enabled=&#8220;0&#8243; global_colors_info=&#8220;{}&#8220; sticky_enabled=&#8220;0&#8243;][et_pb_row column_structure=&#8220;1_2,1_2&#8243; _builder_version=&#8220;4.27.0&#8243; _module_preset=&#8220;default&#8220; global_colors_info=&#8220;{}&#8220;][et_pb_column type=&#8220;1_2&#8243; _builder_version=&#8220;4.27.0&#8243; _module_preset=&#8220;default&#8220; global_colors_info=&#8220;{}&#8220;][et_pb_text _builder_version=&#8220;4.27.0&#8243; _module_preset=&#8220;default&#8220; hover_enabled=&#8220;0&#8243; global_colors_info=&#8220;{}&#8220; sticky_enabled=&#8220;0&#8243;]<\/p>\n<div id=\"sppb-addon-wrapper-1678363256609\" class=\"sppb-addon-wrapper\">\n<div id=\"sppb-addon-1678363256609\" class=\"clearfix \">\n<div class=\"sppb-addon sppb-addon-text-block \">\n<div class=\"sppb-addon-content\">\n<p><span><strong>Abenteuer Medium3<\/strong><\/span><\/p>\n<div>\n<p><span>Technische Daten:<\/p>\n<p><\/span><\/div>\n<div><span>&#8211; Ma\u00dfe in geschlossenem Zustand: 210x125x32 cm<\/span><\/div>\n<div><span>&#8211; Gr\u00f6\u00dfe in ge\u00f6ffnetem Zustand: 210x160x125 cm<\/span><\/div>\n<div><span>&#8211; Matratzengr\u00f6\u00dfe: 210x160x5 cm &#8211; nicht verformbare Memory Foam Matratze mit waschbarem Bezug<\/span><\/div>\n<div><span>&#8211; Farbe des Zelts &#8211; Schwarz gl\u00e4nzend<\/span><\/div>\n<div><span>&#8211; Aluminium-Leiter L\u00e4nge: 230 cm<\/span><\/div>\n<div><span>&#8211; Wassers\u00e4ule 2000-4000 mm 280-420g<\/span><\/div>\n<div><span>&#8211; Gewicht: 72 kg<\/span><\/div>\n<div><span>&#8211; Tragf\u00e4higkeit: 300kg &#8211; Es ist wichtig, dass Sie Quertr\u00e4ger aus Metall verwenden. Die strukturelle Mindesttragf\u00e4higkeit sollte mindestens 75kg betragen.<\/span><\/div>\n<div><span>&#8211; Tragf\u00e4higkeit der Leiter: 150 kg<\/span><\/div>\n<div>\n<p><span>&#8211; Das Zelt ist f\u00fcr 2-3 Personen geeignet.<\/p>\n<p><\/span><\/div>\n<p><span><strong>Zum Bestellen<\/p>\n<p><\/strong><\/span><span><\/span><span>Geben Sie eine Bestellung auf:<strong><br \/><\/strong><a href=\"mailto:info@offroop.hu\">info@offroop.hu<\/a><a href=\"mailto:info@offroop.hu\"><br \/><\/a><br \/><strong><br \/><\/strong><br \/>P<strong>reis: Netto: 1 910 \u20ac<\/strong><strong>\/db<\/strong>Brutto: 2 416 \u20ac \/db<strong><\/strong><\/span><\/p>\n<\/div>\n<\/div>\n<\/div>\n<\/div>\n<p>[\/et_pb_text][\/et_pb_column][et_pb_column type=&#8220;1_2&#8243; _builder_version=&#8220;4.27.0&#8243; _module_preset=&#8220;default&#8220; global_colors_info=&#8220;{}&#8220;][et_pb_image src=&#8220;https:\/\/offroop.hu\/wp-content\/uploads\/2024\/07\/adventure-medium3-family-xl.webp&#8220; title_text=&#8220;Abenteuer medium3, Familie xl&#8220; _builder_version=&#8220;4.27.0&#8243; _module_preset=&#8220;default&#8220; hover_enabled=&#8220;0&#8243; global_colors_info=&#8220;{}&#8220; sticky_enabled=&#8220;0&#8243;][\/et_pb_image][\/et_pb_column][\/et_pb_row][et_pb_row _builder_version=&#8220;4.27.0&#8243; _module_preset=&#8220;default&#8220;][et_pb_column _builder_version=&#8220;4.27.0&#8243; _module_preset=&#8220;default&#8220; type=&#8220;4_4&#8243;][et_pb_gallery gallery_ids=&#8220;825,826,827&#8243; posts_number=&#8220;9&#8243; show_title_and_caption=&#8220;off&#8220; _builder_version=&#8220;4.27.0&#8243; _module_preset=&#8220;default&#8220; hover_enabled=&#8220;0&#8243; global_colors_info=&#8220;{}&#8220; show_pagination=&#8220;off&#8220; sticky_enabled=&#8220;0&#8243;][\/et_pb_gallery][\/et_pb_column][\/et_pb_row][\/et_pb_section]<\/p>\n","protected":false},"excerpt":{"rendered":"<p>OFF-ROOP ist der exklusive Vertriebspartner von VisionX Outdoors \u00dcberdachungen in Ungarn. Der \u00d6ffnungsmechanismus aller Zelttypen ist automatisch, der harte Teil des Verdecks besteht aus ABS-Material (hartes Dach, hartes Verdeck), das Konstruktionsmaterial aller Zelttypen ist Aluminium, die Plane besteht aus 280g Polyester-Baumwolle, sie ist wasser-, schimmel- und UV-best\u00e4ndig. Jedes Zelt enth\u00e4lt eine 60 mm dicke, hochdichte [&hellip;]<\/p>\n","protected":false},"author":1,"featured_media":0,"parent":0,"menu_order":0,"comment_status":"closed","ping_status":"closed","template":"","meta":{"_et_pb_use_builder":"on","_et_pb_old_content":"","_et_gb_content_width":"","footnotes":""},"class_list":["post-1871","page","type-page","status-publish","hentry"],"_links":{"self":[{"href":"https:\/\/offroop.hu\/de\/wp-json\/wp\/v2\/pages\/1871","targetHints":{"allow":["GET"]}}],"collection":[{"href":"https:\/\/offroop.hu\/de\/wp-json\/wp\/v2\/pages"}],"about":[{"href":"https:\/\/offroop.hu\/de\/wp-json\/wp\/v2\/types\/page"}],"author":[{"embeddable":true,"href":"https:\/\/offroop.hu\/de\/wp-json\/wp\/v2\/users\/1"}],"replies":[{"embeddable":true,"href":"https:\/\/offroop.hu\/de\/wp-json\/wp\/v2\/comments?post=1871"}],"version-history":[{"count":38,"href":"https:\/\/offroop.hu\/de\/wp-json\/wp\/v2\/pages\/1871\/revisions"}],"predecessor-version":[{"id":4830,"href":"https:\/\/offroop.hu\/de\/wp-json\/wp\/v2\/pages\/1871\/revisions\/4830"}],"wp:attachment":[{"href":"https:\/\/offroop.hu\/de\/wp-json\/wp\/v2\/media?parent=1871"}],"curies":[{"name":"wp","href":"https:\/\/api.w.org\/{rel}","templated":true}]}}