{"id":1874,"date":"2024-07-31T09:00:59","date_gmt":"2024-07-31T09:00:59","guid":{"rendered":"https:\/\/offroop.hu\/abschleppoese-tlc120\/"},"modified":"2026-04-02T06:51:43","modified_gmt":"2026-04-02T06:51:43","slug":"abschleppoese-tlc120","status":"publish","type":"page","link":"https:\/\/offroop.hu\/de\/off-road-zubehoer\/abschleppoese-tlc120\/","title":{"rendered":"Abschlepp\u00f6se TLC120"},"content":{"rendered":"<p>[et_pb_section fb_built=&#8220;1&#8243; _builder_version=&#8220;4.25.2&#8243; _module_preset=&#8220;default&#8220; global_colors_info=&#8220;{}&#8220;][et_pb_row column_structure=&#8220;1_2,1_2&#8243; _builder_version=&#8220;4.25.2&#8243; _module_preset=&#8220;default&#8220; global_colors_info=&#8220;{}&#8220;][et_pb_column type=&#8220;1_2&#8243; _builder_version=&#8220;4.25.2&#8243; _module_preset=&#8220;default&#8220; global_colors_info=&#8220;{}&#8220;][et_pb_image src=&#8220;https:\/\/offroop.hu\/wp-content\/uploads\/2024\/07\/logo-scaled.webp&#8220; title_text=&#8220;Logo&#8220; _builder_version=&#8220;4.25.2&#8243; _module_preset=&#8220;default&#8220; global_colors_info=&#8220;{}&#8220;][\/et_pb_image][et_pb_text _builder_version=&#8220;4.27.0&#8243; _module_preset=&#8220;default&#8220; hover_enabled=&#8220;0&#8243; global_colors_info=&#8220;{}&#8220; sticky_enabled=&#8220;0&#8243;]<\/p>\n<div class=\"sppb-col-md-6\" id=\"column-wrap-id-1678444325135\">\n<div id=\"column-id-1678444325135\" class=\"sppb-column\">\n<div class=\"sppb-column-addons\">\n<div id=\"sppb-addon-wrapper-1678444325143\" class=\"sppb-addon-wrapper\">\n<div id=\"sppb-addon-1678444325143\" class=\" sppb-wow fadeInLeft clearfix sppb-animated\" data-sppb-wow-duration=\"300ms\">\n<div class=\"sppb-addon sppb-addon-text-block \">\n<div class=\"sppb-addon-content\">\n<div class=\"sppb-col-md-6\" id=\"column-wrap-id-1678444325135\">\n<div id=\"column-id-1678444325135\" class=\"sppb-column\">\n<div class=\"sppb-column-addons\">\n<div id=\"sppb-addon-wrapper-1678444325143\" class=\"sppb-addon-wrapper\">\n<div id=\"sppb-addon-1678444325143\" class=\" sppb-wow fadeInLeft clearfix sppb-animated\" data-sppb-wow-duration=\"300ms\">\n<div class=\"sppb-addon sppb-addon-text-block \">\n<div class=\"sppb-addon-content\">\n<div class=\"sppb-col-md-6\" id=\"column-wrap-id-1693461131531\">\n<div id=\"column-id-1693461131531\" class=\"sppb-column\">\n<div class=\"sppb-column-addons\">\n<div id=\"sppb-addon-wrapper-1693461131543\" class=\"sppb-addon-wrapper\">\n<div id=\"sppb-addon-1693461131543\" class=\" sppb-wow fadeInLeft clearfix sppb-animated\" data-sppb-wow-duration=\"300ms\">\n<div class=\"sppb-addon sppb-addon-text-block \">\n<div class=\"sppb-addon-content\">\n<p><strong>Abschlepp\u00f6se f\u00fcr Toyota Land Cruiser 120 Werkspunkte.<\/strong><\/p>\n<p>In Kombination mit der werksseitigen Abschlepp\u00f6se bietet sie eine hervorragende M\u00f6glichkeit, einen zus\u00e4tzlichen Abschlepppunkt zu schaffen, und kann als Option f\u00fcr eine Flaschenzugbefestigung verwendet werden.<\/p>\n<p>Kann mit der Werkssto\u00dfstange verwendet werden.<br \/>\nF\u00fcr Stahlsto\u00dfstangen bieten wir eine andere Art von Abschlepp\u00f6se an, bitte kontaktieren Sie <a href=\"mailto:info@offroop.hu\">info@offroop.hu.<\/a>  <\/p>\n<p><strong>Inhalt der Packung:<\/strong><\/p>\n<p>-Zug\u00f6se 12mm Stahl, orange pulverbeschichtet<\/p>\n<p>-Schrauben, Muttern und Unterlegscheiben zur Befestigung.<\/p>\n<p><strong>Preis:<\/strong><br \/><strong>Netto: 20 000 HUF \/st\u00fcck<\/strong><br \/><strong>Brutto: 25 400 HUF \/st\u00fcck<\/strong><\/p>\n<\/div>\n<\/div>\n<\/div>\n<\/div>\n<\/div>\n<\/div>\n<\/div>\n<\/div>\n<\/div>\n<\/div>\n<\/div>\n<\/div>\n<\/div>\n<\/div>\n<\/div>\n<\/div>\n<\/div>\n<\/div>\n<\/div>\n<\/div>\n<\/div>\n<p>[\/et_pb_text][\/et_pb_column][et_pb_column type=&#8220;1_2&#8243; _builder_version=&#8220;4.25.2&#8243; _module_preset=&#8220;default&#8220; global_colors_info=&#8220;{}&#8220;][et_pb_image src=&#8220;https:\/\/offroop.hu\/wp-content\/uploads\/2024\/07\/Terepjaro_vonoszemmelblurred.png&#8220; title_text=&#8220;Terepjaro_vonoszemmel(verschwommen)&#8220; _builder_version=&#8220;4.27.0&#8243; _module_preset=&#8220;default&#8220; global_colors_info=&#8220;{}&#8220;][\/et_pb_image][et_pb_image src=&#8220;https:\/\/offroop.hu\/wp-content\/uploads\/2024\/07\/vonoszemresized2.webp&#8220; title_text=&#8220;vonoszemresized2&#8243; _builder_version=&#8220;4.27.0&#8243; _module_preset=&#8220;default&#8220; global_colors_info=&#8220;{}&#8220;][\/et_pb_image][\/et_pb_column][\/et_pb_row][\/et_pb_section]<\/p>\n","protected":false},"excerpt":{"rendered":"<p>Abschlepp\u00f6se f\u00fcr Toyota Land Cruiser 120 Werkspunkte. In Kombination mit der werksseitigen Abschlepp\u00f6se bietet sie eine hervorragende M\u00f6glichkeit, einen zus\u00e4tzlichen Abschlepppunkt zu schaffen, und kann als Option f\u00fcr eine Flaschenzugbefestigung verwendet werden. Kann mit der Werkssto\u00dfstange verwendet werden. F\u00fcr Stahlsto\u00dfstangen bieten wir eine andere Art von Abschlepp\u00f6se an, bitte kontaktieren Sie info@offroop.hu. Inhalt der Packung: [&hellip;]<\/p>\n","protected":false},"author":1,"featured_media":0,"parent":1877,"menu_order":0,"comment_status":"closed","ping_status":"closed","template":"","meta":{"_et_pb_use_builder":"on","_et_pb_old_content":"","_et_gb_content_width":"","footnotes":""},"class_list":["post-1874","page","type-page","status-publish","hentry"],"_links":{"self":[{"href":"https:\/\/offroop.hu\/de\/wp-json\/wp\/v2\/pages\/1874","targetHints":{"allow":["GET"]}}],"collection":[{"href":"https:\/\/offroop.hu\/de\/wp-json\/wp\/v2\/pages"}],"about":[{"href":"https:\/\/offroop.hu\/de\/wp-json\/wp\/v2\/types\/page"}],"author":[{"embeddable":true,"href":"https:\/\/offroop.hu\/de\/wp-json\/wp\/v2\/users\/1"}],"replies":[{"embeddable":true,"href":"https:\/\/offroop.hu\/de\/wp-json\/wp\/v2\/comments?post=1874"}],"version-history":[{"count":20,"href":"https:\/\/offroop.hu\/de\/wp-json\/wp\/v2\/pages\/1874\/revisions"}],"predecessor-version":[{"id":4678,"href":"https:\/\/offroop.hu\/de\/wp-json\/wp\/v2\/pages\/1874\/revisions\/4678"}],"up":[{"embeddable":true,"href":"https:\/\/offroop.hu\/de\/wp-json\/wp\/v2\/pages\/1877"}],"wp:attachment":[{"href":"https:\/\/offroop.hu\/de\/wp-json\/wp\/v2\/media?parent=1874"}],"curies":[{"name":"wp","href":"https:\/\/api.w.org\/{rel}","templated":true}]}}