{"id":1877,"date":"2024-07-23T18:11:38","date_gmt":"2024-07-23T18:11:38","guid":{"rendered":"https:\/\/offroop.hu\/off-road-zubehoer\/"},"modified":"2026-03-31T12:44:06","modified_gmt":"2026-03-31T12:44:06","slug":"off-road-zubehoer","status":"publish","type":"page","link":"https:\/\/offroop.hu\/de\/off-road-zubehoer\/","title":{"rendered":"Off-Road-Zubeh\u00f6r"},"content":{"rendered":"<p>[et_pb_section fb_built=&#8220;1&#8243; _builder_version=&#8220;4.25.2&#8243; _module_preset=&#8220;default&#8220; global_colors_info=&#8220;{}&#8220;][et_pb_row column_structure=&#8220;1_2,1_2&#8243; _builder_version=&#8220;4.25.2&#8243; _module_preset=&#8220;default&#8220; global_colors_info=&#8220;{}&#8220;][et_pb_column type=&#8220;1_2&#8243; _builder_version=&#8220;4.25.2&#8243; _module_preset=&#8220;default&#8220; global_colors_info=&#8220;{}&#8220;][et_pb_image src=&#8220;https:\/\/offroop.hu\/wp-content\/uploads\/2024\/07\/logo-scaled.webp&#8220; title_text=&#8220;Logo&#8220; _builder_version=&#8220;4.25.2&#8243; _module_preset=&#8220;default&#8220; global_colors_info=&#8220;{}&#8220;][\/et_pb_image][et_pb_button button_url=&#8220;@ET-DC@eyJkeW5hbWljIjp0cnVlLCJjb250ZW50IjoicG9zdF9saW5rX3VybF9wYWdlIiwic2V0dGluZ3MiOnsicG9zdF9pZCI6IjQzOSIsImVuYWJsZV9odG1sIjoib2ZmIn19@&#8220; button_text=&#8220;Auto-Camping-Tisch&#8220; _builder_version=&#8220;4.27.0&#8243; _dynamic_attributes=&#8220;button_url&#8220; _module_preset=&#8220;default&#8220; global_colors_info=&#8220;{%22gcid-d2f21d79-8e92-4d01-a5da-bab6ea4ce071%22:%91%22button_bg_color%22%93}&#8220;][\/et_pb_button][et_pb_button button_url=&#8220;@ET-DC@eyJkeW5hbWljIjp0cnVlLCJjb250ZW50IjoicG9zdF9saW5rX3VybF9wYWdlIiwic2V0dGluZ3MiOnsicG9zdF9pZCI6IjQ1NSIsImVuYWJsZV9odG1sIjoib2ZmIn19@&#8220; button_text=&#8220;Staufach&#8220; _builder_version=&#8220;4.27.0&#8243; _dynamic_attributes=&#8220;button_url&#8220; _module_preset=&#8220;default&#8220; global_colors_info=&#8220;{%22gcid-d2f21d79-8e92-4d01-a5da-bab6ea4ce071%22:%91%22button_bg_color%22%93}&#8220;][\/et_pb_button][et_pb_button button_url=&#8220;@ET-DC@eyJkeW5hbWljIjp0cnVlLCJjb250ZW50IjoicG9zdF9saW5rX3VybF9wYWdlIiwic2V0dGluZ3MiOnsicG9zdF9pZCI6IjQ2NCIsImVuYWJsZV9odG1sIjoib2ZmIn19@&#8220; button_text=&#8220;Hooked game Traktor&#8220; _builder_version=&#8220;4.27.0&#8243; _dynamic_attributes=&#8220;button_url&#8220; _module_preset=&#8220;default&#8220; global_colors_info=&#8220;{%22gcid-d2f21d79-8e92-4d01-a5da-bab6ea4ce071%22:%91%22button_bg_color%22%93}&#8220;][\/et_pb_button][et_pb_button button_url=&#8220;@ET-DC@eyJkeW5hbWljIjp0cnVlLCJjb250ZW50IjoicG9zdF9saW5rX3VybF9wYWdlIiwic2V0dGluZ3MiOnsicG9zdF9pZCI6IjUxMSIsImVuYWJsZV9odG1sIjoib2ZmIn19@&#8220; button_text=&#8220;Wasserdichte Anschl\u00fcsse&#8220; _builder_version=&#8220;4.27.0&#8243; _dynamic_attributes=&#8220;button_url&#8220; _module_preset=&#8220;default&#8220; global_colors_info=&#8220;{%22gcid-d2f21d79-8e92-4d01-a5da-bab6ea4ce071%22:%91%22button_bg_color%22%93}&#8220;][\/et_pb_button][et_pb_button button_url=&#8220;@ET-DC@eyJkeW5hbWljIjp0cnVlLCJjb250ZW50IjoicG9zdF9saW5rX3VybF9wYWdlIiwic2V0dGluZ3MiOnsicG9zdF9pZCI6IjU4OSIsImVuYWJsZV9odG1sIjoib2ZmIn19@&#8220; button_text=&#8220;Rekorder&#8220; _builder_version=&#8220;4.27.0&#8243; _dynamic_attributes=&#8220;button_url&#8220; _module_preset=&#8220;default&#8220; global_colors_info=&#8220;{%22gcid-d2f21d79-8e92-4d01-a5da-bab6ea4ce071%22:%91%22button_bg_color%22%93}&#8220;][\/et_pb_button][et_pb_button button_url=&#8220;@ET-DC@eyJkeW5hbWljIjp0cnVlLCJjb250ZW50IjoicG9zdF9saW5rX3VybF9wYWdlIiwic2V0dGluZ3MiOnsicG9zdF9pZCI6IjQ3OSIsImVuYWJsZV9odG1sIjoib2ZmIn19@&#8220; button_text=&#8220;Windenablage TLC120&#8243; _builder_version=&#8220;4.27.0&#8243; _dynamic_attributes=&#8220;button_url&#8220; _module_preset=&#8220;default&#8220; global_colors_info=&#8220;{%22gcid-d2f21d79-8e92-4d01-a5da-bab6ea4ce071%22:%91%22button_bg_color%22%93}&#8220;][\/et_pb_button][et_pb_button button_url=&#8220;@ET-DC@eyJkeW5hbWljIjp0cnVlLCJjb250ZW50IjoicG9zdF9saW5rX3VybF9wYWdlIiwic2V0dGluZ3MiOnsicG9zdF9pZCI6IjQ4NiIsImVuYWJsZV9odG1sIjoib2ZmIn19@&#8220; button_text=&#8220;Eiserne R\u00fcstung&#8220; _builder_version=&#8220;4.27.0&#8243; _dynamic_attributes=&#8220;button_url&#8220; _module_preset=&#8220;default&#8220; global_colors_info=&#8220;{%22gcid-d2f21d79-8e92-4d01-a5da-bab6ea4ce071%22:%91%22button_bg_color%22%93}&#8220;][\/et_pb_button][et_pb_button button_url=&#8220;@ET-DC@eyJkeW5hbWljIjp0cnVlLCJjb250ZW50IjoicG9zdF9saW5rX3VybF9wYWdlIiwic2V0dGluZ3MiOnsicG9zdF9pZCI6IjQ5NiIsImVuYWJsZV9odG1sIjoib2ZmIn19@&#8220; button_text=&#8220;Konsole f\u00fcr Netzwerktrenner TLC120&#8243; _builder_version=&#8220;4.27.0&#8243; _dynamic_attributes=&#8220;button_url&#8220; _module_preset=&#8220;default&#8220; global_colors_info=&#8220;{%22gcid-d2f21d79-8e92-4d01-a5da-bab6ea4ce071%22:%91%22button_bg_color%22%93}&#8220;][\/et_pb_button][et_pb_button button_url=&#8220;@ET-DC@eyJkeW5hbWljIjp0cnVlLCJjb250ZW50IjoicG9zdF9saW5rX3VybF9wYWdlIiwic2V0dGluZ3MiOnsicG9zdF9pZCI6IjUwNCIsImVuYWJsZV9odG1sIjoib2ZmIn19@&#8220; button_text=&#8220;Gep\u00e4ckraumablage &#8211; TLC120&#8243; _builder_version=&#8220;4.27.0&#8243; _dynamic_attributes=&#8220;button_url&#8220; _module_preset=&#8220;default&#8220; global_colors_info=&#8220;{%22gcid-d2f21d79-8e92-4d01-a5da-bab6ea4ce071%22:%91%22button_bg_color%22%93}&#8220;][\/et_pb_button][et_pb_button button_url=&#8220;@ET-DC@eyJkeW5hbWljIjp0cnVlLCJjb250ZW50IjoicG9zdF9saW5rX3VybF9wYWdlIiwic2V0dGluZ3MiOnsicG9zdF9pZCI6IjYxOCIsImVuYWJsZV9odG1sIjoib2ZmIn19@&#8220; button_text=&#8220;Abschlepp\u00f6se TLC120&#8243; _builder_version=&#8220;4.27.0&#8243; _dynamic_attributes=&#8220;button_url&#8220; _module_preset=&#8220;default&#8220; global_colors_info=&#8220;{%22gcid-d2f21d79-8e92-4d01-a5da-bab6ea4ce071%22:%91%22button_bg_color%22%93}&#8220;][\/et_pb_button][et_pb_button button_url=&#8220;@ET-DC@eyJkeW5hbWljIjp0cnVlLCJjb250ZW50IjoicG9zdF9saW5rX3VybF9wYWdlIiwic2V0dGluZ3MiOnsicG9zdF9pZCI6IjYyNSIsImVuYWJsZV9odG1sIjoib2ZmIn19@&#8220; button_text=&#8220;Halter f\u00fcr Feuerl\u00f6scher&#8220; _builder_version=&#8220;4.27.0&#8243; _dynamic_attributes=&#8220;button_url&#8220; _module_preset=&#8220;default&#8220; global_colors_info=&#8220;{%22gcid-d2f21d79-8e92-4d01-a5da-bab6ea4ce071%22:%91%22button_bg_color%22%93}&#8220;][\/et_pb_button][\/et_pb_column][et_pb_column type=&#8220;1_2&#8243; _builder_version=&#8220;4.25.2&#8243; _module_preset=&#8220;default&#8220; global_colors_info=&#8220;{}&#8220;][lwp_image_carousel gallery_ids=&#8220;532,450,469,500,554,600&#8243; slides_show=&#8220;1&#8243; _builder_version=&#8220;4.27.0&#8243; _module_preset=&#8220;default&#8220; hover_enabled=&#8220;0&#8243; global_colors_info=&#8220;{}&#8220; sticky_enabled=&#8220;0&#8243;][\/lwp_image_carousel][et_pb_text _builder_version=&#8220;4.27.0&#8243; _module_preset=&#8220;default&#8220; global_colors_info=&#8220;{}&#8220;]<\/p>\n<section id=\"sp-main-body\">\n<div class=\"row\">\n<p><main id=\"sp-component\" class=\"col-lg-12 \"><\/p>\n<div class=\"sp-column \">\n<div id=\"sp-page-builder\" class=\"sp-page-builder page-58\">\n<div class=\"page-content\">\n<section id=\"section-id-1678444325137\" class=\"sppb-section\">\n<div class=\"sppb-row-container\">\n<div class=\"sppb-row\">\n<div class=\"sppb-col-md-6\" id=\"column-wrap-id-1678444490352\">\n<div id=\"column-id-1678444490352\" class=\"sppb-column\">\n<div class=\"sppb-column-addons\">\n<div id=\"sppb-addon-wrapper-1699958697202\" class=\"sppb-addon-wrapper\">\n<div id=\"sppb-addon-1699958697202\" class=\"clearfix \">\n<div class=\"sppb-addon sppb-addon-text-block \">\n<div class=\"sppb-addon-content\">\n<p><span>Zus\u00e4tzlich zu den Produkten, die wir im eigenen Haus entwerfen, entwickeln und herstellen, bieten wir auch kommerzielle Produkte an.<\/span><\/p>\n<p><span>Wir m\u00f6chten, dass die Autos unserer Partner w\u00e4hrend einer Tour gem\u00fctlich und praktisch sind. Deshalb bieten wir verschiedene Stauk\u00e4sten, Klapptische und, falls Sie unterwegs in eine unerwartete Situation geraten, eine Winde, die Ihnen aus der Klemme hilft. F\u00fcr die Installation von zus\u00e4tzlicher Beleuchtung bieten wir unseren Kunden wasserdichte Steckdosen an. <\/span><\/p>\n<\/div>\n<\/div>\n<\/div>\n<\/div>\n<\/div>\n<\/div>\n<\/div>\n<\/div>\n<\/div>\n<\/section>\n<\/div>\n<\/div>\n<\/div>\n<p><\/main><\/div>\n<\/section>\n<section id=\"sp-bottom\">\n<div class=\"container\">\n<div class=\"container-inner\">\n<div class=\"row\">\n<div id=\"sp-bottom1\" class=\"col-sm-col-sm-6 col-lg-3 \">\n<div class=\"sp-column \">\n<div class=\"sp-module \"><\/div>\n<\/div>\n<\/div>\n<\/div>\n<\/div>\n<\/div>\n<\/section>\n<p>[\/et_pb_text][\/et_pb_column][\/et_pb_row][\/et_pb_section]<\/p>\n","protected":false},"excerpt":{"rendered":"<p><div class=\"et_pb_module lwp_image_carousel lwp_image_carousel_0\">\n\t\t\t\t\n\t\t\t\t\n\t\t\t\t\n\t\t\t\t\n\t\t\t\t\n\t\t\t\t\n\t\t\t\t<div class=\"et_pb_module_inner\">\n\t\t\t\t\t\r\n\t\t\t<section class=\"lwp-slick-slider slider small-slider lwp-default-slider lwp-side-center\" data-slick='{ \"vertical\":false, \"slidesToShow\": 1, \"slidesToScroll\": 1, \"dots\":true, \"arrows\":true, \"infinite\":false, \"autoplay\":false, \"autoplaySpeed\":2000, \"pauseOnHover\":true, \"adaptiveHeight\":true, \"speed\":300, \"cssEase\":\"ease\", \"responsive\": [ { \"breakpoint\": 980, \"settings\": { \"slidesToShow\": 1, \"slidesToScroll\": 1, \"arrows\":true,\"dots\":true } } ,{ \"breakpoint\": 767, \"settings\": { \"slidesToShow\": 1, \"slidesToScroll\": 1, \"arrows\":true,\"dots\":true } } ] }'>\r\n\t\t\t\t<div><img decoding=\"async\" src=\"https:\/\/offroop.hu\/wp-content\/uploads\/2024\/07\/kapszula_03_web.jpg\" alt=\"\" title=\"kapszula_03_web\"><\/div><div><img decoding=\"async\" src=\"https:\/\/offroop.hu\/wp-content\/uploads\/2024\/07\/IMG20230320172207-1.jpg\" alt=\"\" title=\"IMG20230320172207\"><\/div><div><img decoding=\"async\" src=\"https:\/\/offroop.hu\/wp-content\/uploads\/2024\/07\/IMG20230524063124-1.jpg\" alt=\"\" title=\"IMG20230524063124\"><\/div><div><img decoding=\"async\" src=\"https:\/\/offroop.hu\/wp-content\/uploads\/2024\/07\/IMG20240118011842-1.jpg\" alt=\"\" title=\"IMG20240118011842\"><\/div><div><img decoding=\"async\" src=\"https:\/\/offroop.hu\/wp-content\/uploads\/2024\/07\/kapszula_06_web.webp\" alt=\"\" title=\"kapszula_06_web\"><\/div><div><img decoding=\"async\" src=\"https:\/\/offroop.hu\/wp-content\/uploads\/2024\/07\/spanifer-250kg_01_web.webp\" alt=\"\" title=\"spanifer-250kg_01_web\"><\/div>\r\n\t\t\t<\/section>\n\t\t\t\t<\/div>\n\t\t\t<\/div> Zus\u00e4tzlich zu den Produkten, die wir im eigenen Haus entwerfen, entwickeln und herstellen, bieten wir auch kommerzielle Produkte an. Wir m\u00f6chten, dass die Autos unserer Partner w\u00e4hrend einer Tour gem\u00fctlich und praktisch sind. Deshalb bieten wir verschiedene Stauk\u00e4sten, Klapptische und, falls Sie unterwegs in eine unerwartete Situation [&hellip;]<\/p>\n","protected":false},"author":1,"featured_media":0,"parent":0,"menu_order":0,"comment_status":"closed","ping_status":"closed","template":"","meta":{"_et_pb_use_builder":"on","_et_pb_old_content":"","_et_gb_content_width":"","footnotes":""},"class_list":["post-1877","page","type-page","status-publish","hentry"],"_links":{"self":[{"href":"https:\/\/offroop.hu\/de\/wp-json\/wp\/v2\/pages\/1877","targetHints":{"allow":["GET"]}}],"collection":[{"href":"https:\/\/offroop.hu\/de\/wp-json\/wp\/v2\/pages"}],"about":[{"href":"https:\/\/offroop.hu\/de\/wp-json\/wp\/v2\/types\/page"}],"author":[{"embeddable":true,"href":"https:\/\/offroop.hu\/de\/wp-json\/wp\/v2\/users\/1"}],"replies":[{"embeddable":true,"href":"https:\/\/offroop.hu\/de\/wp-json\/wp\/v2\/comments?post=1877"}],"version-history":[{"count":63,"href":"https:\/\/offroop.hu\/de\/wp-json\/wp\/v2\/pages\/1877\/revisions"}],"predecessor-version":[{"id":4656,"href":"https:\/\/offroop.hu\/de\/wp-json\/wp\/v2\/pages\/1877\/revisions\/4656"}],"wp:attachment":[{"href":"https:\/\/offroop.hu\/de\/wp-json\/wp\/v2\/media?parent=1877"}],"curies":[{"name":"wp","href":"https:\/\/api.w.org\/{rel}","templated":true}]}}