{"id":1909,"date":"2024-07-28T16:10:41","date_gmt":"2024-07-28T16:10:41","guid":{"rendered":"https:\/\/offroop.hu\/off-road-zubehoer\/auto-camping-tisch\/"},"modified":"2026-04-13T11:22:21","modified_gmt":"2026-04-13T11:22:21","slug":"auto-camping-tisch","status":"publish","type":"page","link":"https:\/\/offroop.hu\/de\/off-road-zubehoer\/auto-camping-tisch\/","title":{"rendered":"Auto-Camping-Tisch"},"content":{"rendered":"<p>[et_pb_section fb_built=&#8220;1&#8243; _builder_version=&#8220;4.25.2&#8243; _module_preset=&#8220;default&#8220; global_colors_info=&#8220;{}&#8220;][et_pb_row column_structure=&#8220;1_2,1_2&#8243; _builder_version=&#8220;4.25.2&#8243; _module_preset=&#8220;default&#8220; global_colors_info=&#8220;{}&#8220;][et_pb_column type=&#8220;1_2&#8243; _builder_version=&#8220;4.25.2&#8243; _module_preset=&#8220;default&#8220; global_colors_info=&#8220;{}&#8220;][et_pb_image src=&#8220;https:\/\/offroop.hu\/wp-content\/uploads\/2024\/07\/logo-scaled.webp&#8220; title_text=&#8220;Logo&#8220; _builder_version=&#8220;4.25.2&#8243; _module_preset=&#8220;default&#8220; global_colors_info=&#8220;{}&#8220;][\/et_pb_image][et_pb_text _builder_version=&#8220;4.25.2&#8243; _module_preset=&#8220;default&#8220; global_colors_info=&#8220;{}&#8220;]<\/p>\n<div class=\"sppb-col-md-6\" id=\"column-wrap-id-1678444325135\">\n<div id=\"column-id-1678444325135\" class=\"sppb-column\">\n<div class=\"sppb-column-addons\">\n<div id=\"sppb-addon-wrapper-1678444325143\" class=\"sppb-addon-wrapper\">\n<div id=\"sppb-addon-1678444325143\" class=\" sppb-wow fadeInLeft clearfix sppb-animated\" data-sppb-wow-duration=\"300ms\">\n<div class=\"sppb-addon sppb-addon-text-block \">\n<div class=\"sppb-addon-content\">\n<div class=\"sppb-col-md-6\" id=\"column-wrap-id-1678444325135\">\n<div id=\"column-id-1678444325135\" class=\"sppb-column\">\n<div class=\"sppb-column-addons\">\n<div id=\"sppb-addon-wrapper-1678444325143\" class=\"sppb-addon-wrapper\">\n<div id=\"sppb-addon-1678444325143\" class=\" sppb-wow fadeInLeft clearfix sppb-animated\" data-sppb-wow-duration=\"300ms\">\n<div class=\"sppb-addon sppb-addon-text-block \">\n<div class=\"sppb-addon-content\">\n<div><span><strong>An der Hintert\u00fcr montierter Tisch<\/strong><\/span><\/div>\n<div><span>OFF-ROOP Campingtische werden zu 100% in Ungarn hergestellt, basierend auf ungarischem Design.<\/span><\/div>\n<div><span>Die Tische k\u00f6nnen an der Heckklappe montiert und w\u00e4hrend der Fahrt hochgeklappt werden.<br \/>\nEine automatische Verriegelung verhindert, dass sie sich \u00f6ffnen. <\/span><\/div>\n<div><span>Zusammengeklappt bietet er den perfekten Stauraum f\u00fcr all Ihr Campingzubeh\u00f6r und Ihre Zutaten.<\/span><\/div>\n<div><span>Hergestellt aus rostfreiem Stahl.<br \/>\nGegen Aufpreis in jeder Farbe mit Pulverbeschichtung erh\u00e4ltlich. <\/span><\/div>\n<div><span>Der Campingtisch ist derzeit f\u00fcr das Modell Land Cruiser 120 erh\u00e4ltlich, und das Angebot wird auf andere Modelle ausgeweitet.<\/span><\/div>\n<div>\n<p><span><\/p>\n<p>Wenn das Produkt nicht auf Lager ist, betr\u00e4gt die Produktionszeit 4-6 Wochen.<strong>Preis: Netto: 100 000 Ft<\/strong> <strong>\/db<\/strong> Brutto: 127 000 Ft \/db<\/span><\/div>\n<\/div>\n<\/div>\n<\/div>\n<\/div>\n<\/div>\n<\/div>\n<\/div>\n<\/div>\n<\/div>\n<\/div>\n<\/div>\n<\/div>\n<\/div>\n<\/div>\n<p>[\/et_pb_text][\/et_pb_column][et_pb_column type=&#8220;1_2&#8243; _builder_version=&#8220;4.25.2&#8243; _module_preset=&#8220;default&#8220; global_colors_info=&#8220;{}&#8220;][lwp_image_carousel slides_show=&#8220;1&#8243; _builder_version=&#8220;4.25.2&#8243; _module_preset=&#8220;default&#8220; hover_enabled=&#8220;0&#8243; global_colors_info=&#8220;{}&#8220; gallery_ids=&#8220;452,449,453,450&#8243; sticky_enabled=&#8220;0&#8243;][\/lwp_image_carousel][\/et_pb_column][\/et_pb_row][\/et_pb_section]<\/p>\n","protected":false},"excerpt":{"rendered":"<p>An der Hintert\u00fcr montierter Tisch OFF-ROOP Campingtische werden zu 100% in Ungarn hergestellt, basierend auf ungarischem Design. Die Tische k\u00f6nnen an der Heckklappe montiert und w\u00e4hrend der Fahrt hochgeklappt werden. Eine automatische Verriegelung verhindert, dass sie sich \u00f6ffnen. Zusammengeklappt bietet er den perfekten Stauraum f\u00fcr all Ihr Campingzubeh\u00f6r und Ihre Zutaten. Hergestellt aus rostfreiem Stahl. [&hellip;]<\/p>\n","protected":false},"author":1,"featured_media":0,"parent":1877,"menu_order":0,"comment_status":"closed","ping_status":"closed","template":"","meta":{"_et_pb_use_builder":"on","_et_pb_old_content":"","_et_gb_content_width":"","footnotes":""},"class_list":["post-1909","page","type-page","status-publish","hentry"],"_links":{"self":[{"href":"https:\/\/offroop.hu\/de\/wp-json\/wp\/v2\/pages\/1909","targetHints":{"allow":["GET"]}}],"collection":[{"href":"https:\/\/offroop.hu\/de\/wp-json\/wp\/v2\/pages"}],"about":[{"href":"https:\/\/offroop.hu\/de\/wp-json\/wp\/v2\/types\/page"}],"author":[{"embeddable":true,"href":"https:\/\/offroop.hu\/de\/wp-json\/wp\/v2\/users\/1"}],"replies":[{"embeddable":true,"href":"https:\/\/offroop.hu\/de\/wp-json\/wp\/v2\/comments?post=1909"}],"version-history":[{"count":36,"href":"https:\/\/offroop.hu\/de\/wp-json\/wp\/v2\/pages\/1909\/revisions"}],"predecessor-version":[{"id":4814,"href":"https:\/\/offroop.hu\/de\/wp-json\/wp\/v2\/pages\/1909\/revisions\/4814"}],"up":[{"embeddable":true,"href":"https:\/\/offroop.hu\/de\/wp-json\/wp\/v2\/pages\/1877"}],"wp:attachment":[{"href":"https:\/\/offroop.hu\/de\/wp-json\/wp\/v2\/media?parent=1909"}],"curies":[{"name":"wp","href":"https:\/\/api.w.org\/{rel}","templated":true}]}}