{"id":1920,"date":"2024-07-28T16:40:02","date_gmt":"2024-07-28T16:40:02","guid":{"rendered":"https:\/\/offroop.hu\/off-road-zubehoer\/staufach\/"},"modified":"2026-04-16T13:38:10","modified_gmt":"2026-04-16T13:38:10","slug":"staufach","status":"publish","type":"page","link":"https:\/\/offroop.hu\/de\/off-road-zubehoer\/staufach\/","title":{"rendered":"Staufach"},"content":{"rendered":"<p>[et_pb_section fb_built=&#8220;1&#8243; _builder_version=&#8220;4.25.2&#8243; _module_preset=&#8220;default&#8220; global_colors_info=&#8220;{}&#8220;][et_pb_row column_structure=&#8220;1_2,1_2&#8243; _builder_version=&#8220;4.25.2&#8243; _module_preset=&#8220;default&#8220; global_colors_info=&#8220;{}&#8220;][et_pb_column type=&#8220;1_2&#8243; _builder_version=&#8220;4.25.2&#8243; _module_preset=&#8220;default&#8220; global_colors_info=&#8220;{}&#8220;][et_pb_image src=&#8220;https:\/\/offroop.hu\/wp-content\/uploads\/2024\/07\/logo-scaled.webp&#8220; title_text=&#8220;Logo&#8220; _builder_version=&#8220;4.25.2&#8243; _module_preset=&#8220;default&#8220; global_colors_info=&#8220;{}&#8220;][\/et_pb_image][et_pb_text _builder_version=&#8220;4.27.0&#8243; _module_preset=&#8220;default&#8220; hover_enabled=&#8220;0&#8243; global_colors_info=&#8220;{}&#8220; sticky_enabled=&#8220;0&#8243;]<\/p>\n<div class=\"sppb-col-md-6\" id=\"column-wrap-id-1678444325135\">\n<div id=\"column-id-1678444325135\" class=\"sppb-column\">\n<div class=\"sppb-column-addons\">\n<div id=\"sppb-addon-wrapper-1678444325143\" class=\"sppb-addon-wrapper\">\n<div id=\"sppb-addon-1678444325143\" class=\" sppb-wow fadeInLeft clearfix  sppb-animated\" data-sppb-wow-duration=\"300ms\">\n<div class=\"sppb-addon sppb-addon-text-block  \">\n<div class=\"sppb-addon-content\">\n<div class=\"sppb-col-md-6\" id=\"column-wrap-id-1678444325135\">\n<div id=\"column-id-1678444325135\" class=\"sppb-column\">\n<div class=\"sppb-column-addons\">\n<div id=\"sppb-addon-wrapper-1678444325143\" class=\"sppb-addon-wrapper\">\n<div id=\"sppb-addon-1678444325143\" class=\" sppb-wow fadeInLeft clearfix  sppb-animated\" data-sppb-wow-duration=\"300ms\">\n<div class=\"sppb-addon sppb-addon-text-block  \">\n<div class=\"sppb-addon-content\">\n<div class=\"sppb-col-md-6\" id=\"column-wrap-id-1678444325135\">\n<div id=\"column-id-1678444325135\" class=\"sppb-column\">\n<div class=\"sppb-column-addons\">\n<div id=\"sppb-addon-wrapper-1678444325143\" class=\"sppb-addon-wrapper\">\n<div id=\"sppb-addon-1678444325143\" class=\" sppb-wow fadeInLeft clearfix  sppb-animated\" data-sppb-wow-duration=\"300ms\">\n<div class=\"sppb-addon sppb-addon-text-block  \">\n<div class=\"sppb-addon-content\">\n<div><span>Az OFF-ROOP t\u00e1rol\u00f3rekeszei magyar tervez\u00e9s alapj\u00e1n 100%-ban Magyarorsz\u00e1gon k\u00e9sz\u00fclnek.<\/span><\/div>\n<div><span>A t\u00e1rol\u00f3rekesz Land Cruiser 120 t\u00edpus gy\u00e1ri h\u00e1l\u00f3ja hely\u00e9re szerelhet\u0151.<\/span><\/div>\n<div><span>Anyaga rozsdamentes ac\u00e9l. Fel\u00e1r ellen\u00e9ben porfest\u00e9ssel b\u00e1rmilyen sz\u00ednben k\u00e9rhet\u0151.<\/span><\/div>\n<div>\n<p><span>Amennyiben a term\u00e9k nincs k\u00e9szleten gy\u00e1rt\u00e1si ideje 4-6 h\u00e9t.<\/span><\/p>\n<p><strong>Nat\u00far \u00e1r:<br \/>Nett\u00f3: 25 000 Ft<\/strong>\u00a0<strong>\/db<\/strong><br \/>Brutt\u00f3: 31 750 Ft \/db<\/p>\n<p><strong>Porfestett (fekete) \u00e1r:<br \/>Nett\u00f3: 30 000 Ft<\/strong>\u00a0<strong>\/db<\/strong><br \/>Brutt\u00f3: 38 100 Ft \/db<\/p>\n<\/div>\n<\/div>\n<\/div>\n<\/div>\n<\/div>\n<\/div>\n<\/div>\n<\/div>\n<div class=\"sppb-col-md-6\" id=\"column-wrap-id-1678444490352\">\n<div id=\"column-id-1678444490352\" class=\"sppb-column\">\n<div class=\"sppb-column-addons\">\n<div id=\"sppb-addon-wrapper-1678444490372\" class=\"sppb-addon-wrapper\">\n<div id=\"sppb-addon-1678444490372\" class=\" sppb-wow bounceIn clearfix  sppb-animated\" data-sppb-wow-duration=\"300ms\">\n<div id=\"sppb-carousel1\" data-interval=\"5000\" class=\"sppb-carousel sppb-slide\" data-sppb-ride=\"sppb-carousel\"><\/div>\n<\/div>\n<\/div>\n<\/div>\n<\/div>\n<\/div>\n<\/div>\n<\/div>\n<\/div>\n<\/div>\n<\/div>\n<\/div>\n<\/div>\n<\/div>\n<\/div>\n<\/div>\n<\/div>\n<\/div>\n<\/div>\n<\/div>\n<p>[\/et_pb_text][\/et_pb_column][et_pb_column type=&#8220;1_2&#8243; _builder_version=&#8220;4.25.2&#8243; _module_preset=&#8220;default&#8220; global_colors_info=&#8220;{}&#8220;][lwp_image_carousel gallery_ids=&#8220;458,459,460,461&#8243; slides_show=&#8220;1&#8243; _builder_version=&#8220;4.25.2&#8243; _module_preset=&#8220;default&#8220; global_colors_info=&#8220;{}&#8220;][\/lwp_image_carousel][\/et_pb_column][\/et_pb_row][\/et_pb_section]<\/p>\n","protected":false},"excerpt":{"rendered":"<p>Az OFF-ROOP t\u00e1rol\u00f3rekeszei magyar tervez\u00e9s alapj\u00e1n 100%-ban Magyarorsz\u00e1gon k\u00e9sz\u00fclnek. A t\u00e1rol\u00f3rekesz Land Cruiser 120 t\u00edpus gy\u00e1ri h\u00e1l\u00f3ja hely\u00e9re szerelhet\u0151. Anyaga rozsdamentes ac\u00e9l. Fel\u00e1r ellen\u00e9ben porfest\u00e9ssel b\u00e1rmilyen sz\u00ednben k\u00e9rhet\u0151. Amennyiben a term\u00e9k nincs k\u00e9szleten gy\u00e1rt\u00e1si ideje 4-6 h\u00e9t. Nat\u00far \u00e1r:Nett\u00f3: 25 000 Ft\u00a0\/dbBrutt\u00f3: 31 750 Ft \/db Porfestett (fekete) \u00e1r:Nett\u00f3: 30 000 Ft\u00a0\/dbBrutt\u00f3: 38 100 Ft [&hellip;]<\/p>\n","protected":false},"author":1,"featured_media":0,"parent":1877,"menu_order":0,"comment_status":"closed","ping_status":"closed","template":"","meta":{"_et_pb_use_builder":"on","_et_pb_old_content":"","_et_gb_content_width":"","footnotes":""},"class_list":["post-1920","page","type-page","status-publish","hentry"],"_links":{"self":[{"href":"https:\/\/offroop.hu\/de\/wp-json\/wp\/v2\/pages\/1920","targetHints":{"allow":["GET"]}}],"collection":[{"href":"https:\/\/offroop.hu\/de\/wp-json\/wp\/v2\/pages"}],"about":[{"href":"https:\/\/offroop.hu\/de\/wp-json\/wp\/v2\/types\/page"}],"author":[{"embeddable":true,"href":"https:\/\/offroop.hu\/de\/wp-json\/wp\/v2\/users\/1"}],"replies":[{"embeddable":true,"href":"https:\/\/offroop.hu\/de\/wp-json\/wp\/v2\/comments?post=1920"}],"version-history":[{"count":33,"href":"https:\/\/offroop.hu\/de\/wp-json\/wp\/v2\/pages\/1920\/revisions"}],"predecessor-version":[{"id":4854,"href":"https:\/\/offroop.hu\/de\/wp-json\/wp\/v2\/pages\/1920\/revisions\/4854"}],"up":[{"embeddable":true,"href":"https:\/\/offroop.hu\/de\/wp-json\/wp\/v2\/pages\/1877"}],"wp:attachment":[{"href":"https:\/\/offroop.hu\/de\/wp-json\/wp\/v2\/media?parent=1920"}],"curies":[{"name":"wp","href":"https:\/\/api.w.org\/{rel}","templated":true}]}}