{"id":1949,"date":"2024-07-31T18:49:44","date_gmt":"2024-07-31T18:49:44","guid":{"rendered":"https:\/\/offroop.hu\/off-road-zubehoer\/kisten-zur-aufbewahrung\/aufbewahrungsboxen-m\/"},"modified":"2026-03-28T15:37:59","modified_gmt":"2026-03-28T15:37:59","slug":"aufbewahrungsboxen-m","status":"publish","type":"page","link":"https:\/\/offroop.hu\/de\/off-road-zubehoer\/kisten-zur-aufbewahrung\/aufbewahrungsboxen-m\/","title":{"rendered":"Aufbewahrungsboxen &#8211; M"},"content":{"rendered":"<p>[et_pb_section fb_built=&#8220;1&#8243; _builder_version=&#8220;4.27.0&#8243; _module_preset=&#8220;default&#8220; global_colors_info=&#8220;{}&#8220;][et_pb_row column_structure=&#8220;1_2,1_2&#8243; _builder_version=&#8220;4.27.0&#8243; _module_preset=&#8220;default&#8220; global_colors_info=&#8220;{}&#8220;][et_pb_column type=&#8220;1_2&#8243; _builder_version=&#8220;4.27.0&#8243; _module_preset=&#8220;default&#8220; global_colors_info=&#8220;{}&#8220;][et_pb_image src=&#8220;https:\/\/offroop.hu\/wp-content\/uploads\/2024\/07\/logo-scaled.webp&#8220; title_text=&#8220;Logo&#8220; _builder_version=&#8220;4.27.0&#8243; _module_preset=&#8220;default&#8220; global_colors_info=&#8220;{}&#8220;][\/et_pb_image][\/et_pb_column][et_pb_column type=&#8220;1_2&#8243; _builder_version=&#8220;4.27.0&#8243; _module_preset=&#8220;default&#8220; global_colors_info=&#8220;{}&#8220;][\/et_pb_column][\/et_pb_row][et_pb_row column_structure=&#8220;1_2,1_2&#8243; _builder_version=&#8220;4.27.0&#8243; _module_preset=&#8220;default&#8220; global_colors_info=&#8220;{}&#8220;][et_pb_column type=&#8220;1_2&#8243; _builder_version=&#8220;4.27.0&#8243; _module_preset=&#8220;default&#8220; global_colors_info=&#8220;{}&#8220;][et_pb_text _builder_version=&#8220;4.27.0&#8243; _module_preset=&#8220;default&#8220; custom_padding=&#8220;||0px|||&#8220; hover_enabled=&#8220;0&#8243; global_colors_info=&#8220;{}&#8220; sticky_enabled=&#8220;0&#8243;]<\/p>\n<p><strong>PLANO SPORTMAN&#8217;S TRUNK M STORAGE BOX, SCHWARZ<\/strong><\/p>\n<p>Mittelgro\u00dfe Plano Kiste<\/p>\n<p>Marke: plano Breite: 76 cm H\u00f6he: 32 cm Tiefe: 36 cm Fassungsverm\u00f6gen: 80 L<\/p>\n<p>P<strong>reis:<\/strong><strong>Netto: 23 740 HUF \/st\u00fcck<\/strong> Brutto: 30 150 HUF \/st\u00fcck<\/p>\n<p>[\/et_pb_text][\/et_pb_column][et_pb_column type=&#8220;1_2&#8243; _builder_version=&#8220;4.27.0&#8243; _module_preset=&#8220;default&#8220; global_colors_info=&#8220;{}&#8220;][lwp_image_carousel gallery_ids=&#8220;850,849&#8243; slides_show=&#8220;1&#8243; _builder_version=&#8220;4.27.0&#8243; _module_preset=&#8220;default&#8220; global_colors_info=&#8220;{}&#8220;][\/lwp_image_carousel][\/et_pb_column][\/et_pb_row][et_pb_row column_structure=&#8220;1_2,1_2&#8243; _builder_version=&#8220;4.27.0&#8243; _module_preset=&#8220;default&#8220; global_colors_info=&#8220;{}&#8220;][et_pb_column type=&#8220;1_2&#8243; _builder_version=&#8220;4.27.0&#8243; _module_preset=&#8220;default&#8220; global_colors_info=&#8220;{}&#8220;][et_pb_text _builder_version=&#8220;4.27.0&#8243; _module_preset=&#8220;default&#8220; custom_padding=&#8220;||0px|||&#8220; hover_enabled=&#8220;0&#8243; global_colors_info=&#8220;{}&#8220; sticky_enabled=&#8220;0&#8243;]<\/p>\n<div id=\"sppb-addon-wrapper-1678445137520\" class=\"sppb-addon-wrapper\">\n<div id=\"sppb-addon-1678445137520\" class=\" sppb-wow fadeIn clearfix sppb-animated\" data-sppb-wow-duration=\"300ms\">\n<div class=\"sppb-addon sppb-addon-single-image sppb-text-center \">\n<div class=\"sppb-addon-content\">\n<div class=\"sppb-addon-single-image-container\"><\/div>\n<\/div>\n<\/div>\n<\/div>\n<\/div>\n<div id=\"sppb-addon-wrapper-1678444325143\" class=\"sppb-addon-wrapper\">\n<div id=\"sppb-addon-1678444325143\" class=\" sppb-wow fadeInLeft clearfix sppb-animated\" data-sppb-wow-duration=\"300ms\">\n<div class=\"sppb-addon sppb-addon-text-block \">\n<div class=\"sppb-addon-content\">\n<p><strong>PLANO SPORTMAN&#8217;S TRUNK M AUFBEWAHRUNGSBOX, GR\u00dcN<\/strong><\/p>\n<p>Mittelgro\u00dfe Plano Kiste<\/p>\n<p>Marke: plano Breite: 76 cm H\u00f6he: 32 cm Tiefe: 36 cm Fassungsverm\u00f6gen: 80 L<\/p>\n<p>P<strong>reis:<\/strong><strong>Netto: 23 740 HUF \/st\u00fcck<\/strong> Brutto: 30 150 HUF \/st\u00fcck<\/p>\n<\/div>\n<\/div>\n<\/div>\n<\/div>\n<p>[\/et_pb_text][\/et_pb_column][et_pb_column type=&#8220;1_2&#8243; _builder_version=&#8220;4.27.0&#8243; _module_preset=&#8220;default&#8220; global_colors_info=&#8220;{}&#8220;][lwp_image_carousel gallery_ids=&#8220;848,847&#8243; slides_show=&#8220;1&#8243; _builder_version=&#8220;4.27.0&#8243; _module_preset=&#8220;default&#8220; global_colors_info=&#8220;{}&#8220;][\/lwp_image_carousel][\/et_pb_column][\/et_pb_row][\/et_pb_section]<\/p>\n","protected":false},"excerpt":{"rendered":"<p>PLANO SPORTMAN&#8217;S TRUNK M STORAGE BOX, SCHWARZ Mittelgro\u00dfe Plano Kiste Marke: plano Breite: 76 cm H\u00f6he: 32 cm Tiefe: 36 cm Fassungsverm\u00f6gen: 80 L Preis:Netto: 23 740 HUF \/st\u00fcck Brutto: 30 150 HUF \/st\u00fcck<div class=\"et_pb_module lwp_image_carousel lwp_image_carousel_0\">\n\t\t\t\t\n\t\t\t\t\n\t\t\t\t\n\t\t\t\t\n\t\t\t\t\n\t\t\t\t\n\t\t\t\t<div class=\"et_pb_module_inner\">\n\t\t\t\t\t\r\n\t\t\t<section class=\"lwp-slick-slider slider small-slider lwp-default-slider lwp-side-center\" data-slick='{ \"vertical\":false, \"slidesToShow\": 1, \"slidesToScroll\": 1, \"dots\":true, \"arrows\":true, \"infinite\":false, \"autoplay\":false, \"autoplaySpeed\":2000, \"pauseOnHover\":true, \"adaptiveHeight\":true, \"speed\":300, \"cssEase\":\"ease\", \"responsive\": [ { \"breakpoint\": 980, \"settings\": { \"slidesToShow\": 1, \"slidesToScroll\": 1, \"arrows\":true,\"dots\":true } } ,{ \"breakpoint\": 767, \"settings\": { \"slidesToShow\": 1, \"slidesToScroll\": 1, \"arrows\":true,\"dots\":true } } ] }'>\r\n\t\t\t\t<div><img decoding=\"async\" src=\"https:\/\/offroop.hu\/wp-content\/uploads\/2024\/07\/m_fekete.webp\" alt=\"\" title=\"m_fekete\"><\/div><div><img decoding=\"async\" src=\"https:\/\/offroop.hu\/wp-content\/uploads\/2024\/07\/m_fekete_2.webp\" alt=\"\" title=\"m_fekete_2\"><\/div>\r\n\t\t\t<\/section>\n\t\t\t\t<\/div>\n\t\t\t<\/div> PLANO SPORTMAN&#8217;S TRUNK M AUFBEWAHRUNGSBOX, GR\u00dcN Mittelgro\u00dfe Plano Kiste Marke: plano Breite: 76 cm H\u00f6he: 32 [&hellip;]<\/p>\n","protected":false},"author":1,"featured_media":0,"parent":1888,"menu_order":0,"comment_status":"closed","ping_status":"closed","template":"","meta":{"_et_pb_use_builder":"on","_et_pb_old_content":"","_et_gb_content_width":"","footnotes":""},"class_list":["post-1949","page","type-page","status-publish","hentry"],"_links":{"self":[{"href":"https:\/\/offroop.hu\/de\/wp-json\/wp\/v2\/pages\/1949","targetHints":{"allow":["GET"]}}],"collection":[{"href":"https:\/\/offroop.hu\/de\/wp-json\/wp\/v2\/pages"}],"about":[{"href":"https:\/\/offroop.hu\/de\/wp-json\/wp\/v2\/types\/page"}],"author":[{"embeddable":true,"href":"https:\/\/offroop.hu\/de\/wp-json\/wp\/v2\/users\/1"}],"replies":[{"embeddable":true,"href":"https:\/\/offroop.hu\/de\/wp-json\/wp\/v2\/comments?post=1949"}],"version-history":[{"count":17,"href":"https:\/\/offroop.hu\/de\/wp-json\/wp\/v2\/pages\/1949\/revisions"}],"predecessor-version":[{"id":4546,"href":"https:\/\/offroop.hu\/de\/wp-json\/wp\/v2\/pages\/1949\/revisions\/4546"}],"up":[{"embeddable":true,"href":"https:\/\/offroop.hu\/de\/wp-json\/wp\/v2\/pages\/1888"}],"wp:attachment":[{"href":"https:\/\/offroop.hu\/de\/wp-json\/wp\/v2\/media?parent=1949"}],"curies":[{"name":"wp","href":"https:\/\/api.w.org\/{rel}","templated":true}]}}