{"id":1999,"date":"2024-07-31T08:56:24","date_gmt":"2024-07-31T08:56:24","guid":{"rendered":"https:\/\/offroop.hu\/off-road-zubehoer\/rekorder\/automatischer-haecksler-1200kg-32m\/"},"modified":"2024-08-31T14:07:37","modified_gmt":"2024-08-31T14:07:37","slug":"automatischer-haecksler-1200kg-32m","status":"publish","type":"page","link":"https:\/\/offroop.hu\/de\/off-road-zubehoer\/rekorder\/automatischer-haecksler-1200kg-32m\/","title":{"rendered":"Automatischer H\u00e4cksler 1200kg 3,2m"},"content":{"rendered":"<p>[et_pb_section fb_built=&#8220;1&#8243; _builder_version=&#8220;4.25.2&#8243; _module_preset=&#8220;default&#8220; global_colors_info=&#8220;{}&#8220; theme_builder_area=&#8220;post_content&#8220;][et_pb_row column_structure=&#8220;1_2,1_2&#8243; _builder_version=&#8220;4.25.2&#8243; _module_preset=&#8220;default&#8220; global_colors_info=&#8220;{}&#8220; theme_builder_area=&#8220;post_content&#8220;][et_pb_column type=&#8220;1_2&#8243; _builder_version=&#8220;4.25.2&#8243; _module_preset=&#8220;default&#8220; global_colors_info=&#8220;{}&#8220; theme_builder_area=&#8220;post_content&#8220;][et_pb_image src=&#8220;https:\/\/offroop.hu\/wp-content\/uploads\/2024\/07\/logo-scaled.webp&#8220; title_text=&#8220;Logo&#8220; _builder_version=&#8220;4.25.2&#8243; _module_preset=&#8220;default&#8220; global_colors_info=&#8220;{}&#8220; theme_builder_area=&#8220;post_content&#8220;][\/et_pb_image][et_pb_text _builder_version=&#8220;4.27.0&#8243; _module_preset=&#8220;default&#8220; hover_enabled=&#8220;0&#8243; global_colors_info=&#8220;{}&#8220; theme_builder_area=&#8220;post_content&#8220; sticky_enabled=&#8220;0&#8243;]<\/p>\n<div class=\"sppb-col-md-6\" id=\"column-wrap-id-1678444325135\">\n<div id=\"column-id-1678444325135\" class=\"sppb-column\">\n<div class=\"sppb-column-addons\">\n<div id=\"sppb-addon-wrapper-1678444325143\" class=\"sppb-addon-wrapper\">\n<div id=\"sppb-addon-1678444325143\" class=\" sppb-wow fadeInLeft clearfix sppb-animated\" data-sppb-wow-duration=\"300ms\">\n<div class=\"sppb-addon sppb-addon-text-block \">\n<div class=\"sppb-addon-content\">\n<div class=\"sppb-col-md-6\" id=\"column-wrap-id-1678444325135\">\n<div id=\"column-id-1678444325135\" class=\"sppb-column\">\n<div class=\"sppb-column-addons\">\n<div id=\"sppb-addon-wrapper-1678444325143\" class=\"sppb-addon-wrapper\">\n<div id=\"sppb-addon-1678444325143\" class=\" sppb-wow fadeInLeft clearfix sppb-animated\" data-sppb-wow-duration=\"300ms\">\n<div class=\"sppb-addon sppb-addon-text-block \">\n<div class=\"sppb-addon-content\">\n<div class=\"sppb-col-md-6\" id=\"column-wrap-id-1693461131531\">\n<div id=\"column-id-1693461131531\" class=\"sppb-column\">\n<div class=\"sppb-column-addons\">\n<div id=\"sppb-addon-wrapper-1693461131543\" class=\"sppb-addon-wrapper\">\n<div id=\"sppb-addon-1693461131543\" class=\" sppb-wow fadeInLeft clearfix sppb-animated\" data-sppb-wow-duration=\"300ms\">\n<div class=\"sppb-addon sppb-addon-text-block \">\n<div class=\"sppb-addon-content\">\n<p><strong>Automatischer H\u00e4cksler 1200kg 3,2m<\/strong><strong><br \/><\/strong><span><strong><br \/><\/strong>Automatisches Ladungssicherungsband mit automatischer Aufwicklung.<br \/>\nDank seines speziellen Designs ist es schnell und einfach zu bedienen. <\/span><br \/><span><br \/>Blaues Etikett gem\u00e4\u00df EN12195-2<\/span><\/p>\n<p><span>Ausgestattet mit Doppelhaken aus 8mm Rundstahl an beiden Enden.<\/span><br \/><span><br \/>S\u00daLY 1,45 KG<\/p>\n<p><strong>Preis<\/strong>:<strong>Netto: 8 662 HUF<\/strong> <strong>\/piece<\/strong> Brutto: 11 001 HUF \/piece<\/span><\/p>\n<\/div>\n<\/div>\n<\/div>\n<\/div>\n<\/div>\n<\/div>\n<\/div>\n<\/div>\n<\/div>\n<\/div>\n<\/div>\n<\/div>\n<\/div>\n<\/div>\n<\/div>\n<\/div>\n<\/div>\n<\/div>\n<\/div>\n<\/div>\n<\/div>\n<p>[\/et_pb_text][\/et_pb_column][et_pb_column type=&#8220;1_2&#8243; _builder_version=&#8220;4.25.2&#8243; _module_preset=&#8220;default&#8220; global_colors_info=&#8220;{}&#8220; theme_builder_area=&#8220;post_content&#8220;][lwp_image_carousel gallery_ids=&#8220;611,612&#8243; slides_show=&#8220;1&#8243; _builder_version=&#8220;4.27.0&#8243; _module_preset=&#8220;default&#8220; hover_enabled=&#8220;0&#8243; global_colors_info=&#8220;{}&#8220; theme_builder_area=&#8220;post_content&#8220; sticky_enabled=&#8220;0&#8243;][\/lwp_image_carousel][\/et_pb_column][\/et_pb_row][\/et_pb_section]<\/p>\n","protected":false},"excerpt":{"rendered":"<p>Automatischer H\u00e4cksler 1200kg 3,2mAutomatisches Ladungssicherungsband mit automatischer Aufwicklung. Dank seines speziellen Designs ist es schnell und einfach zu bedienen. Blaues Etikett gem\u00e4\u00df EN12195-2 Ausgestattet mit Doppelhaken aus 8mm Rundstahl an beiden Enden.S\u00daLY 1,45 KG Preis:Netto: 8 662 HUF \/piece Brutto: 11 001 HUF \/piece <div class=\"et_pb_module lwp_image_carousel lwp_image_carousel_0\">\n\t\t\t\t\n\t\t\t\t\n\t\t\t\t\n\t\t\t\t\n\t\t\t\t\n\t\t\t\t\n\t\t\t\t<div class=\"et_pb_module_inner\">\n\t\t\t\t\t\r\n\t\t\t<section class=\"lwp-slick-slider slider small-slider lwp-default-slider lwp-side-center\" data-slick='{ \"vertical\":false, \"slidesToShow\": 1, \"slidesToScroll\": 1, \"dots\":true, \"arrows\":true, \"infinite\":false, \"autoplay\":false, \"autoplaySpeed\":2000, \"pauseOnHover\":true, \"adaptiveHeight\":true, \"speed\":300, \"cssEase\":\"ease\", \"responsive\": [ { \"breakpoint\": 980, \"settings\": { \"slidesToShow\": 1, \"slidesToScroll\": 1, \"arrows\":true,\"dots\":true } } ,{ \"breakpoint\": 767, \"settings\": { \"slidesToShow\": 1, \"slidesToScroll\": 1, \"arrows\":true,\"dots\":true } } ] }'>\r\n\t\t\t\t<div><img decoding=\"async\" src=\"https:\/\/offroop.hu\/wp-content\/uploads\/2024\/07\/spanifer-1200kg_01_web.webp\" alt=\"\" title=\"spanifer-1200kg_01_web\"><\/div><div><img decoding=\"async\" src=\"https:\/\/offroop.hu\/wp-content\/uploads\/2024\/07\/spanifer-1200kg_02_web.webp\" alt=\"\" title=\"spanifer-1200kg_02_web\"><\/div>\r\n\t\t\t<\/section>\n\t\t\t\t<\/div>\n\t\t\t<\/div><\/p>\n","protected":false},"author":1,"featured_media":0,"parent":1989,"menu_order":0,"comment_status":"closed","ping_status":"closed","template":"","meta":{"_et_pb_use_builder":"on","_et_pb_old_content":"","_et_gb_content_width":"","footnotes":""},"class_list":["post-1999","page","type-page","status-publish","hentry"],"_links":{"self":[{"href":"https:\/\/offroop.hu\/de\/wp-json\/wp\/v2\/pages\/1999","targetHints":{"allow":["GET"]}}],"collection":[{"href":"https:\/\/offroop.hu\/de\/wp-json\/wp\/v2\/pages"}],"about":[{"href":"https:\/\/offroop.hu\/de\/wp-json\/wp\/v2\/types\/page"}],"author":[{"embeddable":true,"href":"https:\/\/offroop.hu\/de\/wp-json\/wp\/v2\/users\/1"}],"replies":[{"embeddable":true,"href":"https:\/\/offroop.hu\/de\/wp-json\/wp\/v2\/comments?post=1999"}],"version-history":[{"count":4,"href":"https:\/\/offroop.hu\/de\/wp-json\/wp\/v2\/pages\/1999\/revisions"}],"predecessor-version":[{"id":2005,"href":"https:\/\/offroop.hu\/de\/wp-json\/wp\/v2\/pages\/1999\/revisions\/2005"}],"up":[{"embeddable":true,"href":"https:\/\/offroop.hu\/de\/wp-json\/wp\/v2\/pages\/1989"}],"wp:attachment":[{"href":"https:\/\/offroop.hu\/de\/wp-json\/wp\/v2\/media?parent=1999"}],"curies":[{"name":"wp","href":"https:\/\/api.w.org\/{rel}","templated":true}]}}