{"id":2007,"date":"2024-07-28T16:59:35","date_gmt":"2024-07-28T16:59:35","guid":{"rendered":"https:\/\/offroop.hu\/off-road-zubehoer\/gepaeckraumablage-tlc120\/"},"modified":"2026-04-13T09:03:02","modified_gmt":"2026-04-13T09:03:02","slug":"gepaeckraumablage-tlc120","status":"publish","type":"page","link":"https:\/\/offroop.hu\/de\/off-road-zubehoer\/gepaeckraumablage-tlc120\/","title":{"rendered":"Gep\u00e4ckraumablage &#8211; TLC120"},"content":{"rendered":"<p>[et_pb_section fb_built=&#8220;1&#8243; _builder_version=&#8220;4.25.2&#8243; _module_preset=&#8220;default&#8220; global_colors_info=&#8220;{}&#8220;][et_pb_row column_structure=&#8220;1_2,1_2&#8243; _builder_version=&#8220;4.25.2&#8243; _module_preset=&#8220;default&#8220; global_colors_info=&#8220;{}&#8220;][et_pb_column type=&#8220;1_2&#8243; _builder_version=&#8220;4.25.2&#8243; _module_preset=&#8220;default&#8220; global_colors_info=&#8220;{}&#8220;][et_pb_image src=&#8220;https:\/\/offroop.hu\/wp-content\/uploads\/2024\/07\/logo-scaled.webp&#8220; title_text=&#8220;Logo&#8220; _builder_version=&#8220;4.25.2&#8243; _module_preset=&#8220;default&#8220; global_colors_info=&#8220;{}&#8220;][\/et_pb_image][et_pb_text _builder_version=&#8220;4.27.0&#8243; _module_preset=&#8220;default&#8220; global_colors_info=&#8220;{}&#8220;]<\/p>\n<div class=\"sppb-col-md-6\" id=\"column-wrap-id-1678444325135\">\n<div id=\"column-id-1678444325135\" class=\"sppb-column\">\n<div class=\"sppb-column-addons\">\n<div id=\"sppb-addon-wrapper-1678444325143\" class=\"sppb-addon-wrapper\">\n<div id=\"sppb-addon-1678444325143\" class=\" sppb-wow fadeInLeft clearfix  sppb-animated\" data-sppb-wow-duration=\"300ms\">\n<div class=\"sppb-addon sppb-addon-text-block  \">\n<div class=\"sppb-addon-content\">\n<div class=\"sppb-col-md-6\" id=\"column-wrap-id-1678444325135\">\n<div id=\"column-id-1678444325135\" class=\"sppb-column\">\n<div class=\"sppb-column-addons\">\n<div id=\"sppb-addon-wrapper-1678444325143\" class=\"sppb-addon-wrapper\">\n<div id=\"sppb-addon-1678444325143\" class=\" sppb-wow fadeInLeft clearfix  sppb-animated\" data-sppb-wow-duration=\"300ms\">\n<div class=\"sppb-addon sppb-addon-text-block  \">\n<div class=\"sppb-addon-content\">\n<div class=\"sppb-col-md-6\" id=\"column-wrap-id-1678444325135\">\n<div id=\"column-id-1678444325135\" class=\"sppb-column\">\n<div class=\"sppb-column-addons\">\n<div id=\"sppb-addon-wrapper-1678444325143\" class=\"sppb-addon-wrapper\">\n<div id=\"sppb-addon-1678444325143\" class=\" sppb-wow fadeInLeft clearfix  sppb-animated\" data-sppb-wow-duration=\"300ms\">\n<div class=\"sppb-addon sppb-addon-text-block  \">\n<div class=\"sppb-addon-content\">\n<div>\n<div class=\"sppb-col-md-6\" id=\"column-wrap-id-1678444325135\">\n<div id=\"column-id-1678444325135\" class=\"sppb-column\">\n<div class=\"sppb-column-addons\">\n<div id=\"sppb-addon-wrapper-1678444325143\" class=\"sppb-addon-wrapper\">\n<div id=\"sppb-addon-1678444325143\" class=\" sppb-wow fadeInLeft clearfix  sppb-animated\" data-sppb-wow-duration=\"300ms\">\n<div class=\"sppb-addon sppb-addon-text-block  \">\n<div class=\"sppb-addon-content\">\n<div>\n<div class=\"sppb-col-md-6\" id=\"column-wrap-id-1678444325135\">\n<div id=\"column-id-1678444325135\" class=\"sppb-column\">\n<div class=\"sppb-column-addons\">\n<div id=\"sppb-addon-wrapper-1678444325143\" class=\"sppb-addon-wrapper\">\n<div id=\"sppb-addon-1678444325143\" class=\" sppb-wow fadeInLeft clearfix  sppb-animated\" data-sppb-wow-duration=\"300ms\">\n<div class=\"sppb-addon sppb-addon-text-block  \">\n<div class=\"sppb-addon-content\">\n<div>\n<div class=\"sppb-col-md-6\" id=\"column-wrap-id-1678444325135\">\n<div id=\"column-id-1678444325135\" class=\"sppb-column\">\n<div class=\"sppb-column-addons\">\n<div id=\"sppb-addon-wrapper-1678444325143\" class=\"sppb-addon-wrapper\">\n<div id=\"sppb-addon-1678444325143\" class=\" sppb-wow fadeInLeft clearfix  sppb-animated\" data-sppb-wow-duration=\"300ms\">\n<div class=\"sppb-addon sppb-addon-text-block  \">\n<div class=\"sppb-addon-content\">\n<p><strong>Csomagt\u00e9r tet\u0151polc TLC120<\/strong><\/p>\n<p>\u00d6n\u00e1ll\u00f3 h\u00e1ts\u00f3 tet\u0151polc a Toyota Prado 120 \/ GX 470 modellhez. 5 illetve 7 \u00fcl\u00e9ses modellel is kompatibilis!<\/p>\n<p>&nbsp;<\/p>\n<p>Min\u00e9l t\u00f6bbet kempingezik, t\u00far\u00e1zik az ember ann\u00e1l t\u00f6bb cuccra van sz\u00fcks\u00e9ge. Aut\u00f3nknak van egy igaz\u00e1n kihaszn\u00e1latlan r\u00e9sze, m\u00e9gpedig a csomagt\u00e9r fels\u0151 r\u00e9sze.<\/p>\n<p>Alapesetben ide semmit nem tudunk pakolni, hiszen az biztosan az els\u0151 f\u00e9kez\u00e9sn\u00e9l az utast\u00e9rben fog landolni. Erre a probl\u00e9m\u00e1ra k\u00edn\u00e1lunk megold\u00e1st csomagt\u00e9r polcunkkal.<\/p>\n<p>A polc porfestett ac\u00e9lb\u00f3l k\u00e9sz\u00fcl. Land Cruiser Prado 120 gy\u00e1ri pontjaihoz r\u00f6gz\u00edthet\u0151, a harmadik \u00fcl\u00e9ssor kapaszkod\u00f3inak csavarjaihoz. 5 \u00fcl\u00e9ses aut\u00f3 eset\u00e9n a tet\u0151k\u00e1rpit alatt megtal\u00e1lhat\u00f3k a r\u00f6gz\u00edt\u00e9shez sz\u00fcks\u00e9ges menetes h\u00fcvelyek. K\u00e9t magass\u00e1gban \u00e1ll\u00edthat\u00f3 ezzel t\u00e1mogatja a biztos kil\u00e1t\u00e1st \u00e9s a szem\u00e9lyre szabhat\u00f3 pakol\u00e1si m\u00e9retet.<\/p>\n<p>A polc t\u00f6k\u00e9letes t\u00e1sk\u00e1k, kab\u00e1tok, pokr\u00f3cok \u00e9s kisebb vagy k\u00f6nny\u0171, de nagy fel\u00fclet\u0171 eszk\u00f6z\u00f6k, kieg\u00e9sz\u00edt\u0151k t\u00e1rol\u00e1s\u00e1ra.<\/p>\n<p>A felszerel\u00e9s megk\u00f6nny\u00edt\u00e9se \u00e9rdek\u00e9ben a l\u00e9zerv\u00e1gott \u00e9s hajl\u00edtott tart\u00f3k gy\u00e1rilag hegesztett any\u00e1kat tartalmaznak, melyek seg\u00edts\u00e9g\u00e9vel 1 db imbuszkulcs seg\u00edts\u00e9g\u00e9vel felszerelhet\u0151 a tet\u0151polc.<\/p>\n<p>A csomag tartalma:<\/p>\n<p>-1 db h\u00e1ts\u00f3 csomagt\u00e9r polc Toyota Land Cruiser Prado 120-hoz (Lexus GX 470-hez).<\/p>\n<p>-A felszerel\u00e9shez sz\u00fcks\u00e9ges csavarokat<\/p>\n<p>-2 db tart\u00f3konzol<\/p>\n<p>-A t\u00e1lca bels\u0151 m\u00e9rete: 1100x410mm<\/p>\n<p>Teherb\u00edr\u00e1sa: 15kg<\/p>\n<p>S\u00faly: 8,5 kg<\/p>\n<p>*A vide\u00f3n egy kor\u00e1bbi mint\u00e1zat szerepel, a jelenleg rendelhet\u0151 polcon a k\u00e9pen l\u00e1that\u00f3 kiv\u00e1g\u00e1sok tal\u00e1lhat\u00f3k.<\/p>\n<p><strong>\u00c1r:<\/strong><br \/><strong>Nett\u00f3: 70 000 Ft \/db<\/strong><br \/>Brutt\u00f3: 88 900 Ft \/db<\/p>\n<\/div>\n<\/div>\n<\/div>\n<\/div>\n<\/div>\n<\/div>\n<\/div>\n<div class=\"sppb-col-md-6\" id=\"column-wrap-id-1678444490352\">\n<div id=\"column-id-1678444490352\" class=\"sppb-column\">\n<div class=\"sppb-column-addons\">\n<div id=\"sppb-addon-wrapper-1678444490372\" class=\"sppb-addon-wrapper\"><\/div>\n<\/div>\n<\/div>\n<\/div>\n<\/div>\n<\/div>\n<\/div>\n<\/div>\n<\/div>\n<\/div>\n<\/div>\n<\/div>\n<\/div>\n<\/div>\n<\/div>\n<\/div>\n<\/div>\n<\/div>\n<\/div>\n<\/div>\n<\/div>\n<\/div>\n<\/div>\n<\/div>\n<\/div>\n<\/div>\n<\/div>\n<\/div>\n<\/div>\n<\/div>\n<\/div>\n<\/div>\n<\/div>\n<\/div>\n<\/div>\n<\/div>\n<\/div>\n<\/div>\n<\/div>\n<\/div>\n<\/div>\n<\/div>\n<p>[\/et_pb_text][\/et_pb_column][et_pb_column type=&#8220;1_2&#8243; _builder_version=&#8220;4.25.2&#8243; _module_preset=&#8220;default&#8220; global_colors_info=&#8220;{}&#8220;][lwp_image_carousel gallery_ids=&#8220;144,142,143&#8243; slides_show=&#8220;1&#8243; _builder_version=&#8220;4.25.2&#8243; _module_preset=&#8220;default&#8220; global_colors_info=&#8220;{}&#8220;][\/lwp_image_carousel][et_pb_video src=&#8220;https:\/\/www.youtube.com\/watch?v=LpXHYAfpjPg&#8220; _builder_version=&#8220;4.25.2&#8243; _module_preset=&#8220;default&#8220; global_colors_info=&#8220;{}&#8220;][\/et_pb_video][\/et_pb_column][\/et_pb_row][\/et_pb_section]<\/p>\n","protected":false},"excerpt":{"rendered":"<p>Csomagt\u00e9r tet\u0151polc TLC120 \u00d6n\u00e1ll\u00f3 h\u00e1ts\u00f3 tet\u0151polc a Toyota Prado 120 \/ GX 470 modellhez. 5 illetve 7 \u00fcl\u00e9ses modellel is kompatibilis! &nbsp; Min\u00e9l t\u00f6bbet kempingezik, t\u00far\u00e1zik az ember ann\u00e1l t\u00f6bb cuccra van sz\u00fcks\u00e9ge. Aut\u00f3nknak van egy igaz\u00e1n kihaszn\u00e1latlan r\u00e9sze, m\u00e9gpedig a csomagt\u00e9r fels\u0151 r\u00e9sze. Alapesetben ide semmit nem tudunk pakolni, hiszen az biztosan az els\u0151 [&hellip;]<\/p>\n","protected":false},"author":1,"featured_media":0,"parent":1877,"menu_order":0,"comment_status":"closed","ping_status":"closed","template":"","meta":{"_et_pb_use_builder":"on","_et_pb_old_content":"","_et_gb_content_width":"","footnotes":""},"class_list":["post-2007","page","type-page","status-publish","hentry"],"_links":{"self":[{"href":"https:\/\/offroop.hu\/de\/wp-json\/wp\/v2\/pages\/2007","targetHints":{"allow":["GET"]}}],"collection":[{"href":"https:\/\/offroop.hu\/de\/wp-json\/wp\/v2\/pages"}],"about":[{"href":"https:\/\/offroop.hu\/de\/wp-json\/wp\/v2\/types\/page"}],"author":[{"embeddable":true,"href":"https:\/\/offroop.hu\/de\/wp-json\/wp\/v2\/users\/1"}],"replies":[{"embeddable":true,"href":"https:\/\/offroop.hu\/de\/wp-json\/wp\/v2\/comments?post=2007"}],"version-history":[{"count":10,"href":"https:\/\/offroop.hu\/de\/wp-json\/wp\/v2\/pages\/2007\/revisions"}],"predecessor-version":[{"id":4802,"href":"https:\/\/offroop.hu\/de\/wp-json\/wp\/v2\/pages\/2007\/revisions\/4802"}],"up":[{"embeddable":true,"href":"https:\/\/offroop.hu\/de\/wp-json\/wp\/v2\/pages\/1877"}],"wp:attachment":[{"href":"https:\/\/offroop.hu\/de\/wp-json\/wp\/v2\/media?parent=2007"}],"curies":[{"name":"wp","href":"https:\/\/api.w.org\/{rel}","templated":true}]}}