{"id":2015,"date":"2024-07-31T08:48:29","date_gmt":"2024-07-31T08:48:29","guid":{"rendered":"https:\/\/offroop.hu\/off-road-zubehoer\/rekorder\/automatischer-haecksler-250kg-22m\/"},"modified":"2024-08-31T14:11:34","modified_gmt":"2024-08-31T14:11:34","slug":"automatischer-haecksler-250kg-22m","status":"publish","type":"page","link":"https:\/\/offroop.hu\/de\/off-road-zubehoer\/rekorder\/automatischer-haecksler-250kg-22m\/","title":{"rendered":"Automatischer H\u00e4cksler 250kg 2,2m"},"content":{"rendered":"<p>[et_pb_section fb_built=&#8220;1&#8243; _builder_version=&#8220;4.25.2&#8243; _module_preset=&#8220;default&#8220; global_colors_info=&#8220;{}&#8220; theme_builder_area=&#8220;post_content&#8220;][et_pb_row column_structure=&#8220;1_2,1_2&#8243; _builder_version=&#8220;4.25.2&#8243; _module_preset=&#8220;default&#8220; global_colors_info=&#8220;{}&#8220; theme_builder_area=&#8220;post_content&#8220;][et_pb_column type=&#8220;1_2&#8243; _builder_version=&#8220;4.25.2&#8243; _module_preset=&#8220;default&#8220; global_colors_info=&#8220;{}&#8220; theme_builder_area=&#8220;post_content&#8220;][et_pb_image src=&#8220;https:\/\/offroop.hu\/wp-content\/uploads\/2024\/07\/logo-scaled.webp&#8220; title_text=&#8220;Logo&#8220; _builder_version=&#8220;4.25.2&#8243; _module_preset=&#8220;default&#8220; global_colors_info=&#8220;{}&#8220; theme_builder_area=&#8220;post_content&#8220;][\/et_pb_image][et_pb_text _builder_version=&#8220;4.27.0&#8243; _module_preset=&#8220;default&#8220; hover_enabled=&#8220;0&#8243; global_colors_info=&#8220;{}&#8220; theme_builder_area=&#8220;post_content&#8220; sticky_enabled=&#8220;0&#8243;]<\/p>\n<div class=\"sppb-col-md-6\" id=\"column-wrap-id-1678444325135\">\n<div id=\"column-id-1678444325135\" class=\"sppb-column\">\n<div class=\"sppb-column-addons\">\n<div id=\"sppb-addon-wrapper-1678444325143\" class=\"sppb-addon-wrapper\">\n<div id=\"sppb-addon-1678444325143\" class=\" sppb-wow fadeInLeft clearfix sppb-animated\" data-sppb-wow-duration=\"300ms\">\n<div class=\"sppb-addon sppb-addon-text-block \">\n<div class=\"sppb-addon-content\">\n<div class=\"sppb-col-md-6\" id=\"column-wrap-id-1678444325135\">\n<div id=\"column-id-1678444325135\" class=\"sppb-column\">\n<div class=\"sppb-column-addons\">\n<div id=\"sppb-addon-wrapper-1678444325143\" class=\"sppb-addon-wrapper\">\n<div id=\"sppb-addon-1678444325143\" class=\" sppb-wow fadeInLeft clearfix sppb-animated\" data-sppb-wow-duration=\"300ms\">\n<div class=\"sppb-addon sppb-addon-text-block \">\n<div class=\"sppb-addon-content\">\n<div class=\"sppb-col-md-6\" id=\"column-wrap-id-1678444325135\">\n<div id=\"column-id-1678444325135\" class=\"sppb-column\">\n<div class=\"sppb-column-addons\">\n<div id=\"sppb-addon-wrapper-1678444325143\" class=\"sppb-addon-wrapper\">\n<div id=\"sppb-addon-1678444325143\" class=\" sppb-wow fadeInLeft clearfix sppb-animated\" data-sppb-wow-duration=\"300ms\">\n<div class=\"sppb-addon sppb-addon-text-block \">\n<div class=\"sppb-addon-content\">\n<div class=\"sppb-col-md-6\" id=\"column-wrap-id-1678444325135\">\n<div id=\"column-id-1678444325135\" class=\"sppb-column\">\n<div class=\"sppb-column-addons\">\n<div id=\"sppb-addon-wrapper-1678444325143\" class=\"sppb-addon-wrapper\">\n<div id=\"sppb-addon-1678444325143\" class=\" sppb-wow fadeInLeft clearfix sppb-animated\" data-sppb-wow-duration=\"300ms\">\n<div class=\"sppb-addon sppb-addon-text-block \">\n<div class=\"sppb-addon-content\">\n<div class=\"sppb-col-md-6\" id=\"column-wrap-id-1678444325135\">\n<div id=\"column-id-1678444325135\" class=\"sppb-column\">\n<div class=\"sppb-column-addons\">\n<div id=\"sppb-addon-wrapper-1678444325143\" class=\"sppb-addon-wrapper\">\n<div id=\"sppb-addon-1678444325143\" class=\" sppb-wow fadeInLeft clearfix sppb-animated\" data-sppb-wow-duration=\"300ms\">\n<div class=\"sppb-addon sppb-addon-text-block \">\n<div class=\"sppb-addon-content\">\n<div class=\"sppb-col-md-6\" id=\"column-wrap-id-1678444325135\">\n<div id=\"column-id-1678444325135\" class=\"sppb-column\">\n<div class=\"sppb-column-addons\">\n<div id=\"sppb-addon-wrapper-1678444325143\" class=\"sppb-addon-wrapper\">\n<div id=\"sppb-addon-1678444325143\" class=\" sppb-wow fadeInLeft clearfix sppb-animated\" data-sppb-wow-duration=\"300ms\">\n<div class=\"sppb-addon sppb-addon-text-block \">\n<div class=\"sppb-addon-content\">\n<section id=\"sp-main-body\">\n<div class=\"row\">\n<p><main id=\"sp-component\" class=\"col-lg-12 \"><\/p>\n<div class=\"sp-column \">\n<div id=\"sp-page-builder\" class=\"sp-page-builder page-72\">\n<div class=\"page-content\">\n<section id=\"section-id-1693461131534\" class=\"sppb-section\">\n<div class=\"sppb-row-container\">\n<div class=\"sppb-row\">\n<div class=\"sppb-col-md-6\" id=\"column-wrap-id-1693461131531\">\n<div id=\"column-id-1693461131531\" class=\"sppb-column\">\n<div class=\"sppb-column-addons\">\n<div id=\"sppb-addon-wrapper-1693461131543\" class=\"sppb-addon-wrapper\">\n<div id=\"sppb-addon-1693461131543\" class=\" sppb-wow fadeInLeft clearfix sppb-animated\" data-sppb-wow-duration=\"300ms\">\n<div class=\"sppb-addon sppb-addon-text-block \">\n<div class=\"sppb-addon-content\">\n<p><span><strong>Automatischer H\u00e4cksler 250kg 2,2m<\/strong><\/span><\/p>\n<p><strong> <\/strong><\/p>\n<p><strong><\/strong>Automatisches Ladungssicherungsband mit automatischer Aufwicklung. Durch sein spezielles Design ist er schnell und einfach zu bedienen.<\/p>\n<p>Original WISTRA Produkt aus Deutschland EN12195-2 konformes blaues Etikett<\/p>\n<p>15kN Zugfestigkeit, 25mm breites, UV-lichtbest\u00e4ndiges Polyesterband.<\/p>\n<p>Ausgestattet mit Doppelhaken aus 6mm Rundstahl an beiden Enden.<\/p>\n<p>Gewicht 0,7 KG<br \/><strong><br \/><\/strong><\/p>\n<p>P<strong>reis:<\/strong><strong>Netto: 4 279 HUF<\/strong> <strong>\/piece<\/strong> Brutto: 5 434 HUF \/piece<\/p>\n<\/div>\n<\/div>\n<\/div>\n<\/div>\n<\/div>\n<\/div>\n<\/div>\n<div class=\"sppb-col-md-6\" id=\"column-wrap-id-1693461131532\">\n<div id=\"column-id-1693461131532\" class=\"sppb-column\">\n<div class=\"sppb-column-addons\">\n<div id=\"sppb-addon-wrapper-1693461131540\" class=\"sppb-addon-wrapper\">\n<div id=\"sppb-addon-1693461131540\" class=\" sppb-wow bounceIn clearfix sppb-animated\" data-sppb-wow-duration=\"300ms\">\n<div id=\"sppb-carousel1\" data-interval=\"5000\" class=\"sppb-carousel sppb-slide\" data-sppb-ride=\"sppb-carousel\">\n<div class=\"sppb-carousel-inner sppb-text-center\">\n<div class=\"sppb-item sppb-item-16934611315400 sppb-item-has-bg active\">\n<div class=\"sppb-carousel-item-inner\">\n<div class=\"sppb-carousel-caption\">\n<div class=\"sppb-carousel-text\"><\/div>\n<\/div>\n<\/div>\n<\/div>\n<\/div>\n<\/div>\n<\/div>\n<\/div>\n<\/div>\n<\/div>\n<\/div>\n<div class=\"sppb-col-md-12\" id=\"column-wrap-id-1693461131533\">\n<div id=\"column-id-1693461131533\" class=\"sppb-column\">\n<div class=\"sppb-column-addons\">\n<div id=\"sppb-addon-wrapper-1693461131546\" class=\"sppb-addon-wrapper\">\n<div id=\"sppb-addon-1693461131546\" class=\" sppb-wow fadeInLeft clearfix sppb-animated\" data-sppb-wow-duration=\"300ms\">\n<div class=\"sppb-addon sppb-addon-text-block \">\n<div class=\"sppb-addon-content\">\n<p><span><strong>Mehr Informationen:<\/strong><\/span><\/p>\n<p>B<strong>LAUE KENNZEICHNUNG<\/strong> Gem\u00e4\u00df EN12195-2 m\u00fcssen alle PES (Polyester)-Ladungssicherungselemente mit einer blauen Kennzeichnung versehen werden. Das Etikett gibt Auskunft \u00fcber die physikalischen Eigenschaften des Fixierger\u00e4ts und erm\u00f6glicht au\u00dferdem die R\u00fcckverfolgbarkeit: wann, von wem und wo es hergestellt wurde. Wenn sich das Etikett abl\u00f6st oder der Informationsgehalt verloren geht, kann das Ger\u00e4t nicht mehr verwendet werden. Die R\u00fcckverfolgbarkeit ist dennoch gew\u00e4hrleistet, da das Etikett einen versteckten Teil hat, der in das Bandmaterial eingen\u00e4ht ist, so dass strenge Anforderungen an den Inhalt der sichtbaren und versteckten Teile des Etiketts gelten.<\/p>\n<p><strong><\/strong><\/p>\n<\/div>\n<div class=\"sppb-addon-content\"><span><strong><\/strong><\/span><\/div>\n<div class=\"sppb-addon-content\"><span><strong><\/strong><\/span><\/div>\n<div class=\"sppb-addon-content\"><span><strong>TEIL ZUM HERUNTERLADEN<\/strong><br \/><\/span><\/div>\n<div class=\"sppb-addon-content\">\n<p><span><br \/>GS\/T\u00dcV-Zertifizierung Ladungssicherungsgurte m\u00fcssen nicht T\u00dcV-gepr\u00fcft sein, aber dies ist ein vertrauensbildender Faktor. Das GS\/T\u00dcV-Logo allein ist jedoch wertlos, wenn es nicht von der Zertifikatsnummer begleitet wird.<\/span><\/p>\n<p>Materialinformationen PES (Polyester)<\/p>\n<p>Angewandte europ\u00e4ische Emissionsnorm EN12195-2<\/p>\n<p>&lt; Maximaler Dehnungsfaktor 7%<\/p>\n<p>SHF (Standard-Handkraft) Die Kraft, die von Hand auf die Ratsche ausge\u00fcbt wird (50daN = ~50kg).<\/p>\n<p>STF (Standardspannkraft) Die Spannkraft, die im Gurt erzeugt wird, nachdem die Ratsche mit der vorgeschriebenen Kraft angezogen und gel\u00f6st wurde.<\/p>\n<p>Spannkraft (LC) Die maximale Zugkraft, die der Spanner sicher aushalten kann. Zus\u00e4tzlich zur Zugkraft geben die Hersteller oft die Verankerungskraft an, d.h. die nach unten gerichtete Kraft, die auf die durchgezogene Last ausge\u00fcbt wird.<\/p>\n<p>L\u00e4nge L\u00e4nge des Ankerbandes in Metern.<\/p>\n<p>Seriennummer Eine Reihe von Markierungen, die die R\u00fcckverfolgbarkeit der Produktion erm\u00f6glichen und eindeutig angeben, f\u00fcr wen und wann das Produkt hergestellt wurde.<\/p>\n<p>Jahr der Produktion<\/p>\n<p>Warnung Der Ladungssicherungsgurt darf nur zum Sichern, nicht zum Heben verwendet werden!<\/p>\n<p>Hersteller- oder H\u00e4ndler-ID Name, Logo, Marke oder eine eindeutige Kennung des Herstellers oder H\u00e4ndlers.<\/p>\n<p>B<strong>ERECHTIGTER TEIL<\/strong> Hersteller- oder H\u00e4ndler-ID Name, Logo, Marke oder eine eindeutige Kennung des Herstellers oder H\u00e4ndlers.<\/p>\n<p>Securing Capacity (LC) Die maximale Zugkraft, die das Ladungssicherungsband sicher aushalten kann.<\/p>\n<p>Materialinformationen PES (Polyester)<\/p>\n<p>Angewandte europ\u00e4ische Emissionsnorm EN12195-2<\/p>\n<p>Seriennummer Eine Reihe von Markierungen, die die R\u00fcckverfolgbarkeit der Produktion erm\u00f6glichen und eindeutig angeben, f\u00fcr wen und wann das Produkt hergestellt wurde.<\/p>\n<p>Jahr der Produktion<\/p>\n<p>W<strong>EISSE ADRESSE<\/strong> Wenn Ladungssicherungsgurte verkauft werden, muss ihnen eine Gebrauchsanweisung gem\u00e4\u00df EN12195-2 beigef\u00fcgt sein. Dies ist der Zweck des wei\u00dfen Etiketts:<\/p>\n<p>&#8211; Vergewissern Sie sich vor jedem Gebrauch, dass &#8212; der Gurt unbesch\u00e4digt ist.<br \/>&#8211; Es d\u00fcrfen nur Spanferkel verwendet werden, die mit einem vollst\u00e4ndigen blauen Etikett gekennzeichnet sind.<br \/>&#8211; Zur Lastverankerung d\u00fcrfen nur besch\u00e4digungssichere Gurtb\u00e4nder, verformungs- und korrosionsbest\u00e4ndige Ratschen und Haken verwendet werden.<br \/>&#8211; Zum Schutz der Last und des Gurtzeugs ist die Verwendung eines Kantenschutzes obligatorisch.<br \/>&#8211; Das Band auf Polyesterbasis kann in einem Temperaturbereich von -40\u00b0C bis +120\u00b0C verwendet werden.<br \/>&#8211; Beim Anlegen sollte der Gurt nicht verknotet oder verdreht werden.<br \/>&#8211; Die Ratsche darf nicht \u00fcberlastet werden und sollte maximal mit der vorgeschriebenen Handkraft betrieben werden.<\/p>\n<\/div>\n<\/div>\n<\/div>\n<\/div>\n<\/div>\n<\/div>\n<\/div>\n<\/div>\n<\/div>\n<\/section>\n<\/div>\n<\/div>\n<\/div>\n<p>&nbsp;<\/p>\n<p>&nbsp;<\/p>\n<p>&nbsp;<\/p>\n<p>&nbsp;<\/p>\n<p>&nbsp;<\/p>\n<p>&nbsp;<\/p>\n<p><\/main><\/div>\n<\/section>\n<section id=\"sp-bottom\">\n<div class=\"container\">\n<div class=\"container-inner\">\n<div class=\"row\">\n<div id=\"sp-bottom1\" class=\"col-sm-col-sm-6 col-lg-3 \">\n<div class=\"sp-column \">\n<div class=\"sp-module \"><\/div>\n<\/div>\n<\/div>\n<\/div>\n<\/div>\n<\/div>\n<\/section>\n<\/div>\n<\/div>\n<\/div>\n<\/div>\n<\/div>\n<\/div>\n<\/div>\n<\/div>\n<\/div>\n<\/div>\n<\/div>\n<\/div>\n<\/div>\n<\/div>\n<\/div>\n<\/div>\n<\/div>\n<\/div>\n<\/div>\n<\/div>\n<\/div>\n<\/div>\n<\/div>\n<\/div>\n<\/div>\n<\/div>\n<\/div>\n<\/div>\n<\/div>\n<\/div>\n<\/div>\n<\/div>\n<\/div>\n<\/div>\n<\/div>\n<\/div>\n<\/div>\n<\/div>\n<\/div>\n<\/div>\n<\/div>\n<\/div>\n<p>[\/et_pb_text][\/et_pb_column][et_pb_column type=&#8220;1_2&#8243; _builder_version=&#8220;4.25.2&#8243; _module_preset=&#8220;default&#8220; global_colors_info=&#8220;{}&#8220; theme_builder_area=&#8220;post_content&#8220;][et_pb_image src=&#8220;https:\/\/offroop.hu\/wp-content\/uploads\/2024\/07\/spanifer-250kg_01_web.webp&#8220; _builder_version=&#8220;4.27.0&#8243; _module_preset=&#8220;default&#8220; theme_builder_area=&#8220;post_content&#8220; title_text=&#8220;spanifer-250kg_01_web&#8220; hover_enabled=&#8220;0&#8243; sticky_enabled=&#8220;0&#8243;][\/et_pb_image][et_pb_image src=&#8220;https:\/\/offroop.hu\/wp-content\/uploads\/2024\/07\/250_large_kek_cimke.webp&#8220; _builder_version=&#8220;4.27.0&#8243; _module_preset=&#8220;default&#8220; theme_builder_area=&#8220;post_content&#8220; title_text=&#8220;250_gro\u00df_kek_cimke&#8220; hover_enabled=&#8220;0&#8243; sticky_enabled=&#8220;0&#8243;][\/et_pb_image][\/et_pb_column][\/et_pb_row][\/et_pb_section]<\/p>\n","protected":false},"excerpt":{"rendered":"<p>Automatischer H\u00e4cksler 250kg 2,2m Automatisches Ladungssicherungsband mit automatischer Aufwicklung. Durch sein spezielles Design ist er schnell und einfach zu bedienen. Original WISTRA Produkt aus Deutschland EN12195-2 konformes blaues Etikett 15kN Zugfestigkeit, 25mm breites, UV-lichtbest\u00e4ndiges Polyesterband. Ausgestattet mit Doppelhaken aus 6mm Rundstahl an beiden Enden. Gewicht 0,7 KGPreis:Netto: 4 279 HUF \/piece Brutto: 5 434 HUF [&hellip;]<\/p>\n","protected":false},"author":1,"featured_media":0,"parent":1989,"menu_order":0,"comment_status":"closed","ping_status":"closed","template":"","meta":{"_et_pb_use_builder":"on","_et_pb_old_content":"","_et_gb_content_width":"","footnotes":""},"class_list":["post-2015","page","type-page","status-publish","hentry"],"_links":{"self":[{"href":"https:\/\/offroop.hu\/de\/wp-json\/wp\/v2\/pages\/2015","targetHints":{"allow":["GET"]}}],"collection":[{"href":"https:\/\/offroop.hu\/de\/wp-json\/wp\/v2\/pages"}],"about":[{"href":"https:\/\/offroop.hu\/de\/wp-json\/wp\/v2\/types\/page"}],"author":[{"embeddable":true,"href":"https:\/\/offroop.hu\/de\/wp-json\/wp\/v2\/users\/1"}],"replies":[{"embeddable":true,"href":"https:\/\/offroop.hu\/de\/wp-json\/wp\/v2\/comments?post=2015"}],"version-history":[{"count":2,"href":"https:\/\/offroop.hu\/de\/wp-json\/wp\/v2\/pages\/2015\/revisions"}],"predecessor-version":[{"id":2017,"href":"https:\/\/offroop.hu\/de\/wp-json\/wp\/v2\/pages\/2015\/revisions\/2017"}],"up":[{"embeddable":true,"href":"https:\/\/offroop.hu\/de\/wp-json\/wp\/v2\/pages\/1989"}],"wp:attachment":[{"href":"https:\/\/offroop.hu\/de\/wp-json\/wp\/v2\/media?parent=2015"}],"curies":[{"name":"wp","href":"https:\/\/api.w.org\/{rel}","templated":true}]}}