{"id":2037,"date":"2024-07-28T16:53:08","date_gmt":"2024-07-28T16:53:08","guid":{"rendered":"https:\/\/offroop.hu\/off-road-zubehoer\/eiserne-ruestung\/"},"modified":"2026-03-27T19:24:29","modified_gmt":"2026-03-27T19:24:29","slug":"eiserne-ruestung","status":"publish","type":"page","link":"https:\/\/offroop.hu\/de\/off-road-zubehoer\/eiserne-ruestung\/","title":{"rendered":"Eiserne R\u00fcstung"},"content":{"rendered":"<p>[et_pb_section fb_built=&#8220;1&#8243; _builder_version=&#8220;4.25.2&#8243; _module_preset=&#8220;default&#8220; global_colors_info=&#8220;{}&#8220;][et_pb_row column_structure=&#8220;1_2,1_2&#8243; _builder_version=&#8220;4.25.2&#8243; _module_preset=&#8220;default&#8220; global_colors_info=&#8220;{}&#8220;][et_pb_column type=&#8220;1_2&#8243; _builder_version=&#8220;4.25.2&#8243; _module_preset=&#8220;default&#8220; global_colors_info=&#8220;{}&#8220;][et_pb_image src=&#8220;https:\/\/offroop.hu\/wp-content\/uploads\/2024\/07\/logo-scaled.webp&#8220; title_text=&#8220;Logo&#8220; _builder_version=&#8220;4.25.2&#8243; _module_preset=&#8220;default&#8220; global_colors_info=&#8220;{}&#8220;][\/et_pb_image][et_pb_text _builder_version=&#8220;4.25.2&#8243; _module_preset=&#8220;default&#8220; global_colors_info=&#8220;{}&#8220;]<\/p>\n<div class=\"sppb-col-md-6\" id=\"column-wrap-id-1678444325135\">\n<div id=\"column-id-1678444325135\" class=\"sppb-column\">\n<div class=\"sppb-column-addons\">\n<div id=\"sppb-addon-wrapper-1678444325143\" class=\"sppb-addon-wrapper\">\n<div id=\"sppb-addon-1678444325143\" class=\" sppb-wow fadeInLeft clearfix  sppb-animated\" data-sppb-wow-duration=\"300ms\">\n<div class=\"sppb-addon sppb-addon-text-block  \">\n<div class=\"sppb-addon-content\">\n<div class=\"sppb-col-md-6\" id=\"column-wrap-id-1678444325135\">\n<div id=\"column-id-1678444325135\" class=\"sppb-column\">\n<div class=\"sppb-column-addons\">\n<div id=\"sppb-addon-wrapper-1678444325143\" class=\"sppb-addon-wrapper\">\n<div id=\"sppb-addon-1678444325143\" class=\" sppb-wow fadeInLeft clearfix  sppb-animated\" data-sppb-wow-duration=\"300ms\">\n<div class=\"sppb-addon sppb-addon-text-block  \">\n<div class=\"sppb-addon-content\">\n<div class=\"sppb-col-md-6\" id=\"column-wrap-id-1678444325135\">\n<div id=\"column-id-1678444325135\" class=\"sppb-column\">\n<div class=\"sppb-column-addons\">\n<div id=\"sppb-addon-wrapper-1678444325143\" class=\"sppb-addon-wrapper\">\n<div id=\"sppb-addon-1678444325143\" class=\" sppb-wow fadeInLeft clearfix  sppb-animated\" data-sppb-wow-duration=\"300ms\">\n<div class=\"sppb-addon sppb-addon-text-block  \">\n<div class=\"sppb-addon-content\">\n<div>\n<div class=\"sppb-col-md-6\" id=\"column-wrap-id-1678444325135\">\n<div id=\"column-id-1678444325135\" class=\"sppb-column\">\n<div class=\"sppb-column-addons\">\n<div id=\"sppb-addon-wrapper-1678444325143\" class=\"sppb-addon-wrapper\">\n<div id=\"sppb-addon-1678444325143\" class=\" sppb-wow fadeInLeft clearfix  sppb-animated\" data-sppb-wow-duration=\"300ms\">\n<div class=\"sppb-addon sppb-addon-text-block  \">\n<div class=\"sppb-addon-content\">\n<div>\n<div class=\"sppb-col-md-6\" id=\"column-wrap-id-1678444325135\">\n<div id=\"column-id-1678444325135\" class=\"sppb-column\">\n<div class=\"sppb-column-addons\">\n<div id=\"sppb-addon-wrapper-1678444325143\" class=\"sppb-addon-wrapper\">\n<div id=\"sppb-addon-1678444325143\" class=\" sppb-wow fadeInLeft clearfix  sppb-animated\" data-sppb-wow-duration=\"300ms\">\n<div class=\"sppb-addon sppb-addon-text-block  \">\n<div class=\"sppb-addon-content\">\n<div>\n<div class=\"sppb-col-md-6\" id=\"column-wrap-id-1678444325135\">\n<div id=\"column-id-1678444325135\" class=\"sppb-column\">\n<div class=\"sppb-column-addons\">\n<div id=\"sppb-addon-wrapper-1678444325143\" class=\"sppb-addon-wrapper\">\n<div id=\"sppb-addon-1678444325143\" class=\" sppb-wow fadeInLeft clearfix  sppb-animated\" data-sppb-wow-duration=\"300ms\">\n<div class=\"sppb-addon sppb-addon-text-block  \">\n<div class=\"sppb-addon-content\">\n<p><span>Hasp\u00e1nc\u00e9l minden aut\u00f3 eset\u00e9n sz\u00fcks\u00e9ges \u00e9s err\u0151l a gy\u00e1rt\u00f3k rendszerint gondoskodnak is, ezek azonban \u00e1ltal\u00e1ban nem a nagyobb ig\u00e9nybev\u00e9tel\u0171 haszn\u00e1lathoz k\u00e9sz\u00fclnek, illetve az id\u0151 el\u0151rehaladt\u00e1val korrod\u00e1l\u00f3dnak, s\u00e9r\u00fclhetnek.<\/span><\/p>\n<p><span>Erre a probl\u00e9m\u00e1ra ny\u00fajtanak megold\u00e1st az \u00e1ltalunk k\u00edn\u00e1lt hasp\u00e1nc\u00e9lok. A 3 mm vastag porfestett ac\u00e9llemezb\u0151l k\u00e9sz\u00fclt elemek v\u00e9delmet ny\u00fajtanak a motornak, h\u0171t\u0151nek \u00e9s egy\u00e9b az aut\u00f3 alj\u00e1n tal\u00e1lhat\u00f3 l\u00e9tfontoss\u00e1g\u00fa alkatr\u00e9szeknek. A fentieken t\u00falmen\u0151en pedig kialak\u00edt\u00e1suknak k\u00f6sz\u00f6nhet\u0151en k\u00f6nnyebben cs\u00faszik \u00e1t az aut\u00f3 egy-egy akad\u00e1lyon.<\/span><\/p>\n<p><span>A hasp\u00e1nc\u00e9lok gy\u00e1ri pontokhoz csatlakoznak, illetve rendelkeznek szerel\u0151ny\u00edl\u00e1ssal az olajcser\u00e9hez, \u00edgy ehhez a karbantart\u00e1shoz leszerelni nem sz\u00fcks\u00e9ges.<\/span><\/p>\n<p><span>A hasp\u00e1nc\u00e9l Toyota Land Cruiser 120-hoz illeszkedik m\u00e9retpontosan. Az \u00e1r a 3 r\u00e9szes verzi\u00f3ra vonatkozik. Ez tartalmazza a motorv\u00e9d\u0151, v\u00e1lt\u00f3- \u00e9s differenci\u00e1lm\u0171 v\u00e9d\u0151 lemezt.<\/span><\/p>\n<p><span>Tov\u00e1bbi t\u00edpusokhoz is tudunk hasp\u00e1nc\u00e9lt sz\u00e1ll\u00edtani, ezzel kapcsolatban keress minket az\u00a0<a href=\"mailto:info@offroop.hu\">info@offroop.hu<\/a>\u00a0c\u00edmen.<\/span><\/p>\n<p><strong>\u00c1r:<br \/><\/strong><strong>Nett\u00f3: 133 000 Ft<\/strong>\u00a0<strong>\/db<br \/><\/strong>Brutt\u00f3: 168 910 Ft \/db<\/p>\n<\/div>\n<\/div>\n<\/div>\n<\/div>\n<\/div>\n<\/div>\n<\/div>\n<div class=\"sppb-col-md-6\" id=\"column-wrap-id-1678444490352\">\n<div id=\"column-id-1678444490352\" class=\"sppb-column\">\n<div class=\"sppb-column-addons\">\n<div id=\"sppb-addon-wrapper-1678444490372\" class=\"sppb-addon-wrapper\">\n<div id=\"sppb-addon-1678444490372\" class=\" sppb-wow bounceIn clearfix  sppb-animated\" data-sppb-wow-duration=\"300ms\">\n<div id=\"sppb-carousel1\" data-interval=\"5000\" class=\"sppb-carousel sppb-slide\" data-sppb-ride=\"sppb-carousel\"><\/div>\n<\/div>\n<\/div>\n<\/div>\n<\/div>\n<\/div>\n<\/div>\n<\/div>\n<\/div>\n<\/div>\n<\/div>\n<\/div>\n<\/div>\n<\/div>\n<\/div>\n<\/div>\n<\/div>\n<\/div>\n<\/div>\n<\/div>\n<\/div>\n<\/div>\n<\/div>\n<\/div>\n<\/div>\n<\/div>\n<\/div>\n<\/div>\n<\/div>\n<\/div>\n<\/div>\n<\/div>\n<\/div>\n<\/div>\n<\/div>\n<\/div>\n<\/div>\n<\/div>\n<\/div>\n<\/div>\n<\/div>\n<\/div>\n<\/div>\n<\/div>\n<p>[\/et_pb_text][\/et_pb_column][et_pb_column type=&#8220;1_2&#8243; _builder_version=&#8220;4.25.2&#8243; _module_preset=&#8220;default&#8220; global_colors_info=&#8220;{}&#8220;][et_pb_image src=&#8220;https:\/\/offroop.hu\/wp-content\/uploads\/2024\/07\/IMG20230705120657-1.jpg&#8220; title_text=&#8220;IMG20230705120657&#8243; _builder_version=&#8220;4.25.2&#8243; _module_preset=&#8220;default&#8220; min_height=&#8220;50%&#8220; height=&#8220;575px&#8220; global_colors_info=&#8220;{}&#8220;][\/et_pb_image][\/et_pb_column][\/et_pb_row][\/et_pb_section]<\/p>\n","protected":false},"excerpt":{"rendered":"<p>Hasp\u00e1nc\u00e9l minden aut\u00f3 eset\u00e9n sz\u00fcks\u00e9ges \u00e9s err\u0151l a gy\u00e1rt\u00f3k rendszerint gondoskodnak is, ezek azonban \u00e1ltal\u00e1ban nem a nagyobb ig\u00e9nybev\u00e9tel\u0171 haszn\u00e1lathoz k\u00e9sz\u00fclnek, illetve az id\u0151 el\u0151rehaladt\u00e1val korrod\u00e1l\u00f3dnak, s\u00e9r\u00fclhetnek. Erre a probl\u00e9m\u00e1ra ny\u00fajtanak megold\u00e1st az \u00e1ltalunk k\u00edn\u00e1lt hasp\u00e1nc\u00e9lok. A 3 mm vastag porfestett ac\u00e9llemezb\u0151l k\u00e9sz\u00fclt elemek v\u00e9delmet ny\u00fajtanak a motornak, h\u0171t\u0151nek \u00e9s egy\u00e9b az aut\u00f3 alj\u00e1n tal\u00e1lhat\u00f3 [&hellip;]<\/p>\n","protected":false},"author":1,"featured_media":0,"parent":1877,"menu_order":0,"comment_status":"closed","ping_status":"closed","template":"","meta":{"_et_pb_use_builder":"on","_et_pb_old_content":"","_et_gb_content_width":"","footnotes":""},"class_list":["post-2037","page","type-page","status-publish","hentry"],"_links":{"self":[{"href":"https:\/\/offroop.hu\/de\/wp-json\/wp\/v2\/pages\/2037","targetHints":{"allow":["GET"]}}],"collection":[{"href":"https:\/\/offroop.hu\/de\/wp-json\/wp\/v2\/pages"}],"about":[{"href":"https:\/\/offroop.hu\/de\/wp-json\/wp\/v2\/types\/page"}],"author":[{"embeddable":true,"href":"https:\/\/offroop.hu\/de\/wp-json\/wp\/v2\/users\/1"}],"replies":[{"embeddable":true,"href":"https:\/\/offroop.hu\/de\/wp-json\/wp\/v2\/comments?post=2037"}],"version-history":[{"count":39,"href":"https:\/\/offroop.hu\/de\/wp-json\/wp\/v2\/pages\/2037\/revisions"}],"predecessor-version":[{"id":4508,"href":"https:\/\/offroop.hu\/de\/wp-json\/wp\/v2\/pages\/2037\/revisions\/4508"}],"up":[{"embeddable":true,"href":"https:\/\/offroop.hu\/de\/wp-json\/wp\/v2\/pages\/1877"}],"wp:attachment":[{"href":"https:\/\/offroop.hu\/de\/wp-json\/wp\/v2\/media?parent=2037"}],"curies":[{"name":"wp","href":"https:\/\/api.w.org\/{rel}","templated":true}]}}