{"id":2053,"date":"2024-07-23T18:13:06","date_gmt":"2024-07-23T18:13:06","guid":{"rendered":"https:\/\/offroop.hu\/mieten\/"},"modified":"2026-04-14T21:11:31","modified_gmt":"2026-04-14T21:11:31","slug":"mieten","status":"publish","type":"page","link":"https:\/\/offroop.hu\/de\/mieten\/","title":{"rendered":"Mieten"},"content":{"rendered":"<p>[et_pb_section fb_built=&#8220;1&#8243; _builder_version=&#8220;4.25.2&#8243; _module_preset=&#8220;default&#8220; global_colors_info=&#8220;{}&#8220;][et_pb_row _builder_version=&#8220;4.27.0&#8243; _module_preset=&#8220;default&#8220; global_colors_info=&#8220;{}&#8220;][et_pb_column type=&#8220;4_4&#8243; _builder_version=&#8220;4.27.0&#8243; _module_preset=&#8220;default&#8220; global_colors_info=&#8220;{}&#8220;][et_pb_text _builder_version=&#8220;4.27.0&#8243; _module_preset=&#8220;default&#8220; global_colors_info=&#8220;{}&#8220;]<\/p>\n<p><span style=\"font-size: 14pt\"><strong>Mieten<\/strong><\/span><\/p>\n<p><span style=\"font-size: 12pt\">Wenn Sie das Dachzelt-Erlebnis erst einmal ausprobieren m\u00f6chten, bevor Sie es kaufen, oder wenn Sie nach den Hotels und Pensionen einfach mal etwas Neues ausprobieren m\u00f6chten, fragen Sie uns nach Mietoptionen. Sie k\u00f6nnen aus den folgenden Zelten w\u00e4hlen: <\/span><\/p>\n<ul>\n<li><span style=\"font-size: 12pt\">Abenteuer ForTwo &#8211; f\u00fcr 2 Personen<\/span><\/li>\n<li><span style=\"font-size: 12pt\">Adventure Family XL &#8211; f\u00fcr 4 Personen<\/span><\/li>\n<\/ul>\n<p>[\/et_pb_text][\/et_pb_column][\/et_pb_row][et_pb_row column_structure=&#8220;1_2,1_2&#8243; _builder_version=&#8220;4.25.2&#8243; _module_preset=&#8220;default&#8220; global_colors_info=&#8220;{}&#8220;][et_pb_column type=&#8220;1_2&#8243; _builder_version=&#8220;4.25.2&#8243; _module_preset=&#8220;default&#8220; global_colors_info=&#8220;{}&#8220;][et_pb_text _builder_version=&#8220;4.27.0&#8243; _module_preset=&#8220;default&#8220; hover_enabled=&#8220;0&#8243; global_colors_info=&#8220;{}&#8220; sticky_enabled=&#8220;0&#8243;]<\/p>\n<h2>Abenteuer ForTwo &#8211; f\u00fcr 2 Personen<\/h2>\n<p>\u2022 Gr\u00f6\u00dfe im geschlossenen Zustand: 216x130x32 cm<br \/>\u2022 Gr\u00f6\u00dfe im ge\u00f6ffneten Zustand<br \/>\u2022 Matratzengr\u00f6\u00dfe: 210x125x5 cm &#8211; nicht verformbare Memory-Schaum- Matratze mit waschbarem Bezug<br \/>\u2022 Farbe des Zeltes &#8211; schwarz gl\u00e4nzend<br \/>\u2022 L\u00e4nge der Aluminium-Leiter: 230 cm<br \/>\u2022 Wassers\u00e4ule 2500-3000 mm<br \/>\u2022 Gewicht: 67 kg<br \/>\u2022 Tragf\u00e4higkeit: 300 kg &#8211; Es ist wichtig, Quertr\u00e4ger aus Metall zu haben, die strukturelle Mindesttragf\u00e4higkeit sollte mindestens 75 kg betragen.<br \/>\u2022 Tragf\u00e4higkeit der Leiter: 150kg<br \/>\u2022 Das Zelt ist f\u00fcr 1-2 Personen geeignet.<\/p>\n<p><strong>Mietpreis<\/strong>: <strong>12 000 HUF\/Tag<\/strong> (exkl. MwSt)<br \/><strong>Mindestmietdauer: 2 Tag<\/strong>Kaution: <strong>150 000<\/strong> <strong>HUF<\/strong><\/p>\n<p>F\u00fcr l\u00e4ngere Zeitr\u00e4ume nach besonderer Vereinbarung.<\/p>\n<p>Kontakt:<br \/><strong>info@offroop.hu<\/strong><\/p>\n<p>[\/et_pb_text][\/et_pb_column][et_pb_column type=&#8220;1_2&#8243; _builder_version=&#8220;4.25.2&#8243; _module_preset=&#8220;default&#8220; global_colors_info=&#8220;{}&#8220;][lwp_image_carousel gallery_ids=&#8220;755,831&#8243; slides_show=&#8220;1&#8243; _builder_version=&#8220;4.27.0&#8243; _module_preset=&#8220;default&#8220; global_colors_info=&#8220;{}&#8220;][\/lwp_image_carousel][\/et_pb_column][\/et_pb_row][et_pb_row column_structure=&#8220;1_2,1_2&#8243; _builder_version=&#8220;4.27.0&#8243; _module_preset=&#8220;default&#8220; global_colors_info=&#8220;{}&#8220;][et_pb_column type=&#8220;1_2&#8243; _builder_version=&#8220;4.27.0&#8243; _module_preset=&#8220;default&#8220; global_colors_info=&#8220;{}&#8220;][et_pb_text _builder_version=&#8220;4.27.0&#8243; _module_preset=&#8220;default&#8220; hover_enabled=&#8220;0&#8243; global_colors_info=&#8220;{}&#8220; sticky_enabled=&#8220;0&#8243;]<\/p>\n<h2>Abenteuer FamilyXL &#8211; 4 Personen<\/h2>\n<p>\u2022 Gr\u00f6\u00dfe in geschlossenem Zustand: 210x125x33cm<br \/>\u2022 Offene Gr\u00f6\u00dfe: 210x210x100 cm<br \/>\u2022 Matratzengr\u00f6\u00dfe: 195x115x4 cm und 180x86x4 cm &#8211; nicht verformbare \u2022 Memory Foam Matratze mit waschbarem Bezug<br \/>\u2022 Farbe des Zeltes &#8211; schwarz gl\u00e4nzend<br \/>\u2022 L\u00e4nge der Aluminium-Leiter: 230 cm<br \/>\u2022 Wassers\u00e4ule 2000-4000mm, 280-420g<br \/>\u2022 Gewicht: 75 kg<br \/>\u2022 Tragf\u00e4higkeit: 350kg &#8211; Es ist wichtig, dass die Quertr\u00e4ger aus Metall sind, die strukturelle Mindesttragf\u00e4higkeit sollte mindestens 75kg betragen.<br \/>\u2022 Tragf\u00e4higkeit der Leiter: 150kg<br \/>\u2022 Das Zelt ist f\u00fcr 3-4 Personen geeignet<\/p>\n<p><strong>Mietpreis<\/strong>: <strong>15 000 HUF\/Tag (exkl. MwSt)<\/strong><strong>Mindestmietdauer<\/strong>: <strong>2 Tag<\/strong><strong>Kaution: 150 000 HUF<\/strong><\/p>\n<p>F\u00fcr l\u00e4ngere Zeitr\u00e4ume nach besonderer Vereinbarung.<\/p>\n<p>Kontakt:<br \/><strong>info@offroop.hu<\/strong><\/p>\n<p>[\/et_pb_text][\/et_pb_column][et_pb_column type=&#8220;1_2&#8243; _builder_version=&#8220;4.27.0&#8243; _module_preset=&#8220;default&#8220; global_colors_info=&#8220;{}&#8220;][lwp_image_carousel gallery_ids=&#8220;795,835&#8243; slides_show=&#8220;1&#8243; _builder_version=&#8220;4.27.0&#8243; _module_preset=&#8220;default&#8220; global_colors_info=&#8220;{}&#8220;][\/lwp_image_carousel][\/et_pb_column][\/et_pb_row][\/et_pb_section]<\/p>\n","protected":false},"excerpt":{"rendered":"<p>Mieten Wenn Sie das Dachzelt-Erlebnis erst einmal ausprobieren m\u00f6chten, bevor Sie es kaufen, oder wenn Sie nach den Hotels und Pensionen einfach mal etwas Neues ausprobieren m\u00f6chten, fragen Sie uns nach Mietoptionen. Sie k\u00f6nnen aus den folgenden Zelten w\u00e4hlen: Abenteuer ForTwo &#8211; f\u00fcr 2 Personen Adventure Family XL &#8211; f\u00fcr 4 Personen Abenteuer ForTwo &#8211; [&hellip;]<\/p>\n","protected":false},"author":1,"featured_media":0,"parent":0,"menu_order":0,"comment_status":"closed","ping_status":"closed","template":"","meta":{"_et_pb_use_builder":"on","_et_pb_old_content":"","_et_gb_content_width":"","footnotes":""},"class_list":["post-2053","page","type-page","status-publish","hentry"],"_links":{"self":[{"href":"https:\/\/offroop.hu\/de\/wp-json\/wp\/v2\/pages\/2053","targetHints":{"allow":["GET"]}}],"collection":[{"href":"https:\/\/offroop.hu\/de\/wp-json\/wp\/v2\/pages"}],"about":[{"href":"https:\/\/offroop.hu\/de\/wp-json\/wp\/v2\/types\/page"}],"author":[{"embeddable":true,"href":"https:\/\/offroop.hu\/de\/wp-json\/wp\/v2\/users\/1"}],"replies":[{"embeddable":true,"href":"https:\/\/offroop.hu\/de\/wp-json\/wp\/v2\/comments?post=2053"}],"version-history":[{"count":72,"href":"https:\/\/offroop.hu\/de\/wp-json\/wp\/v2\/pages\/2053\/revisions"}],"predecessor-version":[{"id":4834,"href":"https:\/\/offroop.hu\/de\/wp-json\/wp\/v2\/pages\/2053\/revisions\/4834"}],"wp:attachment":[{"href":"https:\/\/offroop.hu\/de\/wp-json\/wp\/v2\/media?parent=2053"}],"curies":[{"name":"wp","href":"https:\/\/api.w.org\/{rel}","templated":true}]}}