{"id":1719,"date":"2024-07-23T18:14:15","date_gmt":"2024-07-23T18:14:15","guid":{"rendered":"https:\/\/offroop.hu\/contact\/"},"modified":"2026-04-17T18:23:51","modified_gmt":"2026-04-17T18:23:51","slug":"contact","status":"publish","type":"page","link":"https:\/\/offroop.hu\/en\/contact\/","title":{"rendered":"Contact"},"content":{"rendered":"<p>[et_pb_section fb_built=&#8221;1&#8243; _builder_version=&#8221;4.25.2&#8243; _module_preset=&#8221;default&#8221; global_colors_info=&#8221;{}&#8221;][et_pb_row column_structure=&#8221;1_2,1_2&#8243; _builder_version=&#8221;4.25.2&#8243; _module_preset=&#8221;default&#8221; global_colors_info=&#8221;{}&#8221;][et_pb_column type=&#8221;1_2&#8243; _builder_version=&#8221;4.25.2&#8243; _module_preset=&#8221;default&#8221; global_colors_info=&#8221;{}&#8221;][et_pb_image src=&#8221;https:\/\/offroop.hu\/wp-content\/uploads\/2024\/07\/logo-scaled.webp&#8221; title_text=&#8221;logo&#8221; _builder_version=&#8221;4.25.2&#8243; _module_preset=&#8221;default&#8221; global_colors_info=&#8221;{}&#8221;][\/et_pb_image][et_pb_text _builder_version=&#8221;4.27.0&#8243; _module_preset=&#8221;default&#8221; hover_enabled=&#8221;0&#8243; global_colors_info=&#8221;{}&#8221; sticky_enabled=&#8221;0&#8243;]<\/p>\n<div class=\"sppb-col-md-6\" id=\"column-wrap-id-1678444325135\">\n<div id=\"column-id-1678444325135\" class=\"sppb-column\">\n<div class=\"sppb-column-addons\">\n<div id=\"sppb-addon-wrapper-1678444325143\" class=\"sppb-addon-wrapper\">\n<div id=\"sppb-addon-1678444325143\" class=\" sppb-wow fadeInLeft clearfix  sppb-animated\" data-sppb-wow-duration=\"300ms\">\n<div class=\"sppb-addon sppb-addon-text-block  \">\n<div class=\"sppb-addon-content\">\n<div>\n<div class=\"sppb-col-md-6\" id=\"column-wrap-id-1678444325135\">\n<div id=\"column-id-1678444325135\" class=\"sppb-column\">\n<div class=\"sppb-column-addons\">\n<div id=\"sppb-addon-wrapper-1678444325143\" class=\"sppb-addon-wrapper\">\n<div id=\"sppb-addon-1678444325143\" class=\" sppb-wow fadeInLeft clearfix  sppb-animated\" data-sppb-wow-duration=\"300ms\">\n<div class=\"sppb-addon sppb-addon-text-block  \">\n<div class=\"sppb-addon-content\">\n<div>\n<div id=\"sppb-addon-wrapper-1678444325143\" class=\"sppb-addon-wrapper\">\n<div id=\"sppb-addon-1678444325143\" class=\" sppb-wow fadeInLeft clearfix  sppb-animated\" data-sppb-wow-duration=\"300ms\">\n<div class=\"sppb-addon sppb-addon-text-block  \">\n<div class=\"sppb-addon-content\">\n<div>\n<div id=\"sppb-addon-wrapper-1678444325143\" class=\"sppb-addon-wrapper\">\n<div id=\"sppb-addon-1678444325143\" class=\" sppb-wow fadeInLeft clearfix  sppb-animated\" data-sppb-wow-duration=\"300ms\">\n<div class=\"sppb-addon sppb-addon-text-block  \">\n<div class=\"sppb-addon-content\">\n<p><span>Kapcsolattart\u00f3: Gyurkovics Mil\u00e1n<\/span><\/p>\n<p><span>Mobil:\u00a0<a href=\"tel:+36 20 328 1368\">+36 70 417 6577<\/a><\/span><br \/><span>E-mail: <a href=\"mailto:milan.gyurkovics@offroop.hu\">milan.gyurkovics@offroop.hu<\/a><br \/><\/span><span>\u00a0 \u00a0 \u00a0 \u00a0 \u00a0 \u00a0 \u00a0<a href=\"mailto:info@offroop.hu\">info@offroop.hu<\/a><\/span><br \/><span>Webc\u00edm:\u00a0<a href=\"http:\/\/www.offroop.hu\/\">www.offroop.hu<\/a><\/span><\/p>\n<p><span>C\u00e9gn\u00e9v: New Deal Service Kft.<\/span><br \/><span>C\u00edm:\u00a0<a href=\"https:\/\/maps.app.goo.gl\/1F4hCzzi8qDfDv7F8\">9086 T\u00f6lt\u00e9stava, S\u00f6pt\u00e9rpuszta 0184\/3.<\/a><\/span><br \/><span>Ad\u00f3sz\u00e1m: 25576520-2-03<br \/><\/span><\/p>\n<\/div>\n<\/div>\n<\/div>\n<\/div>\n<div id=\"sppb-addon-wrapper-1679387141397\" class=\"sppb-addon-wrapper\">\n<div id=\"sppb-addon-1679387141397\" class=\" sppb-wow fadeInLeft clearfix  sppb-animated\" data-sppb-wow-duration=\"300ms\">\n<div class=\"sppb-addon sppb-addon-text-block  \"><\/div>\n<\/div>\n<\/div>\n<\/div>\n<\/div>\n<\/div>\n<\/div>\n<\/div>\n<\/div>\n<\/div>\n<\/div>\n<\/div>\n<\/div>\n<\/div>\n<\/div>\n<\/div>\n<\/div>\n<\/div>\n<\/div>\n<\/div>\n<\/div>\n<\/div>\n<\/div>\n<\/div>\n<p>[\/et_pb_text][et_pb_contact_form email=&#8221;info@offroop.hu&#8221; custom_message=&#8221;Name: %%Name%%: %%Email%%: %%Message%%&#8221; _builder_version=&#8221;4.27.0&#8243; _module_preset=&#8221;default&#8221; _unique_id=&#8221;b320cd97-74e3-4ae6-86c8-def28d1429a4&#8243; global_colors_info=&#8221;{}&#8221;][et_pb_contact_field field_id=&#8221;Name&#8221; field_title=&#8221;Name&#8221; _builder_version=&#8221;4.16&#8243; global_colors_info=&#8221;{}&#8221; button_text_size__hover_enabled=&#8221;off&#8221; button_one_text_size__hover_enabled=&#8221;off&#8221; button_two_text_size__hover_enabled=&#8221;off&#8221; button_text_color__hover_enabled=&#8221;off&#8221; button_one_text_color__hover_enabled=&#8221;off&#8221; button_two_text_color__hover_enabled=&#8221;off&#8221; button_border_width__hover_enabled=&#8221;off&#8221; button_one_border_width__hover_enabled=&#8221;off&#8221; button_two_border_width__hover_enabled=&#8221;off&#8221; button_border_color__hover_enabled=&#8221;off&#8221; button_one_border_color__hover_enabled=&#8221;off&#8221; button_two_border_color__hover_enabled=&#8221;off&#8221; button_border_radius__hover_enabled=&#8221;off&#8221; button_one_border_radius__hover_enabled=&#8221;off&#8221; button_two_border_radius__hover_enabled=&#8221;off&#8221; button_letter_spacing__hover_enabled=&#8221;off&#8221; button_one_letter_spacing__hover_enabled=&#8221;off&#8221; button_two_letter_spacing__hover_enabled=&#8221;off&#8221; button_bg_color__hover_enabled=&#8221;off&#8221; button_one_bg_color__hover_enabled=&#8221;off&#8221; button_two_bg_color__hover_enabled=&#8221;off&#8221;][\/et_pb_contact_field][et_pb_contact_field field_id=&#8221;Email&#8221; field_title=&#8221;Email address&#8221; field_type=&#8221;email&#8221; _builder_version=&#8221;4.16&#8243; global_colors_info=&#8221;{}&#8221; button_text_size__hover_enabled=&#8221;off&#8221; button_one_text_size__hover_enabled=&#8221;off&#8221; button_two_text_size__hover_enabled=&#8221;off&#8221; button_text_color__hover_enabled=&#8221;off&#8221; button_one_text_color__hover_enabled=&#8221;off&#8221; button_two_text_color__hover_enabled=&#8221;off&#8221; button_border_width__hover_enabled=&#8221;off&#8221; button_one_border_width__hover_enabled=&#8221;off&#8221; button_two_border_width__hover_enabled=&#8221;off&#8221; button_border_color__hover_enabled=&#8221;off&#8221; button_one_border_color__hover_enabled=&#8221;off&#8221; button_two_border_color__hover_enabled=&#8221;off&#8221; button_border_radius__hover_enabled=&#8221;off&#8221; button_one_border_radius__hover_enabled=&#8221;off&#8221; button_two_border_radius__hover_enabled=&#8221;off&#8221; button_letter_spacing__hover_enabled=&#8221;off&#8221; button_one_letter_spacing__hover_enabled=&#8221;off&#8221; button_two_letter_spacing__hover_enabled=&#8221;off&#8221; button_bg_color__hover_enabled=&#8221;off&#8221; button_one_bg_color__hover_enabled=&#8221;off&#8221; button_two_bg_color__hover_enabled=&#8221;off&#8221;][\/et_pb_contact_field][et_pb_contact_field field_id=&#8221;Message&#8221; field_title=&#8221;Message to&#8221; field_type=&#8221;text&#8221; fullwidth_field=&#8221;on&#8221; _builder_version=&#8221;4.16&#8243; global_colors_info=&#8221;{}&#8221; button_text_size__hover_enabled=&#8221;off&#8221; button_one_text_size__hover_enabled=&#8221;off&#8221; button_two_text_size__hover_enabled=&#8221;off&#8221; button_text_color__hover_enabled=&#8221;off&#8221; button_one_text_color__hover_enabled=&#8221;off&#8221; button_two_text_color__hover_enabled=&#8221;off&#8221; button_border_width__hover_enabled=&#8221;off&#8221; button_one_border_width__hover_enabled=&#8221;off&#8221; button_two_border_width__hover_enabled=&#8221;off&#8221; button_border_color__hover_enabled=&#8221;off&#8221; button_one_border_color__hover_enabled=&#8221;off&#8221; button_two_border_color__hover_enabled=&#8221;off&#8221; button_border_radius__hover_enabled=&#8221;off&#8221; button_one_border_radius__hover_enabled=&#8221;off&#8221; button_two_border_radius__hover_enabled=&#8221;off&#8221; button_letter_spacing__hover_enabled=&#8221;off&#8221; button_one_letter_spacing__hover_enabled=&#8221;off&#8221; button_two_letter_spacing__hover_enabled=&#8221;off&#8221; button_bg_color__hover_enabled=&#8221;off&#8221; button_one_bg_color__hover_enabled=&#8221;off&#8221; button_two_bg_color__hover_enabled=&#8221;off&#8221;][\/et_pb_contact_field][\/et_pb_contact_form][\/et_pb_column][et_pb_column type=&#8221;1_2&#8243; _builder_version=&#8221;4.25.2&#8243; _module_preset=&#8221;default&#8221; global_colors_info=&#8221;{}&#8221;][lwp_image_carousel gallery_ids=&#8221;161,116,450,321,258,194,188,164,158,85,159,143,144&#8243; slides_show=&#8221;1&#8243; _builder_version=&#8221;4.27.0&#8243; _module_preset=&#8221;default&#8221; global_colors_info=&#8221;{}&#8221;][\/lwp_image_carousel][\/et_pb_column][\/et_pb_row][\/et_pb_section]<\/p>\n","protected":false},"excerpt":{"rendered":"<p>Kapcsolattart\u00f3: Gyurkovics Mil\u00e1n Mobil:\u00a0+36 70 417 6577E-mail: milan.gyurkovics@offroop.hu\u00a0 \u00a0 \u00a0 \u00a0 \u00a0 \u00a0 \u00a0info@offroop.huWebc\u00edm:\u00a0www.offroop.hu C\u00e9gn\u00e9v: New Deal Service Kft.C\u00edm:\u00a09086 T\u00f6lt\u00e9stava, S\u00f6pt\u00e9rpuszta 0184\/3.Ad\u00f3sz\u00e1m: 25576520-2-03 <div class=\"et_pb_module lwp_image_carousel lwp_image_carousel_0\">\n\t\t\t\t\n\t\t\t\t\n\t\t\t\t\n\t\t\t\t\n\t\t\t\t\n\t\t\t\t\n\t\t\t\t<div class=\"et_pb_module_inner\">\n\t\t\t\t\t\r\n\t\t\t<section class=\"lwp-slick-slider slider small-slider lwp-default-slider lwp-side-center\" data-slick='{ \"vertical\":false, \"slidesToShow\": 1, \"slidesToScroll\": 1, \"dots\":true, \"arrows\":true, \"infinite\":false, \"autoplay\":false, \"autoplaySpeed\":2000, \"pauseOnHover\":true, \"adaptiveHeight\":true, \"speed\":300, \"cssEase\":\"ease\", \"responsive\": [ { \"breakpoint\": 980, \"settings\": { \"slidesToShow\": 1, \"slidesToScroll\": 1, \"arrows\":true,\"dots\":true } } ,{ \"breakpoint\": 767, \"settings\": { \"slidesToShow\": 1, \"slidesToScroll\": 1, \"arrows\":true,\"dots\":true } } ] }'>\r\n\t\t\t\t<div><img decoding=\"async\" src=\"https:\/\/offroop.hu\/wp-content\/uploads\/2024\/07\/dji_fly_20230807_072538_700_1691386015686_photo_optimized.jpg\" alt=\"\" title=\"dji_fly_20230807_072538_700_1691386015686_photo_optimized\"><\/div><div><img decoding=\"async\" src=\"https:\/\/offroop.hu\/wp-content\/uploads\/2024\/07\/IMG20230516172601-1.jpg\" alt=\"\" title=\"IMG20230516172601\"><\/div><div><img decoding=\"async\" src=\"https:\/\/offroop.hu\/wp-content\/uploads\/2024\/07\/IMG20230320172207-1.jpg\" alt=\"\" title=\"IMG20230320172207\"><\/div><div><img decoding=\"async\" src=\"https:\/\/offroop.hu\/wp-content\/uploads\/2024\/07\/IMG20231110091212-1.jpg\" alt=\"\" title=\"IMG20231110091212\"><\/div><div><img decoding=\"async\" src=\"https:\/\/offroop.hu\/wp-content\/uploads\/2024\/07\/IMG20230521170654-1.jpg\" alt=\"\" title=\"IMG20230521170654\"><\/div><div><img decoding=\"async\" src=\"https:\/\/offroop.hu\/wp-content\/uploads\/2024\/07\/IMG20230315113417.jpg\" alt=\"\" title=\"IMG20230315113417\"><\/div><div><img decoding=\"async\" src=\"https:\/\/offroop.hu\/wp-content\/uploads\/2024\/07\/IMG_20240705_083440.jpg\" alt=\"\" title=\"IMG_20240705_083440\"><\/div><div><img decoding=\"async\" src=\"https:\/\/offroop.hu\/wp-content\/uploads\/2024\/07\/IMG_20240705_082624.jpg\" alt=\"\" title=\"IMG_20240705_082624\"><\/div><div><img decoding=\"async\" src=\"https:\/\/offroop.hu\/wp-content\/uploads\/2024\/07\/20240619_101930.jpg\" alt=\"\" title=\"20240619_101930\"><\/div><div><img decoding=\"async\" src=\"https:\/\/offroop.hu\/wp-content\/uploads\/2024\/07\/1fb1.jpg\" alt=\"\" title=\"1fb1\"><\/div><div><img decoding=\"async\" src=\"https:\/\/offroop.hu\/wp-content\/uploads\/2024\/07\/20240619_101957.jpg\" alt=\"\" title=\"20240619_101957\"><\/div><div><img decoding=\"async\" src=\"https:\/\/offroop.hu\/wp-content\/uploads\/2024\/07\/20240506_160810.jpg\" alt=\"\" title=\"20240506_160810\"><\/div><div><img decoding=\"async\" src=\"https:\/\/offroop.hu\/wp-content\/uploads\/2024\/07\/20240506_160820.jpg\" alt=\"\" title=\"20240506_160820\"><\/div>\r\n\t\t\t<\/section>\n\t\t\t\t<\/div>\n\t\t\t<\/div><\/p>\n","protected":false},"author":1,"featured_media":0,"parent":0,"menu_order":0,"comment_status":"closed","ping_status":"closed","template":"","meta":{"_et_pb_use_builder":"on","_et_pb_old_content":"","_et_gb_content_width":"","footnotes":""},"class_list":["post-1719","page","type-page","status-publish","hentry"],"_links":{"self":[{"href":"https:\/\/offroop.hu\/en\/wp-json\/wp\/v2\/pages\/1719","targetHints":{"allow":["GET"]}}],"collection":[{"href":"https:\/\/offroop.hu\/en\/wp-json\/wp\/v2\/pages"}],"about":[{"href":"https:\/\/offroop.hu\/en\/wp-json\/wp\/v2\/types\/page"}],"author":[{"embeddable":true,"href":"https:\/\/offroop.hu\/en\/wp-json\/wp\/v2\/users\/1"}],"replies":[{"embeddable":true,"href":"https:\/\/offroop.hu\/en\/wp-json\/wp\/v2\/comments?post=1719"}],"version-history":[{"count":59,"href":"https:\/\/offroop.hu\/en\/wp-json\/wp\/v2\/pages\/1719\/revisions"}],"predecessor-version":[{"id":4863,"href":"https:\/\/offroop.hu\/en\/wp-json\/wp\/v2\/pages\/1719\/revisions\/4863"}],"wp:attachment":[{"href":"https:\/\/offroop.hu\/en\/wp-json\/wp\/v2\/media?parent=1719"}],"curies":[{"name":"wp","href":"https:\/\/api.w.org\/{rel}","templated":true}]}}