{"id":2274,"date":"2024-07-25T16:58:36","date_gmt":"2024-07-25T16:58:36","guid":{"rendered":"https:\/\/offroop.hu\/roof-rack\/toyota-hiace\/"},"modified":"2026-04-03T15:14:58","modified_gmt":"2026-04-03T15:14:58","slug":"toyota-hiace","status":"publish","type":"page","link":"https:\/\/offroop.hu\/en\/roof-rack\/toyota-hiace\/","title":{"rendered":"Toyota HiAce"},"content":{"rendered":"<p>[et_pb_section fb_built=&#8221;1&#8243; _builder_version=&#8221;4.25.2&#8243; _module_preset=&#8221;default&#8221; global_colors_info=&#8221;{}&#8221;][et_pb_row column_structure=&#8221;1_2,1_2&#8243; _builder_version=&#8221;4.25.2&#8243; _module_preset=&#8221;default&#8221; global_colors_info=&#8221;{}&#8221;][et_pb_column type=&#8221;1_2&#8243; _builder_version=&#8221;4.25.2&#8243; _module_preset=&#8221;default&#8221; global_colors_info=&#8221;{}&#8221;][et_pb_image src=&#8221;https:\/\/offroop.hu\/wp-content\/uploads\/2024\/07\/logo-scaled.webp&#8221; title_text=&#8221;logo&#8221; _builder_version=&#8221;4.25.2&#8243; _module_preset=&#8221;default&#8221; width=&#8221;72.5%&#8221; global_colors_info=&#8221;{}&#8221;][\/et_pb_image][et_pb_text _builder_version=&#8221;4.27.0&#8243; _module_preset=&#8221;default&#8221; hover_enabled=&#8221;0&#8243; global_colors_info=&#8221;{}&#8221; sticky_enabled=&#8221;0&#8243;]<\/p>\n<div class=\"sppb-col-md-6\" id=\"column-wrap-id-1678444325135\">\n<div id=\"column-id-1678444325135\" class=\"sppb-column\">\n<div class=\"sppb-column-addons\">\n<div id=\"sppb-addon-wrapper-1678444325143\" class=\"sppb-addon-wrapper\">\n<div id=\"sppb-addon-1678444325143\" class=\" sppb-wow fadeInLeft clearfix  sppb-animated\" data-sppb-wow-duration=\"300ms\">\n<div class=\"sppb-addon sppb-addon-text-block  \">\n<div class=\"sppb-addon-content\">\n<div>\n<div class=\"sppb-col-md-6\" id=\"column-wrap-id-1678444325135\">\n<div id=\"column-id-1678444325135\" class=\"sppb-column\">\n<div class=\"sppb-column-addons\">\n<div id=\"sppb-addon-wrapper-1678444325143\" class=\"sppb-addon-wrapper\">\n<div id=\"sppb-addon-1678444325143\" class=\" sppb-wow fadeInLeft clearfix  sppb-animated\" data-sppb-wow-duration=\"300ms\">\n<div class=\"sppb-addon sppb-addon-text-block  \">\n<div class=\"sppb-addon-content\">\n<div>\n<p><span>Az OFF-ROOP tet\u0151csomagtart\u00f3i magyar tervez\u00e9s \u00e1ltal 100%-ban Magyarorsz\u00e1gon k\u00e9sz\u00fclnek.<\/span><\/p>\n<p><span>Az oldalfalak 3 mm, a homloklemez, a h\u00e1tfal \u00e9s a tet\u0151panelek 2 mm vastag ac\u00e9lb\u00f3l k\u00e9sz\u00fclnek alapesetben. Megrendel\u0151i ig\u00e9ny eset\u00e9n m\u00e1s lemezvastags\u00e1g \u00e9s anyagmin\u0151s\u00e9g is k\u00e9rhet\u0151.<br \/>Az alum\u00ednium kereszttart\u00f3k lehet\u0151s\u00e9get biztos\u00edtanak b\u00e1rmilyen kieg\u00e9sz\u00edt\u0151 tart\u00f3 felszerel\u00e9s\u00e9re, ezek elhelyez\u00e9se szabadon vari\u00e1lhat\u00f3.<br \/><\/span><\/p>\n<p><span>A tet\u0151csomagtart\u00f3 tet\u0151panelekkel \u00e9s an\u00e9lk\u00fcl is k\u00e9rhet\u0151.<\/span><\/p>\n<p><span>Sz\u00e9tszerelt \u00e1llapotban k\u00f6nnyen sz\u00e1ll\u00edthat\u00f3 \u00e9s k\u00fcl\u00f6nleges szersz\u00e1m n\u00e9lk\u00fcl otthon is \u00f6sszeszerelhet\u0151.<\/span><\/p>\n<p><span>Tetej\u00e9n b\u00e1rmilyen tet\u0151s\u00e1tor \u00e9s exped\u00edci\u00f3s felszerel\u00e9s elhelyezhet\u0151.<\/span><\/p>\n<p><span>A korr\u00f3zi\u00f3v\u00e9delemr\u0151l porfest\u00e9s vagy f\u00e9nyez\u00e9s gondoskodik. Alapsz\u00edne fekete, de fel\u00e1r ellen\u00e9ben b\u00e1rmilyen RAL sz\u00edn \u00e9s k\u00fcl\u00f6nleges fest\u00e9s (pl. Raptor) is k\u00e9rhet\u0151.<\/span><\/p>\n<p><span>Teherb\u00edr\u00e1sa: Az aut\u00f3 gy\u00e1rt\u00f3ja \u00e1ltal el\u0151\u00edrt maxim\u00e1lis terhel\u00e9s a j\u00e1rm\u0171 tetej\u00e9n.<\/span><\/p>\n<p><span>Amennyiben a term\u00e9k nincs k\u00e9szleten gy\u00e1rt\u00e1si ideje 3-4 h\u00e9t.<\/span><\/p>\n<p><span><strong>K\u00e9rd\u00e9s vagy megrendel\u00e9s eset\u00e9n<\/strong> keress minket az al\u00e1bbi e-mail c\u00edmen:<\/span><\/p>\n<p><span><strong>milan.gyurkovics@offroop.hu<\/strong><\/span><\/p>\n<\/div>\n<\/div>\n<\/div>\n<\/div>\n<\/div>\n<\/div>\n<\/div>\n<\/div>\n<\/div>\n<\/div>\n<\/div>\n<\/div>\n<\/div>\n<\/div>\n<\/div>\n<\/div>\n<p>[\/et_pb_text][\/et_pb_column][et_pb_column type=&#8221;1_2&#8243; _builder_version=&#8221;4.25.2&#8243; _module_preset=&#8221;default&#8221; global_colors_info=&#8221;{}&#8221;][lwp_image_carousel gallery_ids=&#8221;321,326,325,318,316,312&#8243; slides_show=&#8221;1&#8243; _builder_version=&#8221;4.25.2&#8243; _module_preset=&#8221;default&#8221; global_colors_info=&#8221;{}&#8221;][\/lwp_image_carousel][\/et_pb_column][\/et_pb_row][\/et_pb_section]<\/p>\n","protected":false},"excerpt":{"rendered":"<p>Az OFF-ROOP tet\u0151csomagtart\u00f3i magyar tervez\u00e9s \u00e1ltal 100%-ban Magyarorsz\u00e1gon k\u00e9sz\u00fclnek. Az oldalfalak 3 mm, a homloklemez, a h\u00e1tfal \u00e9s a tet\u0151panelek 2 mm vastag ac\u00e9lb\u00f3l k\u00e9sz\u00fclnek alapesetben. Megrendel\u0151i ig\u00e9ny eset\u00e9n m\u00e1s lemezvastags\u00e1g \u00e9s anyagmin\u0151s\u00e9g is k\u00e9rhet\u0151.Az alum\u00ednium kereszttart\u00f3k lehet\u0151s\u00e9get biztos\u00edtanak b\u00e1rmilyen kieg\u00e9sz\u00edt\u0151 tart\u00f3 felszerel\u00e9s\u00e9re, ezek elhelyez\u00e9se szabadon vari\u00e1lhat\u00f3. A tet\u0151csomagtart\u00f3 tet\u0151panelekkel \u00e9s an\u00e9lk\u00fcl is k\u00e9rhet\u0151. Sz\u00e9tszerelt [&hellip;]<\/p>\n","protected":false},"author":1,"featured_media":0,"parent":1749,"menu_order":0,"comment_status":"closed","ping_status":"closed","template":"","meta":{"_et_pb_use_builder":"on","_et_pb_old_content":"","_et_gb_content_width":"","footnotes":""},"class_list":["post-2274","page","type-page","status-publish","hentry"],"_links":{"self":[{"href":"https:\/\/offroop.hu\/en\/wp-json\/wp\/v2\/pages\/2274","targetHints":{"allow":["GET"]}}],"collection":[{"href":"https:\/\/offroop.hu\/en\/wp-json\/wp\/v2\/pages"}],"about":[{"href":"https:\/\/offroop.hu\/en\/wp-json\/wp\/v2\/types\/page"}],"author":[{"embeddable":true,"href":"https:\/\/offroop.hu\/en\/wp-json\/wp\/v2\/users\/1"}],"replies":[{"embeddable":true,"href":"https:\/\/offroop.hu\/en\/wp-json\/wp\/v2\/comments?post=2274"}],"version-history":[{"count":7,"href":"https:\/\/offroop.hu\/en\/wp-json\/wp\/v2\/pages\/2274\/revisions"}],"predecessor-version":[{"id":3356,"href":"https:\/\/offroop.hu\/en\/wp-json\/wp\/v2\/pages\/2274\/revisions\/3356"}],"up":[{"embeddable":true,"href":"https:\/\/offroop.hu\/en\/wp-json\/wp\/v2\/pages\/1749"}],"wp:attachment":[{"href":"https:\/\/offroop.hu\/en\/wp-json\/wp\/v2\/media?parent=2274"}],"curies":[{"name":"wp","href":"https:\/\/api.w.org\/{rel}","templated":true}]}}